{"id":103967,"date":"2026-03-03T08:21:08","date_gmt":"2026-03-03T08:21:08","guid":{"rendered":"https:\/\/e.kosmolat.eu\/product\/famirel-anti-redness-busteris-30-ml\/"},"modified":"2026-04-22T12:54:10","modified_gmt":"2026-04-22T12:54:10","slug":"famirel-anti-redness-busteris-30-ml","status":"publish","type":"product","link":"https:\/\/e.kosmolat.eu\/lv\/product\/famirel-anti-redness-busteris-30-ml\/","title":{"rendered":"Famirel Anti-redness b\u016bsteris, 30 ml"},"content":{"rendered":"<p>Nomierina un baro \u0101du.<br \/>\nCALM SKIN BOOSTER ir \u012bpa\u0161i izstr\u0101d\u0101ts, lai nomierin\u0101tu kairin\u0101tu \u0101du, sniedzot atvieglojumu un dzi\u013cu baro\u0161anu. \u0160is pastiprin\u0101t\u0101js ir ide\u0101ls cilv\u0113kiem ar jut\u012bgu vai viegli rea\u0123\u0113jo\u0161u \u0101du, pied\u0101v\u0101jot akt\u012bvo sast\u0101vda\u013cu kombin\u0101ciju, kas darbojas kop\u0101, lai atjaunotu l\u012bdzsvaru un komfortu.<br \/>\nGalven\u0101s sast\u0101vda\u013cas:<br \/>\nGur\u0137u ekstrakts: paz\u012bstams ar sav\u0101m nomierino\u0161aj\u0101m un atsvaidzino\u0161aj\u0101m \u012bpa\u0161\u012bb\u0101m. Pal\u012bdz nomierin\u0101t iekaisu\u0161u \u0101du, samazina piet\u016bkumu un mitrina \u0101du, padarot to maigu un atjaunotu.<br \/>\nP\u0113ters\u012b\u013cu ekstrakts: bag\u0101ts ar vitam\u012bniem un antioksidantiem. Pal\u012bdz att\u012br\u012bt \u0101du, samazina aps\u0101rtumu un veicina skaidr\u0101ku, vienm\u0113r\u012bg\u0101ku \u0101das toni.<br \/>\nKvie\u0161u d\u012bg\u013cu e\u013c\u013ca: bag\u0101ta ar tauksk\u0101b\u0113m un E vitam\u012bnu. Baro un mitrina \u0101du, pal\u012bdzot atjaunot t\u0101s dabisko barjeru un uzlabot elast\u012bbu.<br \/>\nAlvejas ekstrakts: paz\u012bstams ar sav\u0101m mitrino\u0161aj\u0101m \u012bpa\u0161\u012bb\u0101m. Nomierina kairin\u0101tu \u0101du, nodro\u0161ina dzi\u013cu mitrin\u0101\u0161anu, veicinot mier\u012bgu \u0101das toni.<br \/>\nKumel\u012bte: paz\u012bstama ar savu nomierino\u0161o iedarb\u012bbu uz \u0101du. Pal\u012bdz nomierin\u0101t aps\u0101rtumu, kairin\u0101jumu un jut\u012bgumu, padarot \u0101du komfortablu un atsl\u0101bin\u0101tu.<\/p>\n<p>Lieto\u0161ana: Uzkl\u0101jiet uz t\u012bras, sausas \u0101das. Uzpiliniet 2\u20133 pilienus CALM SKIN BOOSTER uz pirksta gali\u0146a. Viegli iemas\u0113jiet l\u012bdzekli \u0101d\u0101, piev\u0113r\u0161ot uzman\u012bbu viet\u0101m, kas ir pak\u013cautas kairin\u0101jumiem vai jut\u012bgumam. \u013baujiet l\u012bdzeklim piln\u012bb\u0101 ies\u016bkties, pirms uzkl\u0101jiet mitrino\u0161o kr\u0113mu vai saules aizsargkr\u0113mu. Lai sasniegtu lab\u0101kus rezult\u0101tus, lietojiet no r\u012bta un vakar\u0101. Izm\u0113\u0123iniet CALM SKIN BOOSTER nomierino\u0161o un barojo\u0161o iedarb\u012bbu un baudiet mier\u012bgu, izl\u012bdzin\u0101tu un starojo\u0161u sejas \u0101du.<\/p>\n<p>Br\u012bdin\u0101jums: Lietojiet atbilsto\u0161i aprakstam, iev\u0113rojot lieto\u0161anas instrukcijas. Nelietojiet iek\u0161\u0137\u012bgi. Izvairieties no saskares ar ac\u012bm. Glab\u0101jiet b\u0113rniem nepieejam\u0101 viet\u0101. Nelietojiet produktu, ja ir zin\u0101ma paaugstin\u0101ta jut\u012bba pret k\u0101du no sast\u0101vda\u013c\u0101m. Ja rodas kairin\u0101jums, nekav\u0113joties p\u0101rtrauciet \u0161\u012b kosm\u0113tikas produkta lieto\u0161anu. Nesatur parab\u0113nus.<\/p>\n","protected":false},"excerpt":{"rendered":"<p>Nomierina un baro \u0101du. CALM SKIN BOOSTER ir \u012bpa\u0161i izstr\u0101d\u0101ts, lai nomierin\u0101tu kairin\u0101tu \u0101du, sniedzot atvieglojumu un dzi\u013cu baro\u0161anu. \u0160is pastiprin\u0101t\u0101js ir ide\u0101ls cilv\u0113kiem ar jut\u012bgu vai viegli rea\u0123\u0113jo\u0161u \u0101du, pied\u0101v\u0101jot akt\u012bvo sast\u0101vda\u013cu kombin\u0101ciju, kas darbojas kop\u0101, lai atjaunotu l\u012bdzsvaru un komfortu. Galven\u0101s sast\u0101vda\u013cas: Gur\u0137u ekstrakts: paz\u012bstams ar sav\u0101m nomierino\u0161aj\u0101m un atsvaidzino\u0161aj\u0101m \u012bpa\u0161\u012bb\u0101m. Pal\u012bdz nomierin\u0101t [&#8230;]\n","protected":false},"featured_media":105068,"template":"","meta":[],"product_cat":[1328],"product_tag":[],"class_list":{"0":"post-103967","1":"product","2":"type-product","3":"status-publish","4":"has-post-thumbnail","6":"product_brand-famirel-il","7":"product_cat-1328","9":"first","10":"outofstock","11":"taxable","12":"shipping-taxable","13":"product-type-simple"},"_links":{"self":[{"href":"https:\/\/e.kosmolat.eu\/lv\/wp-json\/wp\/v2\/product\/103967","targetHints":{"allow":["GET"]}}],"collection":[{"href":"https:\/\/e.kosmolat.eu\/lv\/wp-json\/wp\/v2\/product"}],"about":[{"href":"https:\/\/e.kosmolat.eu\/lv\/wp-json\/wp\/v2\/types\/product"}],"wp:featuredmedia":[{"embeddable":true,"href":"https:\/\/e.kosmolat.eu\/lv\/wp-json\/wp\/v2\/media\/105068"}],"wp:attachment":[{"href":"https:\/\/e.kosmolat.eu\/lv\/wp-json\/wp\/v2\/media?parent=103967"}],"wp:term":[{"taxonomy":"product_cat","embeddable":true,"href":"https:\/\/e.kosmolat.eu\/lv\/wp-json\/wp\/v2\/product_cat?post=103967"},{"taxonomy":"product_tag","embeddable":true,"href":"https:\/\/e.kosmolat.eu\/lv\/wp-json\/wp\/v2\/product_tag?post=103967"}],"curies":[{"name":"wp","href":"https:\/\/api.w.org\/{rel}","templated":true}]}}