{"id":103963,"date":"2026-03-03T08:20:55","date_gmt":"2026-03-03T08:20:55","guid":{"rendered":"https:\/\/e.kosmolat.eu\/product\/famirel-pretgrumbu-busteris-30-ml\/"},"modified":"2026-04-09T05:55:19","modified_gmt":"2026-04-09T05:55:19","slug":"famirel-pretgrumbu-busteris-30-ml","status":"publish","type":"product","link":"https:\/\/e.kosmolat.eu\/lv\/product\/famirel-pretgrumbu-busteris-30-ml\/","title":{"rendered":"Famirel Pretgrumbu b\u016bsteris, 30 ml"},"content":{"rendered":"<p>Atkl\u0101jiet nosl\u0113pumu jaunekl\u012bgai, starojo\u0161ai \u0101dai ar m\u016bsu uzlaboto Aging Control Booster. \u0160\u012b sp\u0113c\u012bg\u0101 formula ir bag\u0101tin\u0101ta ar iedarb\u012bg\u0101m sast\u0101vda\u013c\u0101m, kas paredz\u0113tas, lai c\u012bn\u012btos pret noveco\u0161an\u0101s paz\u012bm\u0113m un atjaunotu j\u016bsu sejas \u0101du.<br \/>\nGalven\u0101s sast\u0101vda\u013cas:<br \/>\nPantenols: provitam\u012bns, kas dzi\u013ci mitrina un nomierina \u0101du, veicinot t\u0101s maigumu un elast\u012bbu.<br \/>\nHialuronsk\u0101be: sp\u0113c\u012bgs mitruma saglab\u0101t\u0101js, kas piepilda \u0101du, samazinot smalko l\u012bniju un grumbu par\u0101d\u012b\u0161anos.<br \/>\nAcetilheksapept\u012bds-8: paz\u012bstams ar savu sp\u0113ju atsl\u0101bin\u0101t sejas musku\u013cus, \u0161is pept\u012bds pal\u012bdz samazin\u0101t izteiksmes l\u012bniju par\u0101d\u012b\u0161anos, nodro\u0161inot glud\u0101ku, jaunekl\u012bg\u0101ku izskatu.<br \/>\nV\u012bnogu s\u0113klu e\u013c\u013ca: bag\u0101ta ar antioksidantiem, t\u0101 aizsarg\u0101 \u0101du no vides kait\u012bg\u0101s ietekmes, baro un uzlabo \u0101das tekst\u016bru.<br \/>\nIek\u013caujiet \u0161o pastiprin\u0101t\u0101ju sav\u0101 ikdienas \u0101das kop\u0161anas rut\u012bn\u0101, lai nostiprin\u0101tu, mitrin\u0101tu un atjaunotu \u0101du.<\/p>\n<p>Lieto\u0161ana: Uzkl\u0101jiet uz t\u012bras \u0101das no r\u012bta un vakar\u0101 pirms mitrin\u0101\u0161anas, lai ieg\u016btu glud\u0101ku un jaunekl\u012bg\u0101ku sejas \u0101du.<\/p>\n<p>Br\u012bdin\u0101jums: Lietojiet atbilsto\u0161i aprakstam, iev\u0113rojot lieto\u0161anas instrukcijas. Nelietojiet iek\u0161\u0137\u012bgi. Izvairieties no saskares ar ac\u012bm. Glab\u0101jiet b\u0113rniem nepieejam\u0101 viet\u0101. Nelietojiet produktu, ja ir zin\u0101ma paaugstin\u0101ta jut\u012bba pret k\u0101du no sast\u0101vda\u013c\u0101m. Ja rodas kairin\u0101jums, nekav\u0113joties p\u0101rtrauciet \u0161\u012b kosm\u0113tikas produkta lieto\u0161anu. Nesatur parab\u0113nus.<\/p>\n","protected":false},"excerpt":{"rendered":"<p>Atkl\u0101jiet nosl\u0113pumu jaunekl\u012bgai, starojo\u0161ai \u0101dai ar m\u016bsu uzlaboto Aging Control Booster. \u0160\u012b sp\u0113c\u012bg\u0101 formula ir bag\u0101tin\u0101ta ar iedarb\u012bg\u0101m sast\u0101vda\u013c\u0101m, kas paredz\u0113tas, lai c\u012bn\u012btos pret noveco\u0161an\u0101s paz\u012bm\u0113m un atjaunotu j\u016bsu sejas \u0101du. Galven\u0101s sast\u0101vda\u013cas: Pantenols: provitam\u012bns, kas dzi\u013ci mitrina un nomierina \u0101du, veicinot t\u0101s maigumu un elast\u012bbu. Hialuronsk\u0101be: sp\u0113c\u012bgs mitruma saglab\u0101t\u0101js, kas piepilda \u0101du, samazinot smalko [&#8230;]\n","protected":false},"featured_media":105064,"template":"","meta":[],"product_cat":[1999],"product_tag":[],"class_list":{"0":"post-103963","1":"product","2":"type-product","3":"status-publish","4":"has-post-thumbnail","6":"product_brand-famirel-il","7":"product_cat-bez-kategorijas","9":"first","10":"outofstock","11":"taxable","12":"shipping-taxable","13":"product-type-simple"},"_links":{"self":[{"href":"https:\/\/e.kosmolat.eu\/lv\/wp-json\/wp\/v2\/product\/103963","targetHints":{"allow":["GET"]}}],"collection":[{"href":"https:\/\/e.kosmolat.eu\/lv\/wp-json\/wp\/v2\/product"}],"about":[{"href":"https:\/\/e.kosmolat.eu\/lv\/wp-json\/wp\/v2\/types\/product"}],"wp:featuredmedia":[{"embeddable":true,"href":"https:\/\/e.kosmolat.eu\/lv\/wp-json\/wp\/v2\/media\/105064"}],"wp:attachment":[{"href":"https:\/\/e.kosmolat.eu\/lv\/wp-json\/wp\/v2\/media?parent=103963"}],"wp:term":[{"taxonomy":"product_cat","embeddable":true,"href":"https:\/\/e.kosmolat.eu\/lv\/wp-json\/wp\/v2\/product_cat?post=103963"},{"taxonomy":"product_tag","embeddable":true,"href":"https:\/\/e.kosmolat.eu\/lv\/wp-json\/wp\/v2\/product_tag?post=103963"}],"curies":[{"name":"wp","href":"https:\/\/api.w.org\/{rel}","templated":true}]}}