{"id":103884,"date":"2026-02-12T17:20:37","date_gmt":"2026-02-12T17:20:37","guid":{"rendered":"https:\/\/e.kosmolat.eu\/product\/after-shave-gentle-cream-for-men-100ml\/"},"modified":"2026-03-31T21:51:41","modified_gmt":"2026-03-31T21:51:41","slug":"famirel-krems-pec-skusanas-100-ml","status":"publish","type":"product","link":"https:\/\/e.kosmolat.eu\/lv\/product\/famirel-krems-pec-skusanas-100-ml\/","title":{"rendered":"Famirel Kr\u0113ms p\u0113c sk\u016b\u0161an\u0101s, 100 ml"},"content":{"rendered":"<p>P\u0113c sk\u016b\u0161an\u0101s kr\u0113ms ar maigu, ilgsto\u0161u atsvaidzino\u0161u arom\u0101tu satur augu e\u013c\u013cas, kas m\u012bkstina un baro \u0101du. Kumel\u012b\u0161u, alvejas un gur\u0137u augu ekstrakti pal\u012bdz nomierin\u0101t \u0101du un nov\u0113rst aps\u0101rtumu p\u0113c sk\u016b\u0161an\u0101s. Kr\u0113ma vieglais sast\u0101vs \u0101tri uzs\u016bcas, padarot \u0101du maigu, gludu un atsvaidzino\u0161u \u2014 ide\u0101ls p\u0113csk\u016b\u0161an\u0101s l\u012bdzeklis.<\/p>\n<p>Lieto\u0161ana:<br \/>\nUzkl\u0101jiet pietiekamu daudzumu un iemas\u0113jiet \u0101d\u0101, l\u012bdz kr\u0113ms piln\u012bb\u0101 uzs\u016bcas.<\/p>\n<p>Br\u012bdin\u0101jums<br \/>\n\u2022 Lietojiet atbilsto\u0161i aprakstam, iev\u0113rojot lieto\u0161anas instrukcijas.<br \/>\n\u2022 Nelietojiet iek\u0161\u0137\u012bgi.<br \/>\n\u2022 Izvairieties no saskares ar ac\u012bm.<br \/>\n\u2022 Glab\u0101jiet b\u0113rniem nepieejam\u0101 viet\u0101.<br \/>\n\u2022 Nelietojiet produktu, ja ir zin\u0101ma paaugstin\u0101ta jut\u012bba pret k\u0101du no sast\u0101vda\u013c\u0101m.<br \/>\nJa rodas kairin\u0101jums, nekav\u0113joties p\u0101rtrauciet \u0161\u012b kosm\u0113tikas produkta lieto\u0161anu.<\/p>\n","protected":false},"excerpt":{"rendered":"<p>P\u0113c sk\u016b\u0161an\u0101s kr\u0113ms ar maigu, ilgsto\u0161u atsvaidzino\u0161u arom\u0101tu satur augu e\u013c\u013cas, kas m\u012bkstina un baro \u0101du. Kumel\u012b\u0161u, alvejas un gur\u0137u augu ekstrakti pal\u012bdz nomierin\u0101t \u0101du un nov\u0113rst aps\u0101rtumu p\u0113c sk\u016b\u0161an\u0101s. Kr\u0113ma vieglais sast\u0101vs \u0101tri uzs\u016bcas, padarot \u0101du maigu, gludu un atsvaidzino\u0161u \u2014 ide\u0101ls p\u0113csk\u016b\u0161an\u0101s l\u012bdzeklis. Lieto\u0161ana: Uzkl\u0101jiet pietiekamu daudzumu un iemas\u0113jiet \u0101d\u0101, l\u012bdz kr\u0113ms piln\u012bb\u0101 [&#8230;]\n","protected":false},"featured_media":104516,"template":"","meta":[],"product_cat":[1680],"product_tag":[],"class_list":{"0":"post-103884","1":"product","2":"type-product","3":"status-publish","4":"has-post-thumbnail","6":"product_brand-famirel-il","7":"product_cat-skusanas-kosmetika","9":"first","10":"outofstock","11":"taxable","12":"shipping-taxable","13":"product-type-simple"},"_links":{"self":[{"href":"https:\/\/e.kosmolat.eu\/lv\/wp-json\/wp\/v2\/product\/103884","targetHints":{"allow":["GET"]}}],"collection":[{"href":"https:\/\/e.kosmolat.eu\/lv\/wp-json\/wp\/v2\/product"}],"about":[{"href":"https:\/\/e.kosmolat.eu\/lv\/wp-json\/wp\/v2\/types\/product"}],"wp:featuredmedia":[{"embeddable":true,"href":"https:\/\/e.kosmolat.eu\/lv\/wp-json\/wp\/v2\/media\/104516"}],"wp:attachment":[{"href":"https:\/\/e.kosmolat.eu\/lv\/wp-json\/wp\/v2\/media?parent=103884"}],"wp:term":[{"taxonomy":"product_cat","embeddable":true,"href":"https:\/\/e.kosmolat.eu\/lv\/wp-json\/wp\/v2\/product_cat?post=103884"},{"taxonomy":"product_tag","embeddable":true,"href":"https:\/\/e.kosmolat.eu\/lv\/wp-json\/wp\/v2\/product_tag?post=103884"}],"curies":[{"name":"wp","href":"https:\/\/api.w.org\/{rel}","templated":true}]}}