{"id":103878,"date":"2026-02-11T18:50:51","date_gmt":"2026-02-11T18:50:51","guid":{"rendered":"https:\/\/e.kosmolat.eu\/?post_type=product&#038;p=103878"},"modified":"2026-03-30T04:07:28","modified_gmt":"2026-03-30T04:07:28","slug":"famirel-3-in-1-dusas-zeleja-viriesiem-spicy-lemon-500-ml","status":"publish","type":"product","link":"https:\/\/e.kosmolat.eu\/lv\/product\/famirel-3-in-1-dusas-zeleja-viriesiem-spicy-lemon-500-ml\/","title":{"rendered":"Famirel 3-in-1 du\u0161as \u017eeleja v\u012brie\u0161iem Spicy Lemon, 500 ml"},"content":{"rendered":"<p>Formulated to cleanse, hydrate, and refresh, it\u2019s perfect for your body, face, and hair. Its energizing scent invigorates your senses, while the gentle yet effective formula leaves skin smooth, hair clean, and you feeling revitalized.<br \/>\nIdeal for daily use, this all-in-one solution delivers convenience without compromise. <\/p>\n<p>How to use:<br \/>\nWet your skin and hair with warm water. Apply a suitable amount of shower gel to your hands or a loofah. Gently massage onto your body, face, and hair until a rich lather forms. Rinse thoroughly with water. Suitable for daily use.<\/p>\n<p>Warning<br \/>\n\u2022 Apply as described while following the direction of use.<br \/>\n\u2022 Do not swallow.<br \/>\n\u2022 Avoid contact with eyes.<br \/>\n\u2022 Keep out of reach of children.<br \/>\n\u2022 Do not use the product if there is a known sensitivity to one of the ingredients.<br \/>\n\u2022 The use of this cosmetics product should be stopped immediately if any irritation occurs.<\/p>\n","protected":false},"excerpt":{"rendered":"<p>Formulated to cleanse, hydrate, and refresh, it\u2019s perfect for your body, face, and hair. Its energizing scent invigorates your senses, while the gentle yet effective formula leaves skin smooth, hair clean, and you feeling revitalized. Ideal for daily use, this all-in-one solution delivers convenience without compromise. How to use: Wet your skin and hair with [&#8230;]\n","protected":false},"featured_media":0,"template":"","meta":[],"product_cat":[1686],"product_tag":[],"class_list":{"0":"post-103878","1":"product","2":"type-product","3":"status-publish","5":"product_brand-famirel-il","6":"product_cat-matu-kopsanai","8":"first","9":"outofstock","10":"taxable","11":"shipping-taxable","12":"product-type-simple"},"_links":{"self":[{"href":"https:\/\/e.kosmolat.eu\/lv\/wp-json\/wp\/v2\/product\/103878","targetHints":{"allow":["GET"]}}],"collection":[{"href":"https:\/\/e.kosmolat.eu\/lv\/wp-json\/wp\/v2\/product"}],"about":[{"href":"https:\/\/e.kosmolat.eu\/lv\/wp-json\/wp\/v2\/types\/product"}],"wp:attachment":[{"href":"https:\/\/e.kosmolat.eu\/lv\/wp-json\/wp\/v2\/media?parent=103878"}],"wp:term":[{"taxonomy":"product_cat","embeddable":true,"href":"https:\/\/e.kosmolat.eu\/lv\/wp-json\/wp\/v2\/product_cat?post=103878"},{"taxonomy":"product_tag","embeddable":true,"href":"https:\/\/e.kosmolat.eu\/lv\/wp-json\/wp\/v2\/product_tag?post=103878"}],"curies":[{"name":"wp","href":"https:\/\/api.w.org\/{rel}","templated":true}]}}