{"id":103874,"date":"2026-02-11T18:35:54","date_gmt":"2026-02-11T18:35:54","guid":{"rendered":"https:\/\/e.kosmolat.eu\/?post_type=product&#038;p=103874"},"modified":"2026-03-31T21:51:15","modified_gmt":"2026-03-31T21:51:15","slug":"famirel-dead-sea-bardas-ellas-serums-30-ml","status":"publish","type":"product","link":"https:\/\/e.kosmolat.eu\/lv\/product\/famirel-dead-sea-bardas-ellas-serums-30-ml\/","title":{"rendered":"Famirel Dead Sea B\u0101rdas e\u013c\u013cas serums, 30 ml"},"content":{"rendered":"<p>Augst\u0101k\u0101s kvalit\u0101tes b\u0101rdas e\u013c\u013cas serums mitrina un m\u012bkstina, veicina vesel\u012bgu aug\u0161anu, nomierina \u0101du un nov\u0113r\u0161 niezi.<br \/>\nSatur marulas e\u013c\u013cu dzi\u013cai mitrin\u0101\u0161anai, ingvera ekstraktu aug\u0161anas stimul\u0113\u0161anai, piparm\u0113tru ekstraktu atsvaidzino\u0161am un atv\u0113sino\u0161am efektam, k\u0101 ar\u012b E vitam\u012bnu aizsardz\u012bbai un stiprin\u0101\u0161anai.<br \/>\nViegls, netaukains un ide\u0101li piem\u0113rots ikdienas lieto\u0161anai \u2014 jo j\u016bsu b\u0101rda ir peln\u012bjusi to lab\u0101ko!<\/p>\n<p>Lieto\u0161ana:<br \/>\nUzkl\u0101jiet 3\u20135 pilienus uz plaukst\u0101m, iemas\u0113jiet b\u0101rd\u0101 un \u0101d\u0101. Lai sasniegtu lab\u0101kus rezult\u0101tus, lietojiet katru dienu.<\/p>\n<p>Br\u012bdin\u0101jums<br \/>\n\u2022 Lietojiet atbilsto\u0161i aprakstam, iev\u0113rojot lieto\u0161anas instrukcijas.<br \/>\n\u2022 Nelietojiet iek\u0161\u0137\u012bgi.<br \/>\n\u2022 Izvairieties no saskares ar ac\u012bm.<br \/>\n\u2022 Glab\u0101jiet b\u0113rniem nepieejam\u0101 viet\u0101.<br \/>\n\u2022 Nelietojiet produktu, ja ir zin\u0101ma paaugstin\u0101ta jut\u012bba pret k\u0101du no sast\u0101vda\u013c\u0101m.<br \/>\nJa rodas kairin\u0101jums, nekav\u0113joties p\u0101rtrauciet \u0161\u012b kosm\u0113tikas produkta lieto\u0161anu.<\/p>\n","protected":false},"excerpt":{"rendered":"<p>Augst\u0101k\u0101s kvalit\u0101tes b\u0101rdas e\u013c\u013cas serums mitrina un m\u012bkstina, veicina vesel\u012bgu aug\u0161anu, nomierina \u0101du un nov\u0113r\u0161 niezi. Satur marulas e\u013c\u013cu dzi\u013cai mitrin\u0101\u0161anai, ingvera ekstraktu aug\u0161anas stimul\u0113\u0161anai, piparm\u0113tru ekstraktu atsvaidzino\u0161am un atv\u0113sino\u0161am efektam, k\u0101 ar\u012b E vitam\u012bnu aizsardz\u012bbai un stiprin\u0101\u0161anai. Viegls, netaukains un ide\u0101li piem\u0113rots ikdienas lieto\u0161anai \u2014 jo j\u016bsu b\u0101rda ir peln\u012bjusi to lab\u0101ko! Lieto\u0161ana: Uzkl\u0101jiet [&#8230;]\n","protected":false},"featured_media":104508,"template":"","meta":[],"product_cat":[1678],"product_tag":[],"class_list":{"0":"post-103874","1":"product","2":"type-product","3":"status-publish","4":"has-post-thumbnail","6":"product_brand-famirel-il","7":"product_cat-veido-prieziurai","9":"first","10":"outofstock","11":"taxable","12":"shipping-taxable","13":"product-type-simple"},"_links":{"self":[{"href":"https:\/\/e.kosmolat.eu\/lv\/wp-json\/wp\/v2\/product\/103874","targetHints":{"allow":["GET"]}}],"collection":[{"href":"https:\/\/e.kosmolat.eu\/lv\/wp-json\/wp\/v2\/product"}],"about":[{"href":"https:\/\/e.kosmolat.eu\/lv\/wp-json\/wp\/v2\/types\/product"}],"wp:featuredmedia":[{"embeddable":true,"href":"https:\/\/e.kosmolat.eu\/lv\/wp-json\/wp\/v2\/media\/104508"}],"wp:attachment":[{"href":"https:\/\/e.kosmolat.eu\/lv\/wp-json\/wp\/v2\/media?parent=103874"}],"wp:term":[{"taxonomy":"product_cat","embeddable":true,"href":"https:\/\/e.kosmolat.eu\/lv\/wp-json\/wp\/v2\/product_cat?post=103874"},{"taxonomy":"product_tag","embeddable":true,"href":"https:\/\/e.kosmolat.eu\/lv\/wp-json\/wp\/v2\/product_tag?post=103874"}],"curies":[{"name":"wp","href":"https:\/\/api.w.org\/{rel}","templated":true}]}}