{"id":103870,"date":"2026-02-11T18:35:41","date_gmt":"2026-02-11T18:35:41","guid":{"rendered":"https:\/\/e.kosmolat.eu\/?post_type=product&#038;p=103870"},"modified":"2026-03-30T04:07:39","modified_gmt":"2026-03-30T04:07:39","slug":"famirel-3-in-1-dusas-zeleja-viriesiem-iced-coffee-500-ml","status":"publish","type":"product","link":"https:\/\/e.kosmolat.eu\/lv\/product\/famirel-3-in-1-dusas-zeleja-viriesiem-iced-coffee-500-ml\/","title":{"rendered":"Famirel 3-in-1 du\u0161as \u017eeleja v\u012brie\u0161iem Iced Coffee, 500 ml"},"content":{"rendered":"<p>Izstr\u0101d\u0101ts, lai att\u012br\u012btu, mitrin\u0101tu un atsvaidzin\u0101tu, tas ir ide\u0101li piem\u0113rots \u0137ermenim, sejai un matiem. T\u0101 toniz\u0113jo\u0161\u0101 smar\u017ea atdz\u012bvina saj\u016btas, bet maig\u0101, ta\u010du efekt\u012bv\u0101 formula padara \u0101du gludu, matus t\u012brus un sniedz atjaunotu ener\u0123iju.<br \/>\nIde\u0101li piem\u0113rots ikdienas lieto\u0161anai, \u0161is univers\u0101lais risin\u0101jums nodro\u0161ina \u0113rt\u012bbas bez kompromisiem.<\/p>\n<p>Lieto\u0161ana:<br \/>\nSamitriniet \u0101du un matus ar siltu \u016bdeni. Uzkl\u0101jiet piem\u0113rotu daudzumu du\u0161as \u017eelejas uz rok\u0101m vai lufas. Viegli iemas\u0113jiet \u0137ermen\u012b, sej\u0101 un matos, l\u012bdz veidojas bag\u0101t\u012bga putas. R\u016bp\u012bgi noskalojiet ar \u016bdeni. Piem\u0113rots ikdienas lieto\u0161anai.<\/p>\n<p>Br\u012bdin\u0101jums<br \/>\n\u2022 Lietojiet atbilsto\u0161i aprakstam, iev\u0113rojot lieto\u0161anas instrukcijas.<br \/>\n\u2022 Nelietojiet iek\u0161\u0137\u012bgi.<br \/>\n\u2022 Izvairieties no saskares ar ac\u012bm.<br \/>\n\u2022 Glab\u0101jiet b\u0113rniem nepieejam\u0101 viet\u0101.<br \/>\n\u2022 Nelietojiet produktu, ja ir zin\u0101ma paaugstin\u0101ta jut\u012bba pret k\u0101du no sast\u0101vda\u013c\u0101m.<br \/>\nJa rodas kairin\u0101jums, nekav\u0113joties p\u0101rtrauciet \u0161\u012b kosm\u0113tikas produkta lieto\u0161anu.<\/p>\n","protected":false},"excerpt":{"rendered":"<p>Izstr\u0101d\u0101ts, lai att\u012br\u012btu, mitrin\u0101tu un atsvaidzin\u0101tu, tas ir ide\u0101li piem\u0113rots \u0137ermenim, sejai un matiem. T\u0101 toniz\u0113jo\u0161\u0101 smar\u017ea atdz\u012bvina saj\u016btas, bet maig\u0101, ta\u010du efekt\u012bv\u0101 formula padara \u0101du gludu, matus t\u012brus un sniedz atjaunotu ener\u0123iju. Ide\u0101li piem\u0113rots ikdienas lieto\u0161anai, \u0161is univers\u0101lais risin\u0101jums nodro\u0161ina \u0113rt\u012bbas bez kompromisiem. Lieto\u0161ana: Samitriniet \u0101du un matus ar siltu \u016bdeni. Uzkl\u0101jiet piem\u0113rotu daudzumu [&#8230;]\n","protected":false},"featured_media":0,"template":"","meta":[],"product_cat":[1690],"product_tag":[],"class_list":{"0":"post-103870","1":"product","2":"type-product","3":"status-publish","5":"product_brand-famirel-il","6":"product_cat-1690","8":"first","9":"outofstock","10":"taxable","11":"shipping-taxable","12":"product-type-simple"},"_links":{"self":[{"href":"https:\/\/e.kosmolat.eu\/lv\/wp-json\/wp\/v2\/product\/103870","targetHints":{"allow":["GET"]}}],"collection":[{"href":"https:\/\/e.kosmolat.eu\/lv\/wp-json\/wp\/v2\/product"}],"about":[{"href":"https:\/\/e.kosmolat.eu\/lv\/wp-json\/wp\/v2\/types\/product"}],"wp:attachment":[{"href":"https:\/\/e.kosmolat.eu\/lv\/wp-json\/wp\/v2\/media?parent=103870"}],"wp:term":[{"taxonomy":"product_cat","embeddable":true,"href":"https:\/\/e.kosmolat.eu\/lv\/wp-json\/wp\/v2\/product_cat?post=103870"},{"taxonomy":"product_tag","embeddable":true,"href":"https:\/\/e.kosmolat.eu\/lv\/wp-json\/wp\/v2\/product_tag?post=103870"}],"curies":[{"name":"wp","href":"https:\/\/api.w.org\/{rel}","templated":true}]}}