{"id":103866,"date":"2026-02-11T18:20:55","date_gmt":"2026-02-11T18:20:55","guid":{"rendered":"https:\/\/e.kosmolat.eu\/?post_type=product&#038;p=103866"},"modified":"2026-04-07T10:52:36","modified_gmt":"2026-04-07T10:52:36","slug":"famirel-dead-sea-attir-zeleja-sejai-un-bardai-150-ml","status":"publish","type":"product","link":"https:\/\/e.kosmolat.eu\/lv\/product\/famirel-dead-sea-attir-zeleja-sejai-un-bardai-150-ml\/","title":{"rendered":"Famirel Dead Sea att\u012br.\u017eeleja sejai un b\u0101rdai, 150 ml"},"content":{"rendered":"<p>Ingvera un laima sejas un b\u0101rdas t\u012br\u012b\u0161anas \u017eeleja dzi\u013ci att\u012bra un no\u0146em net\u012brumus, atsvaidzina un toniz\u0113 \u0101du, nov\u0113r\u0161 sausumu un kairin\u0101jumu. Ide\u0101li piem\u0113rota ikdienas lieto\u0161anai.<br \/>\nSatur ingvera ekstraktu, kas att\u012bra un atjauno, un laima ekstraktu, kas sniedz atsvaidzino\u0161u ener\u0123ijas piepl\u016bdumu. \u0160\u012b maiga, bet efekt\u012bva formula no\u0146em net\u012brumus, lieko tauku un piemais\u012bjumus, neiz\u017e\u016bdinot \u0101du, un padara seju un b\u0101rdu t\u012bru, svaigu un mitrin\u0101tu.<\/p>\n<p>Lieto\u0161ana:<br \/>\nUzkl\u0101jiet nelielu daudzumu uz mitras \u0101das un b\u0101rdas. Viegli iemas\u0113jiet, p\u0113c tam r\u016bp\u012bgi noskalojiet ar \u016bdeni. Lai sasniegtu lab\u0101kus rezult\u0101tus, lietojiet no r\u012bta un vakar\u0101.<\/p>\n<p>Br\u012bdin\u0101jums<br \/>\n\u2022 Lietojiet atbilsto\u0161i aprakstam, iev\u0113rojot lieto\u0161anas instrukcijas.<br \/>\n\u2022 Nelietojiet iek\u0161\u0137\u012bgi.<br \/>\n\u2022 Izvairieties no saskares ar ac\u012bm.<br \/>\n\u2022 Glab\u0101jiet b\u0113rniem nepieejam\u0101 viet\u0101.<br \/>\n\u2022 Nelietojiet produktu, ja ir zin\u0101ma paaugstin\u0101ta jut\u012bba pret k\u0101du no sast\u0101vda\u013c\u0101m.<br \/>\nJa rodas kairin\u0101jums, nekav\u0113joties p\u0101rtrauciet \u0161\u012b kosm\u0113tikas produkta lieto\u0161anu.<\/p>\n","protected":false},"excerpt":{"rendered":"<p>Ingvera un laima sejas un b\u0101rdas t\u012br\u012b\u0161anas \u017eeleja dzi\u013ci att\u012bra un no\u0146em net\u012brumus, atsvaidzina un toniz\u0113 \u0101du, nov\u0113r\u0161 sausumu un kairin\u0101jumu. Ide\u0101li piem\u0113rota ikdienas lieto\u0161anai. Satur ingvera ekstraktu, kas att\u012bra un atjauno, un laima ekstraktu, kas sniedz atsvaidzino\u0161u ener\u0123ijas piepl\u016bdumu. \u0160\u012b maiga, bet efekt\u012bva formula no\u0146em net\u012brumus, lieko tauku un piemais\u012bjumus, neiz\u017e\u016bdinot \u0101du, un padara [&#8230;]\n","protected":false},"featured_media":104512,"template":"","meta":[],"product_cat":[1677],"product_tag":[],"class_list":{"0":"post-103866","1":"product","2":"type-product","3":"status-publish","4":"has-post-thumbnail","6":"product_brand-famirel-il","7":"product_cat-1677","9":"first","10":"outofstock","11":"taxable","12":"shipping-taxable","13":"product-type-simple"},"_links":{"self":[{"href":"https:\/\/e.kosmolat.eu\/lv\/wp-json\/wp\/v2\/product\/103866","targetHints":{"allow":["GET"]}}],"collection":[{"href":"https:\/\/e.kosmolat.eu\/lv\/wp-json\/wp\/v2\/product"}],"about":[{"href":"https:\/\/e.kosmolat.eu\/lv\/wp-json\/wp\/v2\/types\/product"}],"wp:featuredmedia":[{"embeddable":true,"href":"https:\/\/e.kosmolat.eu\/lv\/wp-json\/wp\/v2\/media\/104512"}],"wp:attachment":[{"href":"https:\/\/e.kosmolat.eu\/lv\/wp-json\/wp\/v2\/media?parent=103866"}],"wp:term":[{"taxonomy":"product_cat","embeddable":true,"href":"https:\/\/e.kosmolat.eu\/lv\/wp-json\/wp\/v2\/product_cat?post=103866"},{"taxonomy":"product_tag","embeddable":true,"href":"https:\/\/e.kosmolat.eu\/lv\/wp-json\/wp\/v2\/product_tag?post=103866"}],"curies":[{"name":"wp","href":"https:\/\/api.w.org\/{rel}","templated":true}]}}