{"id":103862,"date":"2026-02-11T18:20:41","date_gmt":"2026-02-11T18:20:41","guid":{"rendered":"https:\/\/e.kosmolat.eu\/?post_type=product&#038;p=103862"},"modified":"2026-04-07T10:52:48","modified_gmt":"2026-04-07T10:52:48","slug":"shaving-cream-for-men-150ml","status":"publish","type":"product","link":"https:\/\/e.kosmolat.eu\/lv\/product\/shaving-cream-for-men-150ml\/","title":{"rendered":"Shaving cream for men 150ml"},"content":{"rendered":"<p>\u012apa\u0161i maigs sk\u016b\u0161an\u0101s kr\u0113ms pal\u012bdz nov\u0113rst sk\u016b\u0161an\u0101s apdegumus un nomierina aps\u0101rtumu.<br \/>\nM\u012bkstina b\u0101rdas sari\u0146us un gludi sl\u012bd pa \u0101du, pal\u012bdzot nov\u0113rst kairin\u0101jumu sk\u016b\u0161an\u0101s laik\u0101. Bag\u0101t\u012bgais sast\u0101vda\u013cu mais\u012bjums ietver Dunaliella j\u016bras a\u013c\u0123es, kalendulu un ol\u012bve\u013c\u013cu, kas baro un m\u012bkstina \u0101du, bet kumel\u012b\u0161u, gur\u0137u un alvejas ekstrakti nomierina aps\u0101rtumu un kairin\u0101jumu.<\/p>\n<p>Lieto\u0161ana:<br \/>\nSamitriniet seju ar remdenu \u016bdeni. Uzkl\u0101jiet nedaudz kr\u0113ma uz pirkstiem un iemas\u0113jiet pret b\u0101rdas mati\u0146iem, l\u012bdz tie ir piln\u012bb\u0101 p\u0101rkl\u0101ti. Kr\u0113ms neputo.<\/p>\n<p>Br\u012bdin\u0101jums<br \/>\n\u2022 Lietojiet atbilsto\u0161i aprakstam, iev\u0113rojot lieto\u0161anas instrukcijas.<br \/>\n\u2022 Nelietojiet iek\u0161\u0137\u012bgi.<br \/>\n\u2022 Izvairieties no saskares ar ac\u012bm.<br \/>\n\u2022 Glab\u0101jiet b\u0113rniem nepieejam\u0101 viet\u0101.<br \/>\n\u2022 Nelietojiet produktu, ja ir zin\u0101ma paaugstin\u0101ta jut\u012bba pret k\u0101du no sast\u0101vda\u013c\u0101m.<br \/>\nJa rodas kairin\u0101jums, nekav\u0113joties p\u0101rtrauciet \u0161\u012b kosm\u0113tikas produkta lieto\u0161anu.<\/p>\n","protected":false},"excerpt":{"rendered":"<p>\u012apa\u0161i maigs sk\u016b\u0161an\u0101s kr\u0113ms pal\u012bdz nov\u0113rst sk\u016b\u0161an\u0101s apdegumus un nomierina aps\u0101rtumu. M\u012bkstina b\u0101rdas sari\u0146us un gludi sl\u012bd pa \u0101du, pal\u012bdzot nov\u0113rst kairin\u0101jumu sk\u016b\u0161an\u0101s laik\u0101. Bag\u0101t\u012bgais sast\u0101vda\u013cu mais\u012bjums ietver Dunaliella j\u016bras a\u013c\u0123es, kalendulu un ol\u012bve\u013c\u013cu, kas baro un m\u012bkstina \u0101du, bet kumel\u012b\u0161u, gur\u0137u un alvejas ekstrakti nomierina aps\u0101rtumu un kairin\u0101jumu. Lieto\u0161ana: Samitriniet seju ar remdenu \u016bdeni. [&#8230;]\n","protected":false},"featured_media":104520,"template":"","meta":[],"product_cat":[1677],"product_tag":[],"class_list":{"0":"post-103862","1":"product","2":"type-product","3":"status-publish","4":"has-post-thumbnail","6":"product_brand-famirel-il","7":"product_cat-1677","9":"first","10":"outofstock","11":"taxable","12":"shipping-taxable","13":"product-type-simple"},"_links":{"self":[{"href":"https:\/\/e.kosmolat.eu\/lv\/wp-json\/wp\/v2\/product\/103862","targetHints":{"allow":["GET"]}}],"collection":[{"href":"https:\/\/e.kosmolat.eu\/lv\/wp-json\/wp\/v2\/product"}],"about":[{"href":"https:\/\/e.kosmolat.eu\/lv\/wp-json\/wp\/v2\/types\/product"}],"wp:featuredmedia":[{"embeddable":true,"href":"https:\/\/e.kosmolat.eu\/lv\/wp-json\/wp\/v2\/media\/104520"}],"wp:attachment":[{"href":"https:\/\/e.kosmolat.eu\/lv\/wp-json\/wp\/v2\/media?parent=103862"}],"wp:term":[{"taxonomy":"product_cat","embeddable":true,"href":"https:\/\/e.kosmolat.eu\/lv\/wp-json\/wp\/v2\/product_cat?post=103862"},{"taxonomy":"product_tag","embeddable":true,"href":"https:\/\/e.kosmolat.eu\/lv\/wp-json\/wp\/v2\/product_tag?post=103862"}],"curies":[{"name":"wp","href":"https:\/\/api.w.org\/{rel}","templated":true}]}}