{"id":103856,"date":"2026-02-06T06:05:23","date_gmt":"2026-02-06T06:05:23","guid":{"rendered":"https:\/\/e.kosmolat.eu\/product\/zact-smeketaju-zobu-pasta-100-g\/"},"modified":"2026-04-01T06:07:16","modified_gmt":"2026-04-01T06:07:16","slug":"zact-smeketaju-zobu-pasta-100-g","status":"publish","type":"product","link":"https:\/\/e.kosmolat.eu\/lv\/product\/zact-smeketaju-zobu-pasta-100-g\/","title":{"rendered":"Zact Sm\u0113\u0137\u0113t\u0101ju zobu pasta, 100 g"},"content":{"rendered":"<p>Zact zobu pasta sm\u0113\u0137\u0113t\u0101jiem ir \u012bpa\u0161i izstr\u0101d\u0101ta, lai efekt\u012bvi un dro\u0161i no\u0146emtu tabakas traipus. Ieteicams lietot regul\u0101ri, lai ieg\u016btu dab\u012bgi balt\u0101kus un vesel\u012bg\u0101kus zobus.<\/p>\n<p>\u2022 Uzlabota traipu no\u0146em\u0161anas formula efekt\u012bvi no\u0146em tabakas traipus.<br \/>\n\u2022 Par 60 % liel\u0101ka traipu no\u0146em\u0161anas sp\u0113ja sal\u012bdzin\u0101jum\u0101 ar parasto zobu pastu.<br \/>\n\u2022 Nov\u0113r\u0161 kariesu un zobu aplikumu.<br \/>\n\u2022 Vesel\u012bg\u0101ki zobi, svaig\u0101ka elpa un p\u0101rliecino\u0161s smaids.<br \/>\n\u2022 Dro\u0161a un maiga ikdienas lieto\u0161anai.<\/p>\n<p>Br\u012bdin\u0101jums: Satur satur n\u0101trija monofluorfosf\u0101tu. B\u0113rniem vecum\u0101 l\u012bdz se\u0161iem gadiem: lietot pastu zir\u0146a lielum\u0101 un t\u012br\u012bt zobus pieaugu\u0161\u0101 uzraudz\u012bb\u0101, lai samazin\u0101tu nor\u012b\u0161anas iesp\u0113ju. Ja lietojat citus fluoru saturo\u0161us l\u012bdzek\u013cus, konsult\u0113jieties ar zob\u0101rstu vai \u0101rstu. P\u0113c lieto\u0161anas cie\u0161i aizveriet t\u016bbi\u0146u. P\u0101rtrauciet lieto\u0161anu, ja rodas aler\u0123iska reakcija.<\/p>\n","protected":false},"excerpt":{"rendered":"<p>Zact zobu pasta sm\u0113\u0137\u0113t\u0101jiem ir \u012bpa\u0161i izstr\u0101d\u0101ta, lai efekt\u012bvi un dro\u0161i no\u0146emtu tabakas traipus. Ieteicams lietot regul\u0101ri, lai ieg\u016btu dab\u012bgi balt\u0101kus un vesel\u012bg\u0101kus zobus. \u2022 Uzlabota traipu no\u0146em\u0161anas formula efekt\u012bvi no\u0146em tabakas traipus. \u2022 Par 60 % liel\u0101ka traipu no\u0146em\u0161anas sp\u0113ja sal\u012bdzin\u0101jum\u0101 ar parasto zobu pastu. \u2022 Nov\u0113r\u0161 kariesu un zobu aplikumu. \u2022 Vesel\u012bg\u0101ki zobi, [&#8230;]\n","protected":false},"featured_media":104912,"template":"","meta":[],"product_cat":[1306],"product_tag":[],"class_list":{"0":"post-103856","1":"product","2":"type-product","3":"status-publish","4":"has-post-thumbnail","6":"product_brand-replay_kr","7":"product_cat-zobu-pastas-un-zelejas","9":"first","10":"instock","11":"taxable","12":"shipping-taxable","13":"product-type-simple"},"_links":{"self":[{"href":"https:\/\/e.kosmolat.eu\/lv\/wp-json\/wp\/v2\/product\/103856","targetHints":{"allow":["GET"]}}],"collection":[{"href":"https:\/\/e.kosmolat.eu\/lv\/wp-json\/wp\/v2\/product"}],"about":[{"href":"https:\/\/e.kosmolat.eu\/lv\/wp-json\/wp\/v2\/types\/product"}],"wp:featuredmedia":[{"embeddable":true,"href":"https:\/\/e.kosmolat.eu\/lv\/wp-json\/wp\/v2\/media\/104912"}],"wp:attachment":[{"href":"https:\/\/e.kosmolat.eu\/lv\/wp-json\/wp\/v2\/media?parent=103856"}],"wp:term":[{"taxonomy":"product_cat","embeddable":true,"href":"https:\/\/e.kosmolat.eu\/lv\/wp-json\/wp\/v2\/product_cat?post=103856"},{"taxonomy":"product_tag","embeddable":true,"href":"https:\/\/e.kosmolat.eu\/lv\/wp-json\/wp\/v2\/product_tag?post=103856"}],"curies":[{"name":"wp","href":"https:\/\/api.w.org\/{rel}","templated":true}]}}