{"id":103840,"date":"2026-02-01T17:36:04","date_gmt":"2026-02-01T17:36:04","guid":{"rendered":"https:\/\/e.kosmolat.eu\/product\/gp-serums-jut-galvas-adai-zensens-un-marokas-piparmetru-ella-100-ml\/"},"modified":"2026-05-09T01:03:29","modified_gmt":"2026-05-09T01:03:29","slug":"gp-serums-jut-galvas-adai-zensens-un-marokas-piparmetru-ella-100-ml","status":"publish","type":"product","link":"https:\/\/e.kosmolat.eu\/lv\/product\/gp-serums-jut-galvas-adai-zensens-un-marokas-piparmetru-ella-100-ml\/","title":{"rendered":"GP Serums jut.galvas \u0101dai \u017ee\u0146\u0161e\u0146s un marokas piparm\u0113tru e\u013c\u013ca, 100 ml"},"content":{"rendered":"<p>Nomierino\u0161s serums ar \u017ee\u0146\u0161e\u0146u un Marokas piparm\u0113tru e\u013c\u013cu jut\u012bgai galvas \u0101dai.<\/p>\n<p>Dermatolo\u0123iski test\u0113ts.<\/p>\n<p>Lieto\u0161ana: vienm\u0113r\u012bgi uzkl\u0101jiet uz galvas \u0101das, iemas\u0113jiet ar viegl\u0101m mas\u0101\u017eas kust\u012bb\u0101m un ar \u0137emmi sadaliet vis\u0101 matu garum\u0101. Nemazg\u0101t.<\/p>\n<p>Piesardz\u012bbas pas\u0101kumi: iek\u013c\u016bstot ac\u012bs, nomazg\u0101t ar \u016bdeni.<\/p>\n<p>Uzglab\u0101t temperat\u016br\u0101 no +5 \u00b0\u0421 l\u012bdz +25 \u00b0\u0421.<\/p>\n","protected":false},"excerpt":{"rendered":"<p>Nomierino\u0161s serums ar \u017ee\u0146\u0161e\u0146u un Marokas piparm\u0113tru e\u013c\u013cu jut\u012bgai galvas \u0101dai. Dermatolo\u0123iski test\u0113ts. Lieto\u0161ana: vienm\u0113r\u012bgi uzkl\u0101jiet uz galvas \u0101das, iemas\u0113jiet ar viegl\u0101m mas\u0101\u017eas kust\u012bb\u0101m un ar \u0137emmi sadaliet vis\u0101 matu garum\u0101. Nemazg\u0101t. Piesardz\u012bbas pas\u0101kumi: iek\u013c\u016bstot ac\u012bs, nomazg\u0101t ar \u016bdeni. Uzglab\u0101t temperat\u016br\u0101 no +5 \u00b0\u0421 l\u012bdz +25 \u00b0\u0421.<\/p>\n","protected":false},"featured_media":104628,"template":"","meta":[],"product_cat":[1346],"product_tag":[],"class_list":{"0":"post-103840","1":"product","2":"type-product","3":"status-publish","4":"has-post-thumbnail","6":"product_brand-elfa_ua","7":"product_cat-1346","9":"first","10":"instock","11":"taxable","12":"shipping-taxable","13":"product-type-simple"},"_links":{"self":[{"href":"https:\/\/e.kosmolat.eu\/lv\/wp-json\/wp\/v2\/product\/103840","targetHints":{"allow":["GET"]}}],"collection":[{"href":"https:\/\/e.kosmolat.eu\/lv\/wp-json\/wp\/v2\/product"}],"about":[{"href":"https:\/\/e.kosmolat.eu\/lv\/wp-json\/wp\/v2\/types\/product"}],"wp:featuredmedia":[{"embeddable":true,"href":"https:\/\/e.kosmolat.eu\/lv\/wp-json\/wp\/v2\/media\/104628"}],"wp:attachment":[{"href":"https:\/\/e.kosmolat.eu\/lv\/wp-json\/wp\/v2\/media?parent=103840"}],"wp:term":[{"taxonomy":"product_cat","embeddable":true,"href":"https:\/\/e.kosmolat.eu\/lv\/wp-json\/wp\/v2\/product_cat?post=103840"},{"taxonomy":"product_tag","embeddable":true,"href":"https:\/\/e.kosmolat.eu\/lv\/wp-json\/wp\/v2\/product_tag?post=103840"}],"curies":[{"name":"wp","href":"https:\/\/api.w.org\/{rel}","templated":true}]}}