{"id":103836,"date":"2026-02-01T17:21:17","date_gmt":"2026-02-01T17:21:17","guid":{"rendered":"https:\/\/e.kosmolat.eu\/product\/green-pharmacy-%d1%81u%d0%b2%d0%bes%d0%be%d1%82%d0%baa-%d0%bfs%d0%be%d1%82c%d0%b2-%d0%b2u%d0%bfaa%d0%b5%d0%bdc%d1%8f-%d0%b2%d0%bee%d0%be%d1%81-s%d0%b5%d0%bf%d0%b5%d0%b9%d0%bdc%d0%ba-c-%d0%bfs%d0%be\/"},"modified":"2026-05-09T01:03:16","modified_gmt":"2026-05-09T01:03:16","slug":"gp-serums-p-matu-izkris-dizdadzis-un-kviesu-proteini-100-ml","status":"publish","type":"product","link":"https:\/\/e.kosmolat.eu\/lv\/product\/gp-serums-p-matu-izkris-dizdadzis-un-kviesu-proteini-100-ml\/","title":{"rendered":"GP Serums p\/matu izkri\u0161.di\u017edadzis un kvie\u0161u prote\u012bni, 100 ml"},"content":{"rendered":"<p>Koncentr\u0113ts serums galvas \u0101dai ar dad\u017eu e\u013c\u013cu un kvie\u0161u prote\u012bniem matu sak\u0146u stiprin\u0101\u0161anai.<\/p>\n<p>Dermatolo\u0123iski test\u0113ts.<\/p>\n<p>Lieto\u0161ana: vienm\u0113r\u012bgi uzkl\u0101jiet uz galvas \u0101das, iemas\u0113jiet ar viegl\u0101m mas\u0101\u017eas kust\u012bb\u0101m un ar \u0137emmi sadaliet vis\u0101 matu garum\u0101.<br \/>\nNemazg\u0101t.<\/p>\n<p>Piesardz\u012bbas pas\u0101kumi: iek\u013c\u016bstot ac\u012bs, nomazg\u0101t ar \u016bdeni.<\/p>\n<p>Uzglab\u0101t temperat\u016br\u0101 no +5 \u00b0\u0421 l\u012bdz +25 \u00b0\u0421.<\/p>\n","protected":false},"excerpt":{"rendered":"<p>Koncentr\u0113ts serums galvas \u0101dai ar dad\u017eu e\u013c\u013cu un kvie\u0161u prote\u012bniem matu sak\u0146u stiprin\u0101\u0161anai. Dermatolo\u0123iski test\u0113ts. Lieto\u0161ana: vienm\u0113r\u012bgi uzkl\u0101jiet uz galvas \u0101das, iemas\u0113jiet ar viegl\u0101m mas\u0101\u017eas kust\u012bb\u0101m un ar \u0137emmi sadaliet vis\u0101 matu garum\u0101. Nemazg\u0101t. Piesardz\u012bbas pas\u0101kumi: iek\u013c\u016bstot ac\u012bs, nomazg\u0101t ar \u016bdeni. Uzglab\u0101t temperat\u016br\u0101 no +5 \u00b0\u0421 l\u012bdz +25 \u00b0\u0421.<\/p>\n","protected":false},"featured_media":104624,"template":"","meta":[],"product_cat":[1346],"product_tag":[],"class_list":{"0":"post-103836","1":"product","2":"type-product","3":"status-publish","4":"has-post-thumbnail","6":"product_brand-elfa_ua","7":"product_cat-1346","9":"first","10":"instock","11":"taxable","12":"shipping-taxable","13":"product-type-simple"},"_links":{"self":[{"href":"https:\/\/e.kosmolat.eu\/lv\/wp-json\/wp\/v2\/product\/103836","targetHints":{"allow":["GET"]}}],"collection":[{"href":"https:\/\/e.kosmolat.eu\/lv\/wp-json\/wp\/v2\/product"}],"about":[{"href":"https:\/\/e.kosmolat.eu\/lv\/wp-json\/wp\/v2\/types\/product"}],"wp:featuredmedia":[{"embeddable":true,"href":"https:\/\/e.kosmolat.eu\/lv\/wp-json\/wp\/v2\/media\/104624"}],"wp:attachment":[{"href":"https:\/\/e.kosmolat.eu\/lv\/wp-json\/wp\/v2\/media?parent=103836"}],"wp:term":[{"taxonomy":"product_cat","embeddable":true,"href":"https:\/\/e.kosmolat.eu\/lv\/wp-json\/wp\/v2\/product_cat?post=103836"},{"taxonomy":"product_tag","embeddable":true,"href":"https:\/\/e.kosmolat.eu\/lv\/wp-json\/wp\/v2\/product_tag?post=103836"}],"curies":[{"name":"wp","href":"https:\/\/api.w.org\/{rel}","templated":true}]}}