{"id":103832,"date":"2026-02-01T17:21:03","date_gmt":"2026-02-01T17:21:03","guid":{"rendered":"https:\/\/e.kosmolat.eu\/product\/gp-eliksirs-p-matu-izkris-ar-dizdadzi-un-kviesu-protein-150-ml\/"},"modified":"2026-05-09T01:02:51","modified_gmt":"2026-05-09T01:02:51","slug":"gp-eliksirs-p-matu-izkris-ar-dizdadzi-un-kviesu-protein-150-ml","status":"publish","type":"product","link":"https:\/\/e.kosmolat.eu\/lv\/product\/gp-eliksirs-p-matu-izkris-ar-dizdadzi-un-kviesu-protein-150-ml\/","title":{"rendered":"GP Eliks\u012brs p\/matu izkri\u0161.ar di\u017edadzi un kvie\u0161u prote\u012bn., 150 ml"},"content":{"rendered":"<p>Stiprino\u0161s eliks\u012brs ar dad\u017eu e\u013c\u013cu un kvie\u0161u prote\u012bniem, kas pal\u012bdz mazin\u0101t matu izkri\u0161anu un uzlabo to iztur\u012bbu.<\/p>\n<p>Lieto\u0161ana: izsmidzin\u0101t uz sausiem vai mitriem matiem. Nemazg\u0101t.<\/p>\n<p>Piesardz\u012bbas pas\u0101kumi: iek\u013c\u016bstot ac\u012bs, izskalot ar \u016bdeni.<\/p>\n<p>Uzglab\u0101t temperat\u016br\u0101 no +5 \u00b0\u0421 l\u012bdz +25 \u00b0\u0421.<\/p>\n","protected":false},"excerpt":{"rendered":"<p>Stiprino\u0161s eliks\u012brs ar dad\u017eu e\u013c\u013cu un kvie\u0161u prote\u012bniem, kas pal\u012bdz mazin\u0101t matu izkri\u0161anu un uzlabo to iztur\u012bbu. Lieto\u0161ana: izsmidzin\u0101t uz sausiem vai mitriem matiem. Nemazg\u0101t. Piesardz\u012bbas pas\u0101kumi: iek\u013c\u016bstot ac\u012bs, izskalot ar \u016bdeni. Uzglab\u0101t temperat\u016br\u0101 no +5 \u00b0\u0421 l\u012bdz +25 \u00b0\u0421.<\/p>\n","protected":false},"featured_media":104616,"template":"","meta":[],"product_cat":[1346],"product_tag":[],"class_list":{"0":"post-103832","1":"product","2":"type-product","3":"status-publish","4":"has-post-thumbnail","6":"product_brand-elfa_ua","7":"product_cat-1346","9":"first","10":"outofstock","11":"taxable","12":"shipping-taxable","13":"product-type-simple"},"_links":{"self":[{"href":"https:\/\/e.kosmolat.eu\/lv\/wp-json\/wp\/v2\/product\/103832","targetHints":{"allow":["GET"]}}],"collection":[{"href":"https:\/\/e.kosmolat.eu\/lv\/wp-json\/wp\/v2\/product"}],"about":[{"href":"https:\/\/e.kosmolat.eu\/lv\/wp-json\/wp\/v2\/types\/product"}],"wp:featuredmedia":[{"embeddable":true,"href":"https:\/\/e.kosmolat.eu\/lv\/wp-json\/wp\/v2\/media\/104616"}],"wp:attachment":[{"href":"https:\/\/e.kosmolat.eu\/lv\/wp-json\/wp\/v2\/media?parent=103832"}],"wp:term":[{"taxonomy":"product_cat","embeddable":true,"href":"https:\/\/e.kosmolat.eu\/lv\/wp-json\/wp\/v2\/product_cat?post=103832"},{"taxonomy":"product_tag","embeddable":true,"href":"https:\/\/e.kosmolat.eu\/lv\/wp-json\/wp\/v2\/product_tag?post=103832"}],"curies":[{"name":"wp","href":"https:\/\/api.w.org\/{rel}","templated":true}]}}