{"id":103828,"date":"2026-02-01T17:06:17","date_gmt":"2026-02-01T17:06:17","guid":{"rendered":"https:\/\/e.kosmolat.eu\/product\/gp-eliksirs-ar-natru-un-dadzu-ellu-norm-matiem-150-ml\/"},"modified":"2026-05-09T01:03:04","modified_gmt":"2026-05-09T01:03:04","slug":"gp-eliksirs-ar-natru-un-dadzu-ellu-norm-matiem-150-ml","status":"publish","type":"product","link":"https:\/\/e.kosmolat.eu\/lv\/product\/gp-eliksirs-ar-natru-un-dadzu-ellu-norm-matiem-150-ml\/","title":{"rendered":"GP Eliks\u012brs ar n\u0101tru un dad\u017eu e\u013c\u013cu norm.matiem, 150 ml"},"content":{"rendered":"<p>Viegls nenoskalojams eliks\u012brs ar n\u0101tru un dad\u017eu e\u013c\u013cu, kas pie\u0161\u0137ir matiem sp\u012bdumu un vieglumu ikdienas kop\u0161anai.<\/p>\n<p>Lieto\u0161ana: izsmidzin\u0101t uz sausiem vai mitriem matiem. Nemazg\u0101t.<\/p>\n<p>Piesardz\u012bbas pas\u0101kumi: iek\u013c\u016bstot ac\u012bs, izskalot ar \u016bdeni.<\/p>\n<p>Uzglab\u0101t temperat\u016br\u0101 no +5 \u00b0\u0421 l\u012bdz +25 \u00b0\u0421.<\/p>\n","protected":false},"excerpt":{"rendered":"<p>Viegls nenoskalojams eliks\u012brs ar n\u0101tru un dad\u017eu e\u013c\u013cu, kas pie\u0161\u0137ir matiem sp\u012bdumu un vieglumu ikdienas kop\u0161anai. Lieto\u0161ana: izsmidzin\u0101t uz sausiem vai mitriem matiem. Nemazg\u0101t. Piesardz\u012bbas pas\u0101kumi: iek\u013c\u016bstot ac\u012bs, izskalot ar \u016bdeni. Uzglab\u0101t temperat\u016br\u0101 no +5 \u00b0\u0421 l\u012bdz +25 \u00b0\u0421.<\/p>\n","protected":false},"featured_media":104620,"template":"","meta":[],"product_cat":[1346],"product_tag":[],"class_list":{"0":"post-103828","1":"product","2":"type-product","3":"status-publish","4":"has-post-thumbnail","6":"product_brand-elfa_ua","7":"product_cat-1346","9":"first","10":"instock","11":"taxable","12":"shipping-taxable","13":"product-type-simple"},"_links":{"self":[{"href":"https:\/\/e.kosmolat.eu\/lv\/wp-json\/wp\/v2\/product\/103828","targetHints":{"allow":["GET"]}}],"collection":[{"href":"https:\/\/e.kosmolat.eu\/lv\/wp-json\/wp\/v2\/product"}],"about":[{"href":"https:\/\/e.kosmolat.eu\/lv\/wp-json\/wp\/v2\/types\/product"}],"wp:featuredmedia":[{"embeddable":true,"href":"https:\/\/e.kosmolat.eu\/lv\/wp-json\/wp\/v2\/media\/104620"}],"wp:attachment":[{"href":"https:\/\/e.kosmolat.eu\/lv\/wp-json\/wp\/v2\/media?parent=103828"}],"wp:term":[{"taxonomy":"product_cat","embeddable":true,"href":"https:\/\/e.kosmolat.eu\/lv\/wp-json\/wp\/v2\/product_cat?post=103828"},{"taxonomy":"product_tag","embeddable":true,"href":"https:\/\/e.kosmolat.eu\/lv\/wp-json\/wp\/v2\/product_tag?post=103828"}],"curies":[{"name":"wp","href":"https:\/\/api.w.org\/{rel}","templated":true}]}}