{"id":103824,"date":"2026-02-01T17:06:02","date_gmt":"2026-02-01T17:06:02","guid":{"rendered":"https:\/\/e.kosmolat.eu\/product\/green-pharmacy-%d1%8dec%d0%ba%d1%81cs-ae%d1%8f-%d1%81%d1%83oco-%d0%bf%d0%be%d0%b2s%d0%b5ea%d0%b5%d0%bd%d0%bduo-%d0%b2%d0%bee%d0%be%d1%81-csa%d0%bda%d1%82-c-asna%d0%bd%d0%be%d0%b2%d0%be%d0%b5-%d0%bc\/"},"modified":"2026-05-09T05:41:06","modified_gmt":"2026-05-09T05:41:06","slug":"gp-eliksirs-saus-un-boj-matiem-ar-granatabolu-un-argana-ellu-150-ml","status":"publish","type":"product","link":"https:\/\/e.kosmolat.eu\/lv\/product\/gp-eliksirs-saus-un-boj-matiem-ar-granatabolu-un-argana-ellu-150-ml\/","title":{"rendered":"GP Eliks\u012brs saus.un boj.matiem ar gran\u0101t\u0101bolu un arg\u0101na e\u013c\u013cu, 150 ml"},"content":{"rendered":"<p>Barojo\u0161s nenoskalojams eliks\u012brs ar gran\u0101t\u0101bolu un arg\u0101na e\u013c\u013cu, kas pal\u012bdz atjaunot sausu un boj\u0101tu matu gludumu.<\/p>\n<p>Lieto\u0161ana: izsmidzin\u0101t uz sausiem vai mitriem matiem. Nemazg\u0101t.<\/p>\n<p>Piesardz\u012bbas pas\u0101kumi: iek\u013c\u016bstot ac\u012bs, izskalot ar \u016bdeni.<\/p>\n<p>Uzglab\u0101t temperat\u016br\u0101 no +5 \u00b0\u0421 l\u012bdz +25 \u00b0\u0421.<\/p>\n","protected":false},"excerpt":{"rendered":"<p>Barojo\u0161s nenoskalojams eliks\u012brs ar gran\u0101t\u0101bolu un arg\u0101na e\u013c\u013cu, kas pal\u012bdz atjaunot sausu un boj\u0101tu matu gludumu. Lieto\u0161ana: izsmidzin\u0101t uz sausiem vai mitriem matiem. Nemazg\u0101t. Piesardz\u012bbas pas\u0101kumi: iek\u013c\u016bstot ac\u012bs, izskalot ar \u016bdeni. Uzglab\u0101t temperat\u016br\u0101 no +5 \u00b0\u0421 l\u012bdz +25 \u00b0\u0421.<\/p>\n","protected":false},"featured_media":104612,"template":"","meta":[],"product_cat":[1346],"product_tag":[],"class_list":{"0":"post-103824","1":"product","2":"type-product","3":"status-publish","4":"has-post-thumbnail","6":"product_brand-elfa_ua","7":"product_cat-1346","9":"first","10":"instock","11":"taxable","12":"shipping-taxable","13":"product-type-simple"},"_links":{"self":[{"href":"https:\/\/e.kosmolat.eu\/lv\/wp-json\/wp\/v2\/product\/103824","targetHints":{"allow":["GET"]}}],"collection":[{"href":"https:\/\/e.kosmolat.eu\/lv\/wp-json\/wp\/v2\/product"}],"about":[{"href":"https:\/\/e.kosmolat.eu\/lv\/wp-json\/wp\/v2\/types\/product"}],"wp:featuredmedia":[{"embeddable":true,"href":"https:\/\/e.kosmolat.eu\/lv\/wp-json\/wp\/v2\/media\/104612"}],"wp:attachment":[{"href":"https:\/\/e.kosmolat.eu\/lv\/wp-json\/wp\/v2\/media?parent=103824"}],"wp:term":[{"taxonomy":"product_cat","embeddable":true,"href":"https:\/\/e.kosmolat.eu\/lv\/wp-json\/wp\/v2\/product_cat?post=103824"},{"taxonomy":"product_tag","embeddable":true,"href":"https:\/\/e.kosmolat.eu\/lv\/wp-json\/wp\/v2\/product_tag?post=103824"}],"curies":[{"name":"wp","href":"https:\/\/api.w.org\/{rel}","templated":true}]}}