{"id":103820,"date":"2026-02-01T16:51:27","date_gmt":"2026-02-01T16:51:27","guid":{"rendered":"https:\/\/e.kosmolat.eu\/product\/gp-dizdadza-ella-ar-kosa-ekstraktu-p-matu-izkrisanu-100-ml\/"},"modified":"2026-05-09T01:03:55","modified_gmt":"2026-05-09T01:03:55","slug":"gp-dizdadza-ella-ar-kosa-ekstraktu-p-matu-izkrisanu-100-ml","status":"publish","type":"product","link":"https:\/\/e.kosmolat.eu\/lv\/product\/gp-dizdadza-ella-ar-kosa-ekstraktu-p-matu-izkrisanu-100-ml\/","title":{"rendered":"GP Di\u017edad\u017ea e\u013c\u013ca ar kosa ekstraktu p\/matu izkri\u0161anu, 100 ml"},"content":{"rendered":"<p>Stiprino\u0161a matu e\u013c\u013ca ar dad\u017eu e\u013c\u013cu un kosa ekstraktu, kas pal\u012bdz samazin\u0101t matu izkri\u0161anu un baro galvas \u0101du.<\/p>\n<p>Dermatolo\u0123iski test\u0113ta.<\/p>\n<p>Lieto\u0161ana: uzsild\u012btu e\u013c\u013cu iemas\u0113t galvas \u0101d\u0101, atst\u0101t uz 20\u201330 min\u016bt\u0113m, p\u0113c tam izmazg\u0101t matus ar \u0161amp\u016bnu. Lietot 1\u20132 reizes ned\u0113\u013c\u0101.<\/p>\n<p>Piesardz\u012bbas pas\u0101kumi: iek\u013c\u016bstot ac\u012bs, skalot ar \u016bdeni.<\/p>\n<p>Uzglab\u0101t temperat\u016br\u0101 no +5 \u00b0\u0421 l\u012bdz +25 \u00b0\u0421.<\/p>\n","protected":false},"excerpt":{"rendered":"<p>Stiprino\u0161a matu e\u013c\u013ca ar dad\u017eu e\u013c\u013cu un kosa ekstraktu, kas pal\u012bdz samazin\u0101t matu izkri\u0161anu un baro galvas \u0101du. Dermatolo\u0123iski test\u0113ta. Lieto\u0161ana: uzsild\u012btu e\u013c\u013cu iemas\u0113t galvas \u0101d\u0101, atst\u0101t uz 20\u201330 min\u016bt\u0113m, p\u0113c tam izmazg\u0101t matus ar \u0161amp\u016bnu. Lietot 1\u20132 reizes ned\u0113\u013c\u0101. Piesardz\u012bbas pas\u0101kumi: iek\u013c\u016bstot ac\u012bs, skalot ar \u016bdeni. Uzglab\u0101t temperat\u016br\u0101 no +5 \u00b0\u0421 l\u012bdz +25 \u00b0\u0421.<\/p>\n","protected":false},"featured_media":107070,"template":"","meta":[],"product_cat":[1346],"product_tag":[],"class_list":{"0":"post-103820","1":"product","2":"type-product","3":"status-publish","4":"has-post-thumbnail","6":"product_brand-elfa_ua","7":"product_cat-1346","9":"first","10":"outofstock","11":"taxable","12":"shipping-taxable","13":"product-type-simple"},"_links":{"self":[{"href":"https:\/\/e.kosmolat.eu\/lv\/wp-json\/wp\/v2\/product\/103820","targetHints":{"allow":["GET"]}}],"collection":[{"href":"https:\/\/e.kosmolat.eu\/lv\/wp-json\/wp\/v2\/product"}],"about":[{"href":"https:\/\/e.kosmolat.eu\/lv\/wp-json\/wp\/v2\/types\/product"}],"wp:featuredmedia":[{"embeddable":true,"href":"https:\/\/e.kosmolat.eu\/lv\/wp-json\/wp\/v2\/media\/107070"}],"wp:attachment":[{"href":"https:\/\/e.kosmolat.eu\/lv\/wp-json\/wp\/v2\/media?parent=103820"}],"wp:term":[{"taxonomy":"product_cat","embeddable":true,"href":"https:\/\/e.kosmolat.eu\/lv\/wp-json\/wp\/v2\/product_cat?post=103820"},{"taxonomy":"product_tag","embeddable":true,"href":"https:\/\/e.kosmolat.eu\/lv\/wp-json\/wp\/v2\/product_tag?post=103820"}],"curies":[{"name":"wp","href":"https:\/\/api.w.org\/{rel}","templated":true}]}}