{"id":103812,"date":"2026-02-01T16:51:01","date_gmt":"2026-02-01T16:51:01","guid":{"rendered":"https:\/\/e.kosmolat.eu\/product\/gp-cukura-kafijas-kerm-skrubis-ar-zalo-kafiju-un-ingv-ellu-200-ml\/"},"modified":"2026-05-08T15:40:02","modified_gmt":"2026-05-08T15:40:02","slug":"gp-cukura-kafijas-kerm-skrubis-ar-zalo-kafiju-un-ingv-ellu-200-ml","status":"publish","type":"product","link":"https:\/\/e.kosmolat.eu\/lv\/product\/gp-cukura-kafijas-kerm-skrubis-ar-zalo-kafiju-un-ingv-ellu-200-ml\/","title":{"rendered":"GP Cukura-kafijas \u0137erm.skrubis ar za\u013co kafiju un ingv.e\u013c\u013cu, 200 ml"},"content":{"rendered":"<p>Toniz\u0113jo\u0161s \u0137erme\u0146a skrubis ar cukuru, kafiju, za\u013co kafiju un ingvera e\u013c\u013cu, kas atjauno \u0101das gludumu un tonusu.<\/p>\n<p>Dermatolo\u0123iski test\u0113ts.<\/p>\n<p>Lieto\u0161ana: uzkl\u0101t nelielu daudzumu uz mitras \u0101das, iemas\u0113t, noskalot ar siltu \u016bdeni. Lietot 1\u20132 reizes ned\u0113\u013c\u0101.<\/p>\n<p>Uzglab\u0101t temperat\u016br\u0101 no +5 \u00b0\u0421 l\u012bdz +25 \u00b0\u0421.<\/p>\n","protected":false},"excerpt":{"rendered":"<p>Toniz\u0113jo\u0161s \u0137erme\u0146a skrubis ar cukuru, kafiju, za\u013co kafiju un ingvera e\u013c\u013cu, kas atjauno \u0101das gludumu un tonusu. Dermatolo\u0123iski test\u0113ts. Lieto\u0161ana: uzkl\u0101t nelielu daudzumu uz mitras \u0101das, iemas\u0113t, noskalot ar siltu \u016bdeni. Lietot 1\u20132 reizes ned\u0113\u013c\u0101. Uzglab\u0101t temperat\u016br\u0101 no +5 \u00b0\u0421 l\u012bdz +25 \u00b0\u0421.<\/p>\n","protected":false},"featured_media":104608,"template":"","meta":[],"product_cat":[1357],"product_tag":[],"class_list":{"0":"post-103812","1":"product","2":"type-product","3":"status-publish","4":"has-post-thumbnail","6":"product_brand-elfa_ua","7":"product_cat-skrubji-un-pilingi-kermenim","9":"first","10":"instock","11":"taxable","12":"shipping-taxable","13":"product-type-simple"},"_links":{"self":[{"href":"https:\/\/e.kosmolat.eu\/lv\/wp-json\/wp\/v2\/product\/103812","targetHints":{"allow":["GET"]}}],"collection":[{"href":"https:\/\/e.kosmolat.eu\/lv\/wp-json\/wp\/v2\/product"}],"about":[{"href":"https:\/\/e.kosmolat.eu\/lv\/wp-json\/wp\/v2\/types\/product"}],"wp:featuredmedia":[{"embeddable":true,"href":"https:\/\/e.kosmolat.eu\/lv\/wp-json\/wp\/v2\/media\/104608"}],"wp:attachment":[{"href":"https:\/\/e.kosmolat.eu\/lv\/wp-json\/wp\/v2\/media?parent=103812"}],"wp:term":[{"taxonomy":"product_cat","embeddable":true,"href":"https:\/\/e.kosmolat.eu\/lv\/wp-json\/wp\/v2\/product_cat?post=103812"},{"taxonomy":"product_tag","embeddable":true,"href":"https:\/\/e.kosmolat.eu\/lv\/wp-json\/wp\/v2\/product_tag?post=103812"}],"curies":[{"name":"wp","href":"https:\/\/api.w.org\/{rel}","templated":true}]}}