{"id":103808,"date":"2026-02-01T16:36:12","date_gmt":"2026-02-01T16:36:12","guid":{"rendered":"https:\/\/e.kosmolat.eu\/product\/gp-cukura-kerm-skrubis-ar-damaskas-rozi-un-si-sv-200-ml\/"},"modified":"2026-05-08T15:39:48","modified_gmt":"2026-05-08T15:39:48","slug":"gp-cukura-kerm-skrubis-ar-damaskas-rozi-un-si-sv-200-ml","status":"publish","type":"product","link":"https:\/\/e.kosmolat.eu\/lv\/product\/gp-cukura-kerm-skrubis-ar-damaskas-rozi-un-si-sv-200-ml\/","title":{"rendered":"GP Cukura \u0137erm.skrubis ar damaskas rozi un \u0161\u012b sv., 200 ml"},"content":{"rendered":"<p>Maigs cukura \u0137erme\u0146a skrubis ar Damaskas rozi un \u0161\u012b sviestu, kas maigi noloba \u0101du, padarot to gludu, barotu un pat\u012bkami arom\u0101tisku.<\/p>\n<p>Dermatolo\u0123iski test\u0113ts.<\/p>\n<p>Lieto\u0161ana: uzkl\u0101t nelielu daudzumu uz mitras \u0101das, iemas\u0113t, noskalot ar siltu \u016bdeni. Lietot 1\u20132 reizes ned\u0113\u013c\u0101.<\/p>\n<p>Uzglab\u0101t temperat\u016br\u0101 no +5 \u00b0\u0421 l\u012bdz +25 \u00b0\u0421.<\/p>\n","protected":false},"excerpt":{"rendered":"<p>Maigs cukura \u0137erme\u0146a skrubis ar Damaskas rozi un \u0161\u012b sviestu, kas maigi noloba \u0101du, padarot to gludu, barotu un pat\u012bkami arom\u0101tisku. Dermatolo\u0123iski test\u0113ts. Lieto\u0161ana: uzkl\u0101t nelielu daudzumu uz mitras \u0101das, iemas\u0113t, noskalot ar siltu \u016bdeni. Lietot 1\u20132 reizes ned\u0113\u013c\u0101. Uzglab\u0101t temperat\u016br\u0101 no +5 \u00b0\u0421 l\u012bdz +25 \u00b0\u0421.<\/p>\n","protected":false},"featured_media":104604,"template":"","meta":[],"product_cat":[1357],"product_tag":[],"class_list":{"0":"post-103808","1":"product","2":"type-product","3":"status-publish","4":"has-post-thumbnail","6":"product_brand-elfa_ua","7":"product_cat-skrubji-un-pilingi-kermenim","9":"first","10":"instock","11":"taxable","12":"shipping-taxable","13":"product-type-simple"},"_links":{"self":[{"href":"https:\/\/e.kosmolat.eu\/lv\/wp-json\/wp\/v2\/product\/103808","targetHints":{"allow":["GET"]}}],"collection":[{"href":"https:\/\/e.kosmolat.eu\/lv\/wp-json\/wp\/v2\/product"}],"about":[{"href":"https:\/\/e.kosmolat.eu\/lv\/wp-json\/wp\/v2\/types\/product"}],"wp:featuredmedia":[{"embeddable":true,"href":"https:\/\/e.kosmolat.eu\/lv\/wp-json\/wp\/v2\/media\/104604"}],"wp:attachment":[{"href":"https:\/\/e.kosmolat.eu\/lv\/wp-json\/wp\/v2\/media?parent=103808"}],"wp:term":[{"taxonomy":"product_cat","embeddable":true,"href":"https:\/\/e.kosmolat.eu\/lv\/wp-json\/wp\/v2\/product_cat?post=103808"},{"taxonomy":"product_tag","embeddable":true,"href":"https:\/\/e.kosmolat.eu\/lv\/wp-json\/wp\/v2\/product_tag?post=103808"}],"curies":[{"name":"wp","href":"https:\/\/api.w.org\/{rel}","templated":true}]}}