{"id":103804,"date":"2026-02-01T16:35:57","date_gmt":"2026-02-01T16:35:57","guid":{"rendered":"https:\/\/e.kosmolat.eu\/product\/gp-cukura-sals-kerm-skrubis-ar-lavandu-un-linu-ellu-200-ml\/"},"modified":"2026-05-08T15:39:35","modified_gmt":"2026-05-08T15:39:35","slug":"gp-cukura-sals-kerm-skrubis-ar-lavandu-un-linu-ellu-200-ml","status":"publish","type":"product","link":"https:\/\/e.kosmolat.eu\/lv\/product\/gp-cukura-sals-kerm-skrubis-ar-lavandu-un-linu-ellu-200-ml\/","title":{"rendered":"GP Cukura-s\u0101ls \u0137erm.skrubis ar lavandu un linu e\u013c\u013cu, 200 ml"},"content":{"rendered":"<p>Atsvaidzino\u0161s cukura un s\u0101ls skrubis ar lavandu un lins\u0113klu e\u013c\u013cu, kas att\u012bra \u0101du un pal\u012bdz atjaunot t\u0101s gludumu.<\/p>\n<p>Dermatolo\u0123iski test\u0113ts.<\/p>\n<p>Lieto\u0161ana: uzkl\u0101t nelielu daudzumu uz mitras \u0101das, iemas\u0113t, noskalot ar siltu \u016bdeni. Lietot 1\u20132 reizes ned\u0113\u013c\u0101.<\/p>\n<p>Uzglab\u0101t temperat\u016br\u0101 no +5 \u00b0\u0421 l\u012bdz +25 \u00b0\u0421.<\/p>\n","protected":false},"excerpt":{"rendered":"<p>Atsvaidzino\u0161s cukura un s\u0101ls skrubis ar lavandu un lins\u0113klu e\u013c\u013cu, kas att\u012bra \u0101du un pal\u012bdz atjaunot t\u0101s gludumu. Dermatolo\u0123iski test\u0113ts. Lieto\u0161ana: uzkl\u0101t nelielu daudzumu uz mitras \u0101das, iemas\u0113t, noskalot ar siltu \u016bdeni. Lietot 1\u20132 reizes ned\u0113\u013c\u0101. Uzglab\u0101t temperat\u016br\u0101 no +5 \u00b0\u0421 l\u012bdz +25 \u00b0\u0421.<\/p>\n","protected":false},"featured_media":104600,"template":"","meta":[],"product_cat":[1357],"product_tag":[],"class_list":{"0":"post-103804","1":"product","2":"type-product","3":"status-publish","4":"has-post-thumbnail","6":"product_brand-elfa_ua","7":"product_cat-skrubji-un-pilingi-kermenim","9":"first","10":"instock","11":"taxable","12":"shipping-taxable","13":"product-type-simple"},"_links":{"self":[{"href":"https:\/\/e.kosmolat.eu\/lv\/wp-json\/wp\/v2\/product\/103804","targetHints":{"allow":["GET"]}}],"collection":[{"href":"https:\/\/e.kosmolat.eu\/lv\/wp-json\/wp\/v2\/product"}],"about":[{"href":"https:\/\/e.kosmolat.eu\/lv\/wp-json\/wp\/v2\/types\/product"}],"wp:featuredmedia":[{"embeddable":true,"href":"https:\/\/e.kosmolat.eu\/lv\/wp-json\/wp\/v2\/media\/104600"}],"wp:attachment":[{"href":"https:\/\/e.kosmolat.eu\/lv\/wp-json\/wp\/v2\/media?parent=103804"}],"wp:term":[{"taxonomy":"product_cat","embeddable":true,"href":"https:\/\/e.kosmolat.eu\/lv\/wp-json\/wp\/v2\/product_cat?post=103804"},{"taxonomy":"product_tag","embeddable":true,"href":"https:\/\/e.kosmolat.eu\/lv\/wp-json\/wp\/v2\/product_tag?post=103804"}],"curies":[{"name":"wp","href":"https:\/\/api.w.org\/{rel}","templated":true}]}}