{"id":103800,"date":"2026-01-28T06:11:04","date_gmt":"2026-01-28T06:11:04","guid":{"rendered":"https:\/\/e.kosmolat.eu\/product\/gp-dusas-zeleja-zala-kafija-un-ingvera-ella-500-ml\/"},"modified":"2026-05-08T15:42:02","modified_gmt":"2026-05-08T15:42:02","slug":"gp-dusas-zeleja-zala-kafija-un-ingvera-ella-500-ml","status":"publish","type":"product","link":"https:\/\/e.kosmolat.eu\/lv\/product\/gp-dusas-zeleja-zala-kafija-un-ingvera-ella-500-ml\/","title":{"rendered":"GP Du\u0161as \u017eeleja Za\u013c\u0101 kafija un ingvera e\u013c\u013ca, 500 ml"},"content":{"rendered":"<p>Za\u013c\u0101s kafijas ekstrakts toniz\u0113, nostiprina un veicina \u0101das jaun\u012bbu un elast\u012bbu. Tam ir pretcelul\u012bta iedarb\u012bba. Ingvera e\u013c\u013ca att\u012bra un nov\u0113r\u0161 iekaisuma reakcijas problem\u0101tisk\u0101 \u0101d\u0101. Palielina taukainas \u0101das tonusu, veicina att\u012br\u012b\u0161anu un poru samazin\u0101\u0161anu.<\/p>\n<p>Dermatolo\u0123iski test\u0113ta.<\/p>\n<p>Lieto\u0161ana: Uzkl\u0101t nelielu daudzumu \u017eelejas uz mitras \u0101das, iemas\u0113t ar ap\u013cveida kust\u012bb\u0101m, maigi mas\u0113jot visu \u0137ermeni, tad noskalot ar \u016bdeni.<\/p>\n<p>Uzglab\u0101t temperat\u016br\u0101 no +5 \u00b0\u0421 l\u012bdz +25 \u00b0\u0421.<\/p>\n","protected":false},"excerpt":{"rendered":"<p>Za\u013c\u0101s kafijas ekstrakts toniz\u0113, nostiprina un veicina \u0101das jaun\u012bbu un elast\u012bbu. Tam ir pretcelul\u012bta iedarb\u012bba. Ingvera e\u013c\u013ca att\u012bra un nov\u0113r\u0161 iekaisuma reakcijas problem\u0101tisk\u0101 \u0101d\u0101. Palielina taukainas \u0101das tonusu, veicina att\u012br\u012b\u0161anu un poru samazin\u0101\u0161anu. Dermatolo\u0123iski test\u0113ta. Lieto\u0161ana: Uzkl\u0101t nelielu daudzumu \u017eelejas uz mitras \u0101das, iemas\u0113t ar ap\u013cveida kust\u012bb\u0101m, maigi mas\u0113jot visu \u0137ermeni, tad noskalot ar \u016bdeni. [&#8230;]\n","protected":false},"featured_media":104640,"template":"","meta":[],"product_cat":[1282],"product_tag":[],"class_list":{"0":"post-103800","1":"product","2":"type-product","3":"status-publish","4":"has-post-thumbnail","6":"product_brand-elfa_ua","7":"product_cat-duso-geliai-ir-duso-aliejai","9":"first","10":"instock","11":"taxable","12":"shipping-taxable","13":"product-type-simple"},"_links":{"self":[{"href":"https:\/\/e.kosmolat.eu\/lv\/wp-json\/wp\/v2\/product\/103800","targetHints":{"allow":["GET"]}}],"collection":[{"href":"https:\/\/e.kosmolat.eu\/lv\/wp-json\/wp\/v2\/product"}],"about":[{"href":"https:\/\/e.kosmolat.eu\/lv\/wp-json\/wp\/v2\/types\/product"}],"wp:featuredmedia":[{"embeddable":true,"href":"https:\/\/e.kosmolat.eu\/lv\/wp-json\/wp\/v2\/media\/104640"}],"wp:attachment":[{"href":"https:\/\/e.kosmolat.eu\/lv\/wp-json\/wp\/v2\/media?parent=103800"}],"wp:term":[{"taxonomy":"product_cat","embeddable":true,"href":"https:\/\/e.kosmolat.eu\/lv\/wp-json\/wp\/v2\/product_cat?post=103800"},{"taxonomy":"product_tag","embeddable":true,"href":"https:\/\/e.kosmolat.eu\/lv\/wp-json\/wp\/v2\/product_tag?post=103800"}],"curies":[{"name":"wp","href":"https:\/\/api.w.org\/{rel}","templated":true}]}}