{"id":103796,"date":"2026-01-28T06:10:49","date_gmt":"2026-01-28T06:10:49","guid":{"rendered":"https:\/\/e.kosmolat.eu\/product\/gp-dusas-zeleja-damaskas-roze-un-si-sviests-500-ml\/"},"modified":"2026-05-08T15:41:48","modified_gmt":"2026-05-08T15:41:48","slug":"gp-dusas-zeleja-damaskas-roze-un-si-sviests-500-ml","status":"publish","type":"product","link":"https:\/\/e.kosmolat.eu\/lv\/product\/gp-dusas-zeleja-damaskas-roze-un-si-sviests-500-ml\/","title":{"rendered":"GP Du\u0161as \u017eeleja Damaskas roze un \u0161\u012b sviests, 500 ml"},"content":{"rendered":"<p>Damaskas ro\u017eu ekstrakts uzlabo \u0101das elast\u012bbu un toniz\u0113. \u0160\u012b sviests akt\u012bvi mitrina un baro \u0101du, izl\u012bdzina to un atjauno.<\/p>\n<p>Dermatolo\u0123iski test\u0113ta.<\/p>\n<p>Lieto\u0161ana: Uzkl\u0101t nelielu daudzumu \u017eelejas uz mitras \u0101das, iemas\u0113t ar ap\u013cveida kust\u012bb\u0101m, maigi mas\u0113jot visu \u0137ermeni, tad noskalot ar \u016bdeni.<\/p>\n<p>Uzglab\u0101t temperat\u016br\u0101 no +5 \u00b0\u0421 l\u012bdz +25 \u00b0\u0421.<\/p>\n","protected":false},"excerpt":{"rendered":"<p>Damaskas ro\u017eu ekstrakts uzlabo \u0101das elast\u012bbu un toniz\u0113. \u0160\u012b sviests akt\u012bvi mitrina un baro \u0101du, izl\u012bdzina to un atjauno. Dermatolo\u0123iski test\u0113ta. Lieto\u0161ana: Uzkl\u0101t nelielu daudzumu \u017eelejas uz mitras \u0101das, iemas\u0113t ar ap\u013cveida kust\u012bb\u0101m, maigi mas\u0113jot visu \u0137ermeni, tad noskalot ar \u016bdeni. Uzglab\u0101t temperat\u016br\u0101 no +5 \u00b0\u0421 l\u012bdz +25 \u00b0\u0421.<\/p>\n","protected":false},"featured_media":104636,"template":"","meta":[],"product_cat":[1282],"product_tag":[],"class_list":{"0":"post-103796","1":"product","2":"type-product","3":"status-publish","4":"has-post-thumbnail","6":"product_brand-elfa_ua","7":"product_cat-duso-geliai-ir-duso-aliejai","9":"first","10":"instock","11":"taxable","12":"shipping-taxable","13":"product-type-simple"},"_links":{"self":[{"href":"https:\/\/e.kosmolat.eu\/lv\/wp-json\/wp\/v2\/product\/103796","targetHints":{"allow":["GET"]}}],"collection":[{"href":"https:\/\/e.kosmolat.eu\/lv\/wp-json\/wp\/v2\/product"}],"about":[{"href":"https:\/\/e.kosmolat.eu\/lv\/wp-json\/wp\/v2\/types\/product"}],"wp:featuredmedia":[{"embeddable":true,"href":"https:\/\/e.kosmolat.eu\/lv\/wp-json\/wp\/v2\/media\/104636"}],"wp:attachment":[{"href":"https:\/\/e.kosmolat.eu\/lv\/wp-json\/wp\/v2\/media?parent=103796"}],"wp:term":[{"taxonomy":"product_cat","embeddable":true,"href":"https:\/\/e.kosmolat.eu\/lv\/wp-json\/wp\/v2\/product_cat?post=103796"},{"taxonomy":"product_tag","embeddable":true,"href":"https:\/\/e.kosmolat.eu\/lv\/wp-json\/wp\/v2\/product_tag?post=103796"}],"curies":[{"name":"wp","href":"https:\/\/api.w.org\/{rel}","templated":true}]}}