{"id":103792,"date":"2026-01-28T06:10:35","date_gmt":"2026-01-28T06:10:35","guid":{"rendered":"https:\/\/e.kosmolat.eu\/product\/gp-dusas-zeleja-lavanda-un-linu-ella-500-ml\/"},"modified":"2026-04-22T07:16:55","modified_gmt":"2026-04-22T07:16:55","slug":"gp-dusas-zeleja-lavanda-un-linu-ella-500-ml","status":"publish","type":"product","link":"https:\/\/e.kosmolat.eu\/lv\/product\/gp-dusas-zeleja-lavanda-un-linu-ella-500-ml\/","title":{"rendered":"GP Du\u0161as \u017eeleja Lavanda un linu e\u013cla, 500 ml"},"content":{"rendered":"<p>Lavandas ekstrakts maigi kopj \u0101du, uzlabo mikrocirkul\u0101ciju, darbojas k\u0101 antioksidants un stimul\u0113 \u0101das atjauno\u0161anos. Lins\u0113klu e\u013c\u013ca nodro\u0161ina \u0101du ar nepiecie\u0161amaj\u0101m viel\u0101m, k\u0101 ar\u012b m\u012bkstina un atjauno \u0101du.<\/p>\n<p>Dermatolo\u0123iski test\u0113ta.<\/p>\n<p>Lieto\u0161ana: Uzkl\u0101t nelielu daudzumu \u017eelejas uz mitras \u0101das, iemas\u0113t ar ap\u013cveida kust\u012bb\u0101m, maigi mas\u0113jot visu \u0137ermeni, tad noskalot ar \u016bdeni.<\/p>\n<p>Uzglab\u0101t temperat\u016br\u0101 no +5 \u00b0\u0421 l\u012bdz +25 \u00b0\u0421.<\/p>\n","protected":false},"excerpt":{"rendered":"<p>Lavandas ekstrakts maigi kopj \u0101du, uzlabo mikrocirkul\u0101ciju, darbojas k\u0101 antioksidants un stimul\u0113 \u0101das atjauno\u0161anos. Lins\u0113klu e\u013c\u013ca nodro\u0161ina \u0101du ar nepiecie\u0161amaj\u0101m viel\u0101m, k\u0101 ar\u012b m\u012bkstina un atjauno \u0101du. Dermatolo\u0123iski test\u0113ta. Lieto\u0161ana: Uzkl\u0101t nelielu daudzumu \u017eelejas uz mitras \u0101das, iemas\u0113t ar ap\u013cveida kust\u012bb\u0101m, maigi mas\u0113jot visu \u0137ermeni, tad noskalot ar \u016bdeni. Uzglab\u0101t temperat\u016br\u0101 no +5 \u00b0\u0421 l\u012bdz [&#8230;]\n","protected":false},"featured_media":104632,"template":"","meta":[],"product_cat":[2181],"product_tag":[],"class_list":{"0":"post-103792","1":"product","2":"type-product","3":"status-publish","4":"has-post-thumbnail","6":"product_brand-elfa_ua","7":"product_cat-bez-kategorijas-lt","9":"first","10":"instock","11":"taxable","12":"shipping-taxable","13":"product-type-simple"},"_links":{"self":[{"href":"https:\/\/e.kosmolat.eu\/lv\/wp-json\/wp\/v2\/product\/103792","targetHints":{"allow":["GET"]}}],"collection":[{"href":"https:\/\/e.kosmolat.eu\/lv\/wp-json\/wp\/v2\/product"}],"about":[{"href":"https:\/\/e.kosmolat.eu\/lv\/wp-json\/wp\/v2\/types\/product"}],"wp:featuredmedia":[{"embeddable":true,"href":"https:\/\/e.kosmolat.eu\/lv\/wp-json\/wp\/v2\/media\/104632"}],"wp:attachment":[{"href":"https:\/\/e.kosmolat.eu\/lv\/wp-json\/wp\/v2\/media?parent=103792"}],"wp:term":[{"taxonomy":"product_cat","embeddable":true,"href":"https:\/\/e.kosmolat.eu\/lv\/wp-json\/wp\/v2\/product_cat?post=103792"},{"taxonomy":"product_tag","embeddable":true,"href":"https:\/\/e.kosmolat.eu\/lv\/wp-json\/wp\/v2\/product_tag?post=103792"}],"curies":[{"name":"wp","href":"https:\/\/api.w.org\/{rel}","templated":true}]}}