{"id":103769,"date":"2026-01-22T06:06:47","date_gmt":"2026-01-22T06:06:47","guid":{"rendered":"https:\/\/e.kosmolat.eu\/product\/ekel-placenta-auduma-sejas-maska-25-ml\/"},"modified":"2026-04-22T08:41:03","modified_gmt":"2026-04-22T08:41:03","slug":"ekel-placenta-auduma-sejas-maska-25-ml","status":"publish","type":"product","link":"https:\/\/e.kosmolat.eu\/lv\/product\/ekel-placenta-auduma-sejas-maska-25-ml\/","title":{"rendered":"Ekel Placenta auduma sejas maska, 25 ml"},"content":{"rendered":"<p>Satur hidroliz\u0113tu placentas ekstraktu, kas bag\u0101ts ar bar\u012bbas viel\u0101m, mitrina \u0101du un pal\u012bdz saglab\u0101t boj\u0101tas \u0101das vesel\u012bbu un sp\u012bdumu.<\/p>\n<p>Maska nodro\u0161ina pietiekamu mitrin\u0101\u0161anu un baro\u0161anu \u0101dai, kas pak\u013cauta \u0101r\u0113jo faktoru iedarb\u012bbai, un t\u0101 akt\u012bv\u0101 sast\u0101vda\u013ca veido aizsargsl\u0101ni un pal\u012bdz nov\u0113rst mitruma iztvaiko\u0161anu, t\u0101d\u0113j\u0101di mitrinot \u0101du. Mitrino\u0161\u0101s un m\u012bkstino\u0161\u0101s sast\u0101vda\u013cas padara \u0101du vesel\u012bgu, dz\u012bv\u012bgu un t\u012bru, nodro\u0161inot tai pietiekamu mitruma un bar\u012bbas daudzumu.<\/p>\n<p>Lieto\u0161ana:<br \/>\n1.\tP\u0113c sejas att\u012br\u012b\u0161anas no\u0146emiet lieko mitrumu un sagatavojiet \u0101du ar toniku. (Nelietojiet losjonu vai kr\u0113mu.)<br \/>\n2.\tAtlociet esences auduma masku, uzman\u012bgi izl\u012bdziniet to un uzkl\u0101jiet uz sejas, saska\u0146ojot ar acu zonu, cie\u0161i piegu\u013co\u0161\u0101 veid\u0101 bez krok\u0101m.<br \/>\n3.\tAtst\u0101jiet uz 20\u201330 min\u016bt\u0113m, p\u0113c tam no\u0146emiet, kad esence ir da\u013c\u0113ji ies\u016bkusies.<br \/>\n4.\tAtliku\u0161o esenci viegli iemas\u0113jiet \u0101d\u0101 ar piesitieniem, l\u012bdz t\u0101 piln\u012bb\u0101 uzs\u016bcas.<br \/>\n5.\tJa nepiecie\u0161ams, pabeidziet kop\u0161anu ar kr\u0113mu.<\/p>\n<p>Piesardz\u012bbas pas\u0101kumi:<br \/>\n1.\tJa lieto\u0161anas laik\u0101 vai p\u0113c uztur\u0113\u0161an\u0101s tie\u0161os saules staros par\u0101d\u0101s aps\u0101rtums, piet\u016bkums, nieze vai citas neparastas reakcijas, p\u0101rtrauciet lieto\u0161anu un konsult\u0113jieties ar speci\u0101listu.<br \/>\n2.\tNelietot uz boj\u0101tas \u0101das.<br \/>\n3.\tIzvair\u012bties no saskares ar ac\u012bm.<\/p>\n<p>Uzglab\u0101t b\u0113rniem nepieejam\u0101 viet\u0101, temperat\u016br\u0101 no +5 \u00b0\u0421 l\u012bdz +25 \u00b0\u0421, sarg\u0101jot no tie\u0161iem saules stariem, siltuma avotiem.<\/p>\n","protected":false},"excerpt":{"rendered":"<p>Satur hidroliz\u0113tu placentas ekstraktu, kas bag\u0101ts ar bar\u012bbas viel\u0101m, mitrina \u0101du un pal\u012bdz saglab\u0101t boj\u0101tas \u0101das vesel\u012bbu un sp\u012bdumu. Maska nodro\u0161ina pietiekamu mitrin\u0101\u0161anu un baro\u0161anu \u0101dai, kas pak\u013cauta \u0101r\u0113jo faktoru iedarb\u012bbai, un t\u0101 akt\u012bv\u0101 sast\u0101vda\u013ca veido aizsargsl\u0101ni un pal\u012bdz nov\u0113rst mitruma iztvaiko\u0161anu, t\u0101d\u0113j\u0101di mitrinot \u0101du. Mitrino\u0161\u0101s un m\u012bkstino\u0161\u0101s sast\u0101vda\u013cas padara \u0101du vesel\u012bgu, dz\u012bv\u012bgu un t\u012bru, [&#8230;]\n","protected":false},"featured_media":104816,"template":"","meta":[],"product_cat":[1367],"product_tag":[],"class_list":{"0":"post-103769","1":"product","2":"type-product","3":"status-publish","4":"has-post-thumbnail","6":"product_brand-replay_kr","7":"product_cat-sejas-maskas","9":"first","10":"outofstock","11":"taxable","12":"shipping-taxable","13":"product-type-simple"},"_links":{"self":[{"href":"https:\/\/e.kosmolat.eu\/lv\/wp-json\/wp\/v2\/product\/103769","targetHints":{"allow":["GET"]}}],"collection":[{"href":"https:\/\/e.kosmolat.eu\/lv\/wp-json\/wp\/v2\/product"}],"about":[{"href":"https:\/\/e.kosmolat.eu\/lv\/wp-json\/wp\/v2\/types\/product"}],"wp:featuredmedia":[{"embeddable":true,"href":"https:\/\/e.kosmolat.eu\/lv\/wp-json\/wp\/v2\/media\/104816"}],"wp:attachment":[{"href":"https:\/\/e.kosmolat.eu\/lv\/wp-json\/wp\/v2\/media?parent=103769"}],"wp:term":[{"taxonomy":"product_cat","embeddable":true,"href":"https:\/\/e.kosmolat.eu\/lv\/wp-json\/wp\/v2\/product_cat?post=103769"},{"taxonomy":"product_tag","embeddable":true,"href":"https:\/\/e.kosmolat.eu\/lv\/wp-json\/wp\/v2\/product_tag?post=103769"}],"curies":[{"name":"wp","href":"https:\/\/api.w.org\/{rel}","templated":true}]}}