{"id":103736,"date":"2026-01-20T11:00:47","date_gmt":"2026-01-20T11:00:47","guid":{"rendered":"https:\/\/e.kosmolat.eu\/product\/lady-caramel-vasks-sejas-epilacijai-argana-12-gab\/"},"modified":"2026-04-11T18:29:00","modified_gmt":"2026-04-11T18:29:00","slug":"lady-caramel-vasks-sejas-epilacijai-argana-12-gab","status":"publish","type":"product","link":"https:\/\/e.kosmolat.eu\/lv\/product\/lady-caramel-vasks-sejas-epilacijai-argana-12-gab\/","title":{"rendered":"Lady Caramel Vasks sejas epil\u0101cijai Argana, 12 gab"},"content":{"rendered":"<p>Iepakojuma saturs:<br \/>\nvaska str\u0113meles epil\u0101cijai \u2013 12 gab., salvetes \u2013 2 gab. Vasks ir efekt\u012bvs epil\u0101cijas l\u012bdzeklis, ja mati\u0146u garums ir vismaz 2-5 mm. <\/p>\n<p>Lieto\u0161ana:<br \/>\nDienu pirms proced\u016bras izmantojiet skrubi, lai atjaunotu \u0101du un izt\u012br\u012btu poras, kas iev\u0113rojami paaugstin\u0101s epil\u0101cija efektivit\u0101ti. Pirms epil\u0101cijas \u0101dai j\u0101b\u016bt sausai un attaukotai. Lab\u0101kam efektam var uzkl\u0101t nelielu daudzumu kosm\u0113tisk\u0101 talka. 1. Uzman\u012bgi atdaliet str\u0113meles div\u0101s da\u013c\u0101s. Lietojamas abas str\u0113meles da\u013cas.<br \/>\n2. Uzman\u012bgi piel\u012bm\u0113jiet katru str\u0113meli cie\u0161i \u0101dai matu aug\u0161anas virzien\u0101 un piespiediet t\u0101s.<br \/>\n3. Ar vienu asu kust\u012bbu nopl\u0113siet str\u0113meli oblig\u0101ti pret\u0113ji matu aug\u0161anas virzienam!<br \/>\n4. Not\u012briet vaska paliekas ar speci\u0101lo e\u013c\u013cu saturo\u0161u vaska no\u0146em\u0161anas salveti.<br \/>\nP\u0113c proced\u016bras ieteicams uzkl\u0101t mitrino\u0161u p\u0113cepil\u0101cijas kr\u0113mu. <\/p>\n<p>Piesardz\u012bbas pas\u0101kumi:<br \/>\niev\u0113rojiet lieto\u0161anas instrukcijas un izlasiet piesardz\u012bbas pas\u0101kumus. Pirms katras proced\u016bras p\u0101rbaudiet \u0101das reakciju, uzkl\u0101jot vasku uz neliela \u0101das laukuma. Ja p\u0113c 24 stund\u0101m blakuspar\u0101d\u012bbas nerodas, l\u012bdzek\u013ca lieto\u0161anu var turpin\u0101t. L\u012bdzeklis ir piem\u0113rots mati\u0146u no\u0146em\u0161anai no k\u0101ju un roku \u0101das. Nelietot uz galvas, ac\u012bm, uzac\u012bm, deguna, aus\u012bm, kr\u016bt\u012bm, kr\u016b\u0161u galiem, padus\u0113m, dzimumorg\u0101niem vai perian\u0101laj\u0101 zon\u0101.<br \/>\nProced\u016bra nav piem\u0113rota gados vec\u0101kiem cilv\u0113kiem, diab\u0113ta slimniekiem vai cilv\u0113kiem, kas lieto z\u0101les pret akni. Nelietot br\u016b\u010du, varikozo v\u0113nu, p\u016bt\u012b\u0161u, kairin\u0101tas vai apdegu\u0161as \u0101das gad\u012bjum\u0101, vai, ja iepriek\u0161 jau ir bijusi nev\u0113lama reakcija uz epil\u0101cijas vasku. Izvairieties no sau\u013co\u0161an\u0101s, peld\u0113\u0161anas, dezodorantu vai citu spirtu saturo\u0161u produktu un smar\u017eu lieto\u0161anas 24 stundas pirms un p\u0113c epil\u0101cijas. Ja uzglab\u0101\u0161anas temperat\u016bra p\u0101rsniedz +30 \u00baC, pirms lieto\u0161anas str\u0113meles ievietojiet ledusskap\u012b uz 30 min\u016bt\u0113m. Nelietot iek\u0161\u0137\u012bgi. <\/p>\n<p>Uzglab\u0101\u0161anas noteikumi:<br \/>\nuzglab\u0101t temperat\u016br\u0101 no +15 \u00b0\u0421 l\u012bdz +35 \u00b0\u0421, sarg\u0101jot no b\u0113rniem un m\u0101jdz\u012bvniekiem. Uzglab\u0101t horizont\u0101l\u0101 st\u0101vokl\u012b.<\/p>\n","protected":false},"excerpt":{"rendered":"<p>Iepakojuma saturs: vaska str\u0113meles epil\u0101cijai \u2013 12 gab., salvetes \u2013 2 gab. Vasks ir efekt\u012bvs epil\u0101cijas l\u012bdzeklis, ja mati\u0146u garums ir vismaz 2-5 mm. Lieto\u0161ana: Dienu pirms proced\u016bras izmantojiet skrubi, lai atjaunotu \u0101du un izt\u012br\u012btu poras, kas iev\u0113rojami paaugstin\u0101s epil\u0101cija efektivit\u0101ti. Pirms epil\u0101cijas \u0101dai j\u0101b\u016bt sausai un attaukotai. Lab\u0101kam efektam var uzkl\u0101t nelielu daudzumu kosm\u0113tisk\u0101 [&#8230;]\n","protected":false},"featured_media":103740,"template":"","meta":[],"product_cat":[1581],"product_tag":[],"class_list":{"0":"post-103736","1":"product","2":"type-product","3":"status-publish","4":"has-post-thumbnail","6":"product_brand-elfa_ua","7":"product_cat-depilacija","9":"first","10":"instock","11":"taxable","12":"shipping-taxable","13":"product-type-simple"},"_links":{"self":[{"href":"https:\/\/e.kosmolat.eu\/lv\/wp-json\/wp\/v2\/product\/103736","targetHints":{"allow":["GET"]}}],"collection":[{"href":"https:\/\/e.kosmolat.eu\/lv\/wp-json\/wp\/v2\/product"}],"about":[{"href":"https:\/\/e.kosmolat.eu\/lv\/wp-json\/wp\/v2\/types\/product"}],"wp:featuredmedia":[{"embeddable":true,"href":"https:\/\/e.kosmolat.eu\/lv\/wp-json\/wp\/v2\/media\/103740"}],"wp:attachment":[{"href":"https:\/\/e.kosmolat.eu\/lv\/wp-json\/wp\/v2\/media?parent=103736"}],"wp:term":[{"taxonomy":"product_cat","embeddable":true,"href":"https:\/\/e.kosmolat.eu\/lv\/wp-json\/wp\/v2\/product_cat?post=103736"},{"taxonomy":"product_tag","embeddable":true,"href":"https:\/\/e.kosmolat.eu\/lv\/wp-json\/wp\/v2\/product_tag?post=103736"}],"curies":[{"name":"wp","href":"https:\/\/api.w.org\/{rel}","templated":true}]}}