{"id":103728,"date":"2026-01-20T09:25:45","date_gmt":"2026-01-20T09:25:45","guid":{"rendered":"https:\/\/e.kosmolat.eu\/product\/gp-samp-jut-galvas-adai-zens-un-marokas-piparm-ella-350-ml\/"},"modified":"2026-04-15T13:27:41","modified_gmt":"2026-04-15T13:27:41","slug":"gp-samp-jut-galvas-adai-zens-un-marokas-piparm-ella-350-ml","status":"publish","type":"product","link":"https:\/\/e.kosmolat.eu\/lv\/product\/gp-samp-jut-galvas-adai-zens-un-marokas-piparm-ella-350-ml\/","title":{"rendered":"GP \u0160amp. jut. galvas \u0101dai \u017de\u0146\u0161. un marokas piparm. e\u013cla, 350 ml"},"content":{"rendered":"<p>Lieto\u0161ana: uzkl\u0101jiet uz mitriem matiem, saputojiet un noskalojiet ar \u016bdeni.<\/p>\n<p>Piesardz\u012bbas pas\u0101kumi: tikai \u0101r\u012bgai lieto\u0161anai. Ja iek\u013c\u016bst ac\u012bs, nekav\u0113joties izskalojiet ar \u016bdeni. Iesp\u0113jama individu\u0101la jut\u012bba pret atsevi\u0161\u0137\u0101m sast\u0101vda\u013c\u0101m.<\/p>\n<p>Der\u012bguma termi\u0146\u0161: 30 m\u0113ne\u0161i no izgatavo\u0161anas datuma.<\/p>\n<p>Uzglab\u0101\u0161anas noteikumi: uzglab\u0101t temperat\u016br\u0101 no +5 \u00b0\u0421 l\u012bdz +25 \u00b0\u0421.<\/p>\n","protected":false},"excerpt":{"rendered":"<p>Lieto\u0161ana: uzkl\u0101jiet uz mitriem matiem, saputojiet un noskalojiet ar \u016bdeni. Piesardz\u012bbas pas\u0101kumi: tikai \u0101r\u012bgai lieto\u0161anai. Ja iek\u013c\u016bst ac\u012bs, nekav\u0113joties izskalojiet ar \u016bdeni. Iesp\u0113jama individu\u0101la jut\u012bba pret atsevi\u0161\u0137\u0101m sast\u0101vda\u013c\u0101m. Der\u012bguma termi\u0146\u0161: 30 m\u0113ne\u0161i no izgatavo\u0161anas datuma. Uzglab\u0101\u0161anas noteikumi: uzglab\u0101t temperat\u016br\u0101 no +5 \u00b0\u0421 l\u012bdz +25 \u00b0\u0421.<\/p>\n","protected":false},"featured_media":0,"template":"","meta":[],"product_cat":[1248],"product_tag":[],"class_list":{"0":"post-103728","1":"product","2":"type-product","3":"status-publish","5":"product_brand-elfa_ua","6":"product_cat-sampuni","8":"first","9":"instock","10":"taxable","11":"shipping-taxable","12":"product-type-simple"},"_links":{"self":[{"href":"https:\/\/e.kosmolat.eu\/lv\/wp-json\/wp\/v2\/product\/103728","targetHints":{"allow":["GET"]}}],"collection":[{"href":"https:\/\/e.kosmolat.eu\/lv\/wp-json\/wp\/v2\/product"}],"about":[{"href":"https:\/\/e.kosmolat.eu\/lv\/wp-json\/wp\/v2\/types\/product"}],"wp:attachment":[{"href":"https:\/\/e.kosmolat.eu\/lv\/wp-json\/wp\/v2\/media?parent=103728"}],"wp:term":[{"taxonomy":"product_cat","embeddable":true,"href":"https:\/\/e.kosmolat.eu\/lv\/wp-json\/wp\/v2\/product_cat?post=103728"},{"taxonomy":"product_tag","embeddable":true,"href":"https:\/\/e.kosmolat.eu\/lv\/wp-json\/wp\/v2\/product_tag?post=103728"}],"curies":[{"name":"wp","href":"https:\/\/api.w.org\/{rel}","templated":true}]}}