{"id":103673,"date":"2026-01-08T15:52:44","date_gmt":"2026-01-08T15:52:44","guid":{"rendered":"https:\/\/e.kosmolat.eu\/?post_type=product&#038;p=103673"},"modified":"2026-05-08T15:42:16","modified_gmt":"2026-05-08T15:42:16","slug":"gp-dusas-zeleja-viges-un-argana-ella-500-ml","status":"publish","type":"product","link":"https:\/\/e.kosmolat.eu\/lv\/product\/gp-dusas-zeleja-viges-un-argana-ella-500-ml\/","title":{"rendered":"GP Du\u0161as \u017eeleja v\u012b\u0123es un argana e\u013cla, 500 ml"},"content":{"rendered":"<p>Argana e\u013c\u013ca veicina \u0101das jaun\u012bbu, mitrina, baro, piepilda ar vitalit\u0101ti un ener\u0123iju. V\u012b\u0123u aug\u013cu ekstrakts pie\u0161\u0137ir maigu, samtainu gludumu.<\/p>\n<p>Dermatolo\u0123iski test\u0113ta.<\/p>\n<p>Lieto\u0161ana: Uzkl\u0101t nelielu daudzumu \u017eelejas uz mitras \u0101das, iemas\u0113t ar ap\u013cveida kust\u012bb\u0101m, maigi mas\u0113jot visu \u0137ermeni, tad noskalot ar \u016bdeni.<\/p>\n<p>Uzglab\u0101t temperat\u016br\u0101 no +5 \u00b0\u0421 l\u012bdz +25 \u00b0\u0421<\/p>\n","protected":false},"excerpt":{"rendered":"<p>Argana e\u013c\u013ca veicina \u0101das jaun\u012bbu, mitrina, baro, piepilda ar vitalit\u0101ti un ener\u0123iju. V\u012b\u0123u aug\u013cu ekstrakts pie\u0161\u0137ir maigu, samtainu gludumu. Dermatolo\u0123iski test\u0113ta. Lieto\u0161ana: Uzkl\u0101t nelielu daudzumu \u017eelejas uz mitras \u0101das, iemas\u0113t ar ap\u013cveida kust\u012bb\u0101m, maigi mas\u0113jot visu \u0137ermeni, tad noskalot ar \u016bdeni. Uzglab\u0101t temperat\u016br\u0101 no +5 \u00b0\u0421 l\u012bdz +25 \u00b0\u0421<\/p>\n","protected":false},"featured_media":104644,"template":"","meta":[],"product_cat":[1282],"product_tag":[],"class_list":{"0":"post-103673","1":"product","2":"type-product","3":"status-publish","4":"has-post-thumbnail","6":"product_brand-elfa_ua","7":"product_cat-duso-geliai-ir-duso-aliejai","9":"first","10":"instock","11":"taxable","12":"shipping-taxable","13":"product-type-simple"},"_links":{"self":[{"href":"https:\/\/e.kosmolat.eu\/lv\/wp-json\/wp\/v2\/product\/103673","targetHints":{"allow":["GET"]}}],"collection":[{"href":"https:\/\/e.kosmolat.eu\/lv\/wp-json\/wp\/v2\/product"}],"about":[{"href":"https:\/\/e.kosmolat.eu\/lv\/wp-json\/wp\/v2\/types\/product"}],"wp:featuredmedia":[{"embeddable":true,"href":"https:\/\/e.kosmolat.eu\/lv\/wp-json\/wp\/v2\/media\/104644"}],"wp:attachment":[{"href":"https:\/\/e.kosmolat.eu\/lv\/wp-json\/wp\/v2\/media?parent=103673"}],"wp:term":[{"taxonomy":"product_cat","embeddable":true,"href":"https:\/\/e.kosmolat.eu\/lv\/wp-json\/wp\/v2\/product_cat?post=103673"},{"taxonomy":"product_tag","embeddable":true,"href":"https:\/\/e.kosmolat.eu\/lv\/wp-json\/wp\/v2\/product_tag?post=103673"}],"curies":[{"name":"wp","href":"https:\/\/api.w.org\/{rel}","templated":true}]}}