{"id":103506,"date":"2025-12-19T10:09:03","date_gmt":"2025-12-19T10:09:03","guid":{"rendered":"https:\/\/e.kosmolat.eu\/?post_type=product&#038;p=103506"},"modified":"2026-04-20T05:47:50","modified_gmt":"2026-04-20T05:47:50","slug":"7d-mbw-krems-adai-ap-ac-ar-retinolu-mitrin-un-liftings-18-ml","status":"publish","type":"product","link":"https:\/\/e.kosmolat.eu\/lv\/product\/7d-mbw-krems-adai-ap-ac-ar-retinolu-mitrin-un-liftings-18-ml\/","title":{"rendered":"7D MBW Kr\u0113ms \u0101dai ap ac. ar retinolu Mitrin. un liftings, 18 ml"},"content":{"rendered":"<p>Divk\u0101r\u0161as iedarb\u012bbas kr\u0113ms \u0101dai ap ac\u012bm nodro\u0161ina dzi\u013cu mitrin\u0101\u0161anu un liftinga efektu. Tas pal\u012bdz mazin\u0101t piet\u016bkumu un tum\u0161os lokus zem ac\u012bm. Retinols izl\u012bdzina s\u012bk\u0101s un dzi\u013c\u0101s grumbi\u0146as, stimul\u0113 \u0161\u016bnu atjauno\u0161anos, pal\u012bdz c\u012bn\u012bties ar pigment\u0101ciju un izl\u012bdzina \u0101das tekst\u016bru un toni. Hialuronsk\u0101be intens\u012bvi mitrina, atsvaidzina, palielina \u0101das elast\u012bbu, izl\u012bdzina \u0101du un atjauno mitruma l\u012bdzsvaru. E vitam\u012bns un aug\u013cu ekstrakti nomierina, toniz\u0113 un pal\u012bdz pal\u0113nin\u0101t \u0101das noveco\u0161an\u0101s procesus. Atv\u0113sino\u0161s keramikas aplikators RE-FRESH uzlabo akt\u012bvo sast\u0101vda\u013cu ies\u016bk\u0161anos epiderm\u0101, pal\u012bdz samazin\u0101t piet\u016bkumu, izl\u012bdzin\u0101t grumbi\u0146as un atsvaidzin\u0101t izskatu.<\/p>\n<p>Lieto\u0161ana: att\u012briet \u0101du, izmantojot ierasto sejas mazg\u0101\u0161anas l\u012bdzekli. Uzkl\u0101jiet kr\u0113mu un ar mas\u0101\u017eas aplikatora pal\u012bdz\u012bbu vienm\u0113r\u012bgi izkl\u0101jiet to ap ac\u012bm pa mas\u0101\u017eas l\u012bnij\u0101m 10\u201315 min\u016btes. \u013baujiet piln\u012bb\u0101 ies\u016bkties. Maksim\u0101lam efektam lietojiet kr\u0113mu divas reizes dien\u0101 no r\u012bta un vakar\u0101.<\/p>\n<p>Br\u012bdin\u0101jums: satur A vitam\u012bnu. L\u016bgums pirms lieto\u0161anas p\u0101rdom\u0101t savu dienas devu.<\/p>\n<p>Piesardz\u012bbas pas\u0101kumi: tikai \u0101r\u012bgai lieto\u0161anai. Izvair\u012bties no saskares ar ac\u012bm. Ja nok\u013c\u016bst ac\u012bs, nekav\u0113joties izskalot ar lielu daudzumu \u016bdens un v\u0113rsties p\u0113c medic\u012bnisk\u0101s pal\u012bdz\u012bbas. Nelietot uz boj\u0101tas \u0101das. P\u0101rtraukt lieto\u0161anu, ja par\u0101d\u0101s kairin\u0101jums. Nelietot, ja ir paaugstin\u0101ta jut\u012bba pret k\u0101du no sast\u0101vda\u013c\u0101m. Uzglab\u0101t b\u0113rniem nepieejam\u0101 viet\u0101 temperat\u016br\u0101 no + 5 \u00b0C l\u012bdz + 25 \u00b0C. Sarg\u0101t no tie\u0161iem saules stariem.<\/p>\n","protected":false},"excerpt":{"rendered":"<p>Divk\u0101r\u0161as iedarb\u012bbas kr\u0113ms \u0101dai ap ac\u012bm nodro\u0161ina dzi\u013cu mitrin\u0101\u0161anu un liftinga efektu. Tas pal\u012bdz mazin\u0101t piet\u016bkumu un tum\u0161os lokus zem ac\u012bm. Retinols izl\u012bdzina s\u012bk\u0101s un dzi\u013c\u0101s grumbi\u0146as, stimul\u0113 \u0161\u016bnu atjauno\u0161anos, pal\u012bdz c\u012bn\u012bties ar pigment\u0101ciju un izl\u012bdzina \u0101das tekst\u016bru un toni. Hialuronsk\u0101be intens\u012bvi mitrina, atsvaidzina, palielina \u0101das elast\u012bbu, izl\u012bdzina \u0101du un atjauno mitruma l\u012bdzsvaru. E vitam\u012bns [&#8230;]\n","protected":false},"featured_media":104652,"template":"","meta":[],"product_cat":[1589],"product_tag":[],"class_list":{"0":"post-103506","1":"product","2":"type-product","3":"status-publish","4":"has-post-thumbnail","6":"product_brand-7days_it","7":"product_cat-1589","9":"first","10":"instock","11":"taxable","12":"shipping-taxable","13":"product-type-simple"},"_links":{"self":[{"href":"https:\/\/e.kosmolat.eu\/lv\/wp-json\/wp\/v2\/product\/103506","targetHints":{"allow":["GET"]}}],"collection":[{"href":"https:\/\/e.kosmolat.eu\/lv\/wp-json\/wp\/v2\/product"}],"about":[{"href":"https:\/\/e.kosmolat.eu\/lv\/wp-json\/wp\/v2\/types\/product"}],"wp:featuredmedia":[{"embeddable":true,"href":"https:\/\/e.kosmolat.eu\/lv\/wp-json\/wp\/v2\/media\/104652"}],"wp:attachment":[{"href":"https:\/\/e.kosmolat.eu\/lv\/wp-json\/wp\/v2\/media?parent=103506"}],"wp:term":[{"taxonomy":"product_cat","embeddable":true,"href":"https:\/\/e.kosmolat.eu\/lv\/wp-json\/wp\/v2\/product_cat?post=103506"},{"taxonomy":"product_tag","embeddable":true,"href":"https:\/\/e.kosmolat.eu\/lv\/wp-json\/wp\/v2\/product_tag?post=103506"}],"curies":[{"name":"wp","href":"https:\/\/api.w.org\/{rel}","templated":true}]}}