{"id":103485,"date":"2025-12-17T14:50:51","date_gmt":"2025-12-17T14:50:51","guid":{"rendered":"https:\/\/e.kosmolat.eu\/product\/famirel-hs-dus-pilings-losj-auzas-un-dateles-225-ml\/"},"modified":"2026-04-01T05:43:12","modified_gmt":"2026-04-01T05:43:12","slug":"famirel-hs-dusas-pilings-losj-auzas-un-dateles-225-ml","status":"publish","type":"product","link":"https:\/\/e.kosmolat.eu\/lv\/product\/famirel-hs-dusas-pilings-losj-auzas-un-dateles-225-ml\/","title":{"rendered":"Famirel HS Du\u0161as p\u012blings-losj. Auzas un dateles, 225 ml"},"content":{"rendered":"<p>Eksfoli\u0113jo\u0161s du\u0161as losjons ar auzu un date\u013cu ekstraktiem maigi noloba atmiru\u0161\u0101s \u0161\u016bnas, att\u012bra un nomierina \u0101du. Pateicoties mitrino\u0161aj\u0101m un barojo\u0161aj\u0101m \u012bpa\u0161\u012bb\u0101m, tas pie\u0161\u0137ir \u0101dai maigumu, komfortu un koptas \u0101das saj\u016btu.<\/p>\n<p>Lieto\u0161ana un piesardz\u012bbas pas\u0101kumi: Uzkl\u0101t p\u012blingu-losjonu uz mitras \u0101das du\u0161as laik\u0101 un vienm\u0113r\u012bgi iemas\u0113t ar ap\u013cveida kust\u012bb\u0101m. R\u016bp\u012bgi noskalot ar siltu \u016bdeni. Nesatur vesel\u012bbai kait\u012bgas vielas, parab\u0113nus un SLS. Lietot saska\u0146\u0101 ar instrukciju. Tikai \u0101r\u012bgai lieto\u0161anai. Izvair\u012bties no saskares ar ac\u012bm. Nelietot, ja ir individu\u0101la jut\u012bba pret k\u0101du no produkta sast\u0101vda\u013c\u0101m.<\/p>\n<p>Uzglab\u0101\u0161anas noteikumi: Uzglab\u0101t temperat\u016br\u0101 no +5 l\u012bdz +39 \u00b0C un relat\u012bvaj\u0101 gaisa mitrum\u0101 no 55% l\u012bdz 70%.<\/p>\n","protected":false},"excerpt":{"rendered":"<p>Eksfoli\u0113jo\u0161s du\u0161as losjons ar auzu un date\u013cu ekstraktiem maigi noloba atmiru\u0161\u0101s \u0161\u016bnas, att\u012bra un nomierina \u0101du. Pateicoties mitrino\u0161aj\u0101m un barojo\u0161aj\u0101m \u012bpa\u0161\u012bb\u0101m, tas pie\u0161\u0137ir \u0101dai maigumu, komfortu un koptas \u0101das saj\u016btu. Lieto\u0161ana un piesardz\u012bbas pas\u0101kumi: Uzkl\u0101t p\u012blingu-losjonu uz mitras \u0101das du\u0161as laik\u0101 un vienm\u0113r\u012bgi iemas\u0113t ar ap\u013cveida kust\u012bb\u0101m. R\u016bp\u012bgi noskalot ar siltu \u016bdeni. Nesatur vesel\u012bbai kait\u012bgas [&#8230;]\n","protected":false},"featured_media":104592,"template":"","meta":[],"product_cat":[1357],"product_tag":[],"class_list":{"0":"post-103485","1":"product","2":"type-product","3":"status-publish","4":"has-post-thumbnail","6":"product_brand-famirel-il","7":"product_cat-skrubji-un-pilingi-kermenim","9":"first","10":"instock","11":"taxable","12":"shipping-taxable","13":"product-type-simple"},"_links":{"self":[{"href":"https:\/\/e.kosmolat.eu\/lv\/wp-json\/wp\/v2\/product\/103485","targetHints":{"allow":["GET"]}}],"collection":[{"href":"https:\/\/e.kosmolat.eu\/lv\/wp-json\/wp\/v2\/product"}],"about":[{"href":"https:\/\/e.kosmolat.eu\/lv\/wp-json\/wp\/v2\/types\/product"}],"wp:featuredmedia":[{"embeddable":true,"href":"https:\/\/e.kosmolat.eu\/lv\/wp-json\/wp\/v2\/media\/104592"}],"wp:attachment":[{"href":"https:\/\/e.kosmolat.eu\/lv\/wp-json\/wp\/v2\/media?parent=103485"}],"wp:term":[{"taxonomy":"product_cat","embeddable":true,"href":"https:\/\/e.kosmolat.eu\/lv\/wp-json\/wp\/v2\/product_cat?post=103485"},{"taxonomy":"product_tag","embeddable":true,"href":"https:\/\/e.kosmolat.eu\/lv\/wp-json\/wp\/v2\/product_tag?post=103485"}],"curies":[{"name":"wp","href":"https:\/\/api.w.org\/{rel}","templated":true}]}}