{"id":103481,"date":"2025-12-17T13:34:28","date_gmt":"2025-12-17T13:34:28","guid":{"rendered":"https:\/\/e.kosmolat.eu\/product\/exfoliation-body-lotion-kiwipearapple\/"},"modified":"2026-04-01T05:42:56","modified_gmt":"2026-04-01T05:42:56","slug":"famirel-hs-dusas-pilings-losj-kivi-bumb-un-abols-225-ml","status":"publish","type":"product","link":"https:\/\/e.kosmolat.eu\/lv\/product\/famirel-hs-dusas-pilings-losj-kivi-bumb-un-abols-225-ml\/","title":{"rendered":"Famirel HS Du\u0161as p\u012blings-losj. Kivi, bumb. un \u0101bols, 225 ml"},"content":{"rendered":"<p>Eksfoli\u0113jo\u0161s du\u0161as losjons ar kivi, bumbieru un \u0101bolu ekstraktiem maigi att\u012bra \u0101du, delik\u0101ti noloba atmiru\u0161\u0101s \u0101das \u0161\u016bnas un sniedz svaiguma saj\u016btu. Akt\u012bv\u0101s sast\u0101vda\u013cas mitrina, m\u012bkstina un toniz\u0113 \u0101du, ap\u0146emot to ar sul\u012bgu aug\u013cu arom\u0101tu.<\/p>\n<p>Lieto\u0161ana un piesardz\u012bbas pas\u0101kumi: Uzkl\u0101t p\u012blingu-losjonu uz mitras \u0101das du\u0161as laik\u0101 un vienm\u0113r\u012bgi iemas\u0113t ar ap\u013cveida kust\u012bb\u0101m. R\u016bp\u012bgi noskalot ar siltu \u016bdeni. Nesatur vesel\u012bbai kait\u012bgas vielas, parab\u0113nus un SLS. Lietot saska\u0146\u0101 ar instrukciju. Tikai \u0101r\u012bgai lieto\u0161anai. Izvair\u012bties no saskares ar ac\u012bm. Nelietot, ja ir individu\u0101la jut\u012bba pret k\u0101du no produkta sast\u0101vda\u013c\u0101m.<\/p>\n<p>Uzglab\u0101\u0161anas noteikumi: Uzglab\u0101t temperat\u016br\u0101 no +5 l\u012bdz +39 \u00b0C un relat\u012bvaj\u0101 gaisa mitrum\u0101 no 55% l\u012bdz 70%.<\/p>\n","protected":false},"excerpt":{"rendered":"<p>Eksfoli\u0113jo\u0161s du\u0161as losjons ar kivi, bumbieru un \u0101bolu ekstraktiem maigi att\u012bra \u0101du, delik\u0101ti noloba atmiru\u0161\u0101s \u0101das \u0161\u016bnas un sniedz svaiguma saj\u016btu. Akt\u012bv\u0101s sast\u0101vda\u013cas mitrina, m\u012bkstina un toniz\u0113 \u0101du, ap\u0146emot to ar sul\u012bgu aug\u013cu arom\u0101tu. Lieto\u0161ana un piesardz\u012bbas pas\u0101kumi: Uzkl\u0101t p\u012blingu-losjonu uz mitras \u0101das du\u0161as laik\u0101 un vienm\u0113r\u012bgi iemas\u0113t ar ap\u013cveida kust\u012bb\u0101m. R\u016bp\u012bgi noskalot ar siltu [&#8230;]\n","protected":false},"featured_media":104588,"template":"","meta":[],"product_cat":[1357],"product_tag":[],"class_list":{"0":"post-103481","1":"product","2":"type-product","3":"status-publish","4":"has-post-thumbnail","6":"product_brand-famirel-il","7":"product_cat-skrubji-un-pilingi-kermenim","9":"first","10":"instock","11":"taxable","12":"shipping-taxable","13":"product-type-simple"},"_links":{"self":[{"href":"https:\/\/e.kosmolat.eu\/lv\/wp-json\/wp\/v2\/product\/103481","targetHints":{"allow":["GET"]}}],"collection":[{"href":"https:\/\/e.kosmolat.eu\/lv\/wp-json\/wp\/v2\/product"}],"about":[{"href":"https:\/\/e.kosmolat.eu\/lv\/wp-json\/wp\/v2\/types\/product"}],"wp:featuredmedia":[{"embeddable":true,"href":"https:\/\/e.kosmolat.eu\/lv\/wp-json\/wp\/v2\/media\/104588"}],"wp:attachment":[{"href":"https:\/\/e.kosmolat.eu\/lv\/wp-json\/wp\/v2\/media?parent=103481"}],"wp:term":[{"taxonomy":"product_cat","embeddable":true,"href":"https:\/\/e.kosmolat.eu\/lv\/wp-json\/wp\/v2\/product_cat?post=103481"},{"taxonomy":"product_tag","embeddable":true,"href":"https:\/\/e.kosmolat.eu\/lv\/wp-json\/wp\/v2\/product_tag?post=103481"}],"curies":[{"name":"wp","href":"https:\/\/api.w.org\/{rel}","templated":true}]}}