{"id":103468,"date":"2025-12-16T15:05:33","date_gmt":"2025-12-16T15:05:33","guid":{"rendered":"https:\/\/e.kosmolat.eu\/product\/silky-shower-milk-dragon-fruitstrawbery\/"},"modified":"2026-05-08T23:53:05","modified_gmt":"2026-05-08T23:53:05","slug":"famirel-hs-zid-dusas-pienins-pitaija-un-zemenes-225-ml","status":"publish","type":"product","link":"https:\/\/e.kosmolat.eu\/lv\/product\/famirel-hs-zid-dusas-pienins-pitaija-un-zemenes-225-ml\/","title":{"rendered":"Famirel HS Z\u012bd. du\u0161as pieni\u0146\u0161 Pitaija un zemenes, 225 ml"},"content":{"rendered":"<p>Z\u012bdains du\u0161as pieni\u0146\u0161 maigi att\u012bra \u0101du. Formula ar augu ekstraktiem baro un mitrina \u0101du, pie\u0161\u0137irot tai samtainu maigumu un gludumu.<\/p>\n<p>Lieto\u0161ana: Uzkl\u0101t uz mitras \u0101das vai s\u016bk\u013ca, iemas\u0113t \u0137ermen\u012b, p\u0113c tam noskalot ar \u016bdeni.<\/p>\n<p>Piesardz\u012bbas pas\u0101kumi:<br \/>\n\u2022 Lietot saska\u0146\u0101 ar nor\u0101d\u012bjumiem.<br \/>\n\u2022 Nenor\u012bt.<br \/>\n\u2022 Izvair\u012bties no saskares ar ac\u012bm.<br \/>\n\u2022 Glab\u0101t b\u0113rniem nepieejam\u0101 viet\u0101.<br \/>\n\u2022 Nelietot, ja ir paaugstin\u0101ta individu\u0101la jut\u012bba pret k\u0101du no sast\u0101vda\u013c\u0101m.<br \/>\n\u2022 Nekav\u0113joties p\u0101rtraukt lieto\u0161anu, ja rodas kairin\u0101jums.<br \/>\n\u2022 Nesatur parab\u0113nus.<br \/>\n\u2022 Nesatur SLS.<\/p>\n<p>Uzglab\u0101\u0161anas noteikumi: Uzglab\u0101t temperat\u016br\u0101 no +5 l\u012bdz +39 \u00b0C un relat\u012bvaj\u0101 gaisa mitrum\u0101 no 55% l\u012bdz 70%.<\/p>\n","protected":false},"excerpt":{"rendered":"<p>Z\u012bdains du\u0161as pieni\u0146\u0161 maigi att\u012bra \u0101du. Formula ar augu ekstraktiem baro un mitrina \u0101du, pie\u0161\u0137irot tai samtainu maigumu un gludumu. Lieto\u0161ana: Uzkl\u0101t uz mitras \u0101das vai s\u016bk\u013ca, iemas\u0113t \u0137ermen\u012b, p\u0113c tam noskalot ar \u016bdeni. Piesardz\u012bbas pas\u0101kumi: \u2022 Lietot saska\u0146\u0101 ar nor\u0101d\u012bjumiem. \u2022 Nenor\u012bt. \u2022 Izvair\u012bties no saskares ar ac\u012bm. \u2022 Glab\u0101t b\u0113rniem nepieejam\u0101 viet\u0101. \u2022 [&#8230;]\n","protected":false},"featured_media":104596,"template":"","meta":[],"product_cat":[1282],"product_tag":[],"class_list":{"0":"post-103468","1":"product","2":"type-product","3":"status-publish","4":"has-post-thumbnail","6":"product_brand-famirel-il","7":"product_cat-duso-geliai-ir-duso-aliejai","9":"first","10":"instock","11":"taxable","12":"shipping-taxable","13":"product-type-simple"},"_links":{"self":[{"href":"https:\/\/e.kosmolat.eu\/lv\/wp-json\/wp\/v2\/product\/103468","targetHints":{"allow":["GET"]}}],"collection":[{"href":"https:\/\/e.kosmolat.eu\/lv\/wp-json\/wp\/v2\/product"}],"about":[{"href":"https:\/\/e.kosmolat.eu\/lv\/wp-json\/wp\/v2\/types\/product"}],"wp:featuredmedia":[{"embeddable":true,"href":"https:\/\/e.kosmolat.eu\/lv\/wp-json\/wp\/v2\/media\/104596"}],"wp:attachment":[{"href":"https:\/\/e.kosmolat.eu\/lv\/wp-json\/wp\/v2\/media?parent=103468"}],"wp:term":[{"taxonomy":"product_cat","embeddable":true,"href":"https:\/\/e.kosmolat.eu\/lv\/wp-json\/wp\/v2\/product_cat?post=103468"},{"taxonomy":"product_tag","embeddable":true,"href":"https:\/\/e.kosmolat.eu\/lv\/wp-json\/wp\/v2\/product_tag?post=103468"}],"curies":[{"name":"wp","href":"https:\/\/api.w.org\/{rel}","templated":true}]}}