{"id":103456,"date":"2025-12-16T13:43:19","date_gmt":"2025-12-16T13:43:19","guid":{"rendered":"https:\/\/e.kosmolat.eu\/product\/famirel-essence-no-1-parf-roku-kr-velvety-smoothing-100-ml\/"},"modified":"2025-12-17T08:11:28","modified_gmt":"2025-12-17T08:11:28","slug":"famirel-essence-no-1-mikst-parf-kermena-krems-250-ml","status":"publish","type":"product","link":"https:\/\/e.kosmolat.eu\/lv\/product\/famirel-essence-no-1-mikst-parf-kermena-krems-250-ml\/","title":{"rendered":"Famirel Essence No 1 M\u012bkst. parf. \u0137erme\u0146a kr\u0113ms, 250 ml"},"content":{"rendered":"<p>Atkl\u0101jiet baudas pasauli ar parfim\u0113tu \u0137erme\u0146a kr\u0113mu ar E vitam\u012bnu un nomierino\u0161u alvejas ekstraktu. Dzi\u013ca mitrin\u0101\u0161ana un unik\u0101ls arom\u0101ts \u2014 j\u016bsu ikdienas skaistuma ritu\u0101ls.<\/p>\n<p>Lieto\u0161ana: Uzkl\u0101jiet pietiekamu daudzumu kr\u0113ma un iemas\u0113jiet \u0101d\u0101 l\u012bdz piln\u012bgai uzs\u016bk\u0161anai. Ieteicams ikdienas lieto\u0161anai.<\/p>\n<p>Piesardz\u012bbas pas\u0101kumi:<br \/>\n\u2022 Lietot saska\u0146\u0101 ar nor\u0101d\u012bjumiem.<br \/>\n\u2022 Nenor\u012bt.<br \/>\n\u2022 Izvair\u012bties no saskares ar ac\u012bm.<br \/>\n\u2022 Glab\u0101t b\u0113rniem nepieejam\u0101 viet\u0101.<br \/>\n\u2022 Nelietot, ja ir paaugstin\u0101ta individu\u0101la jut\u012bba pret k\u0101du no sast\u0101vda\u013c\u0101m.<br \/>\n\u2022 Nekav\u0113joties p\u0101rtraukt lieto\u0161anu, ja rodas kairin\u0101jums.<br \/>\n\u2022 Nesatur parab\u0113nus.<\/p>\n<p>Uzglab\u0101\u0161anas noteikumi: Uzglab\u0101t temperat\u016br\u0101 no +5 l\u012bdz +39 \u00b0C un relat\u012bvaj\u0101 gaisa mitrum\u0101 no 55% l\u012bdz 70%.<\/p>\n","protected":false},"excerpt":{"rendered":"<p>Atkl\u0101jiet baudas pasauli ar parfim\u0113tu \u0137erme\u0146a kr\u0113mu ar E vitam\u012bnu un nomierino\u0161u alvejas ekstraktu. Dzi\u013ca mitrin\u0101\u0161ana un unik\u0101ls arom\u0101ts \u2014 j\u016bsu ikdienas skaistuma ritu\u0101ls. Lieto\u0161ana: Uzkl\u0101jiet pietiekamu daudzumu kr\u0113ma un iemas\u0113jiet \u0101d\u0101 l\u012bdz piln\u012bgai uzs\u016bk\u0161anai. Ieteicams ikdienas lieto\u0161anai. Piesardz\u012bbas pas\u0101kumi: \u2022 Lietot saska\u0146\u0101 ar nor\u0101d\u012bjumiem. \u2022 Nenor\u012bt. \u2022 Izvair\u012bties no saskares ar ac\u012bm. \u2022 Glab\u0101t [&#8230;]\n","protected":false},"featured_media":0,"template":"","meta":[],"product_cat":[1249,1388],"product_tag":[],"class_list":{"0":"post-103456","1":"product","2":"type-product","3":"status-publish","5":"product_brand-famirel-il","6":"product_cat-new","7":"product_cat-kermena-kremi-pienini-sviesti","9":"first","10":"instock","11":"taxable","12":"shipping-taxable","13":"product-type-simple"},"_links":{"self":[{"href":"https:\/\/e.kosmolat.eu\/lv\/wp-json\/wp\/v2\/product\/103456","targetHints":{"allow":["GET"]}}],"collection":[{"href":"https:\/\/e.kosmolat.eu\/lv\/wp-json\/wp\/v2\/product"}],"about":[{"href":"https:\/\/e.kosmolat.eu\/lv\/wp-json\/wp\/v2\/types\/product"}],"wp:attachment":[{"href":"https:\/\/e.kosmolat.eu\/lv\/wp-json\/wp\/v2\/media?parent=103456"}],"wp:term":[{"taxonomy":"product_cat","embeddable":true,"href":"https:\/\/e.kosmolat.eu\/lv\/wp-json\/wp\/v2\/product_cat?post=103456"},{"taxonomy":"product_tag","embeddable":true,"href":"https:\/\/e.kosmolat.eu\/lv\/wp-json\/wp\/v2\/product_tag?post=103456"}],"curies":[{"name":"wp","href":"https:\/\/api.w.org\/{rel}","templated":true}]}}