{"id":103444,"date":"2025-12-16T12:50:30","date_gmt":"2025-12-16T12:50:30","guid":{"rendered":"https:\/\/e.kosmolat.eu\/product\/famirel-essence-no-1-mikst-parf-kermena-krems-250-ml\/"},"modified":"2025-12-16T14:21:24","modified_gmt":"2025-12-16T14:21:24","slug":"famirel-essence-no-1-parf-roku-kr-velvety-smoothing-100-ml","status":"publish","type":"product","link":"https:\/\/e.kosmolat.eu\/lv\/product\/famirel-essence-no-1-parf-roku-kr-velvety-smoothing-100-ml\/","title":{"rendered":"Famirel Essence No 1 Parf. roku kr. Velvety-smoothing, 100 ml"},"content":{"rendered":"<p>Atvadieties no sausas roku \u0101das un izbaudi samtainu, gludu un mitrin\u0101tu saj\u016btu. Parfim\u0113ta roku kr\u0113ma formula atjauno \u0101du, papildinot mitruma l\u012bmeni un atgrie\u017eot dabisku, vesel\u012bgu mirdzumu, neatst\u0101jot taukainu pl\u0113vi. \u0160\u012b formula ietver akt\u012bvo e\u013c\u013cu un sviestu barojo\u0161\u0101s \u012bpa\u0161\u012bbas, kas paz\u012bstamas ar sp\u0113ju dzi\u013ci mitrin\u0101t un nomierin\u0101t \u0101du.<\/p>\n<p>Lieto\u0161ana: Uzkl\u0101jiet uz t\u012br\u0101m rok\u0101m un iemas\u0113jiet l\u012bdz piln\u012bgai uzs\u016bk\u0161anai. Ieteicams lietot katru dienu.<\/p>\n<p>Piesardz\u012bbas pas\u0101kumi:<br \/>\n\u2022 Lietot saska\u0146\u0101 ar nor\u0101d\u012bjumiem.<br \/>\n\u2022 Nenor\u012bt.<br \/>\n\u2022 Izvair\u012bties no saskares ar ac\u012bm.<br \/>\n\u2022 Glab\u0101t b\u0113rniem nepieejam\u0101 viet\u0101.<br \/>\n\u2022 Nelietot, ja ir paaugstin\u0101ta individu\u0101la jut\u012bba pret k\u0101du no sast\u0101vda\u013c\u0101m.<br \/>\n\u2022 Nekav\u0113joties p\u0101rtraukt lieto\u0161anu, ja rodas kairin\u0101jums.<br \/>\n\u2022 Nesatur parab\u0113nus.<\/p>\n<p>Uzglab\u0101\u0161anas noteikumi: Uzglab\u0101t temperat\u016br\u0101 no +5 l\u012bdz +39 \u00b0C un relat\u012bvaj\u0101 gaisa mitrum\u0101 no 55% l\u012bdz 70%.<\/p>\n","protected":false},"excerpt":{"rendered":"<p>Atvadieties no sausas roku \u0101das un izbaudi samtainu, gludu un mitrin\u0101tu saj\u016btu. Parfim\u0113ta roku kr\u0113ma formula atjauno \u0101du, papildinot mitruma l\u012bmeni un atgrie\u017eot dabisku, vesel\u012bgu mirdzumu, neatst\u0101jot taukainu pl\u0113vi. \u0160\u012b formula ietver akt\u012bvo e\u013c\u013cu un sviestu barojo\u0161\u0101s \u012bpa\u0161\u012bbas, kas paz\u012bstamas ar sp\u0113ju dzi\u013ci mitrin\u0101t un nomierin\u0101t \u0101du. Lieto\u0161ana: Uzkl\u0101jiet uz t\u012br\u0101m rok\u0101m un iemas\u0113jiet l\u012bdz [&#8230;]\n","protected":false},"featured_media":0,"template":"","meta":[],"product_cat":[1249],"product_tag":[],"class_list":{"0":"post-103444","1":"product","2":"type-product","3":"status-publish","5":"product_brand-famirel-il","6":"product_cat-new","8":"first","9":"instock","10":"taxable","11":"shipping-taxable","12":"product-type-simple"},"_links":{"self":[{"href":"https:\/\/e.kosmolat.eu\/lv\/wp-json\/wp\/v2\/product\/103444","targetHints":{"allow":["GET"]}}],"collection":[{"href":"https:\/\/e.kosmolat.eu\/lv\/wp-json\/wp\/v2\/product"}],"about":[{"href":"https:\/\/e.kosmolat.eu\/lv\/wp-json\/wp\/v2\/types\/product"}],"wp:attachment":[{"href":"https:\/\/e.kosmolat.eu\/lv\/wp-json\/wp\/v2\/media?parent=103444"}],"wp:term":[{"taxonomy":"product_cat","embeddable":true,"href":"https:\/\/e.kosmolat.eu\/lv\/wp-json\/wp\/v2\/product_cat?post=103444"},{"taxonomy":"product_tag","embeddable":true,"href":"https:\/\/e.kosmolat.eu\/lv\/wp-json\/wp\/v2\/product_tag?post=103444"}],"curies":[{"name":"wp","href":"https:\/\/api.w.org\/{rel}","templated":true}]}}