{"id":103425,"date":"2025-12-15T06:47:38","date_gmt":"2025-12-15T06:47:38","guid":{"rendered":"https:\/\/e.kosmolat.eu\/product\/sila-roku-tirisanas-lidz-autosila-200-g\/"},"modified":"2025-12-15T06:47:50","modified_gmt":"2025-12-15T06:47:50","slug":"sila-roku-tirisanas-lidz-autosila-200-g","status":"publish","type":"product","link":"https:\/\/e.kosmolat.eu\/lv\/product\/sila-roku-tirisanas-lidz-autosila-200-g\/","title":{"rendered":"SILA Roku t\u012br\u012b\u0161anas l\u012bdz. AutoSila, 200 g"},"content":{"rendered":"","protected":false},"excerpt":{"rendered":"","protected":false},"featured_media":103429,"template":"","meta":[],"product_cat":[1302],"product_tag":[],"class_list":{"0":"post-103425","1":"product","2":"type-product","3":"status-publish","4":"has-post-thumbnail","6":"product_brand-slobozanskij-milovar_ua","7":"product_cat-roku-kopsanas-kosmetika","9":"first","10":"outofstock","11":"taxable","12":"shipping-taxable","13":"product-type-simple"},"_links":{"self":[{"href":"https:\/\/e.kosmolat.eu\/lv\/wp-json\/wp\/v2\/product\/103425","targetHints":{"allow":["GET"]}}],"collection":[{"href":"https:\/\/e.kosmolat.eu\/lv\/wp-json\/wp\/v2\/product"}],"about":[{"href":"https:\/\/e.kosmolat.eu\/lv\/wp-json\/wp\/v2\/types\/product"}],"wp:featuredmedia":[{"embeddable":true,"href":"https:\/\/e.kosmolat.eu\/lv\/wp-json\/wp\/v2\/media\/103429"}],"wp:attachment":[{"href":"https:\/\/e.kosmolat.eu\/lv\/wp-json\/wp\/v2\/media?parent=103425"}],"wp:term":[{"taxonomy":"product_cat","embeddable":true,"href":"https:\/\/e.kosmolat.eu\/lv\/wp-json\/wp\/v2\/product_cat?post=103425"},{"taxonomy":"product_tag","embeddable":true,"href":"https:\/\/e.kosmolat.eu\/lv\/wp-json\/wp\/v2\/product_tag?post=103425"}],"curies":[{"name":"wp","href":"https:\/\/api.w.org\/{rel}","templated":true}]}}