{"id":103349,"date":"2025-12-03T13:42:28","date_gmt":"2025-12-03T13:42:28","guid":{"rendered":"https:\/\/e.kosmolat.eu\/product\/med-b-%d0%bca%d1%81%d0%baa-%d1%82%d0%baa%d0%bdc%d0%bd%d0%bda-ae%d1%8f-%d0%beiec%d1%87%d1%87%d1%8f-1-day-%d0%b7-%d0%bc%d0%b5a%d0%be%d0%bc-27-n\/"},"modified":"2026-04-15T05:56:24","modified_gmt":"2026-04-15T05:56:24","slug":"med-b-1-day-aud-sejas-maska-ar-medu-27-ml","status":"publish","type":"product","link":"https:\/\/e.kosmolat.eu\/lv\/product\/med-b-1-day-aud-sejas-maska-ar-medu-27-ml\/","title":{"rendered":"MED B 1 Day Aud. sejas maska ar medu, 27 ml"},"content":{"rendered":"<p>Satur medu, kas nomierina, mitrina \u0101du un padara to mirdzo\u0161u. Hipoaler\u0123isk\u0101 celulozes maska maigi piegu\u013c \u0101dai un sniedz z\u012bdainu saj\u016btu. Piem\u0113rota pat jut\u012bgai \u0101dai.<\/p>\n<p>Lieto\u0161ana:<br \/>\n1. Not\u012briet \u0101du, nosusiniet to un, ja v\u0113laties, izmantojiet toniku.<br \/>\n2. Iz\u0146emiet masku no iepakojuma, atveriet to un vienm\u0113r\u012bgi uzkl\u0101jiet uz sejas, izvairoties no acu un l\u016bpu zonas.<br \/>\n3. Atst\u0101jiet uz 10\u201320 min\u016bt\u0113m, \u013caujot akt\u012bvaj\u0101m sast\u0101vda\u013c\u0101m ies\u016bkties.<br \/>\n4. No\u0146emiet masku un viegli iepli\u0137\u0113jiet atliku\u0161o esenci \u0101d\u0101 ar pirkstu gali\u0146iem<\/p>\n<p>Padomi:<br \/>\n1. Masku var atdzes\u0113t, ievietojot to ledusskap\u012b, lai ieg\u016btu atsvaidzino\u0161u efektu.<br \/>\n2. Masku var lietot ar\u012b siltu, pirms lieto\u0161anas ievietojot iepakojumu silt\u0101 \u016bden\u012b uz 2\u20133 min\u016bt\u0113m.<\/p>\n<p>Piesardz\u012bbas pas\u0101kumi:<br \/>\nTikai \u0101r\u012bgai lieto\u0161anai. Izvairieties no saskares ar ac\u012bm. Ja nok\u013c\u016bst ac\u012bs, r\u016bp\u012bgi izskalojiet t\u0101s ar \u016bdeni. Ja rodas kairin\u0101jums, p\u0101rtrauciet lieto\u0161anu un konsult\u0113jieties ar \u0101rstu. Uzglab\u0101jiet b\u0113rniem nepieejam\u0101 viet\u0101.<\/p>\n<p>Uzglab\u0101t temperat\u016br\u0101 no +5\u00b0C l\u012bdz +25\u00b0C.<\/p>\n","protected":false},"excerpt":{"rendered":"<p>Satur medu, kas nomierina, mitrina \u0101du un padara to mirdzo\u0161u. Hipoaler\u0123isk\u0101 celulozes maska maigi piegu\u013c \u0101dai un sniedz z\u012bdainu saj\u016btu. Piem\u0113rota pat jut\u012bgai \u0101dai. Lieto\u0161ana: 1. Not\u012briet \u0101du, nosusiniet to un, ja v\u0113laties, izmantojiet toniku. 2. Iz\u0146emiet masku no iepakojuma, atveriet to un vienm\u0113r\u012bgi uzkl\u0101jiet uz sejas, izvairoties no acu un l\u016bpu zonas. 3. Atst\u0101jiet [&#8230;]\n","protected":false},"featured_media":104940,"template":"","meta":[],"product_cat":[1367],"product_tag":[],"class_list":{"0":"post-103349","1":"product","2":"type-product","3":"status-publish","4":"has-post-thumbnail","6":"product_brand-replay_kr","7":"product_cat-sejas-maskas","9":"first","10":"instock","11":"taxable","12":"shipping-taxable","13":"product-type-simple"},"_links":{"self":[{"href":"https:\/\/e.kosmolat.eu\/lv\/wp-json\/wp\/v2\/product\/103349","targetHints":{"allow":["GET"]}}],"collection":[{"href":"https:\/\/e.kosmolat.eu\/lv\/wp-json\/wp\/v2\/product"}],"about":[{"href":"https:\/\/e.kosmolat.eu\/lv\/wp-json\/wp\/v2\/types\/product"}],"wp:featuredmedia":[{"embeddable":true,"href":"https:\/\/e.kosmolat.eu\/lv\/wp-json\/wp\/v2\/media\/104940"}],"wp:attachment":[{"href":"https:\/\/e.kosmolat.eu\/lv\/wp-json\/wp\/v2\/media?parent=103349"}],"wp:term":[{"taxonomy":"product_cat","embeddable":true,"href":"https:\/\/e.kosmolat.eu\/lv\/wp-json\/wp\/v2\/product_cat?post=103349"},{"taxonomy":"product_tag","embeddable":true,"href":"https:\/\/e.kosmolat.eu\/lv\/wp-json\/wp\/v2\/product_tag?post=103349"}],"curies":[{"name":"wp","href":"https:\/\/api.w.org\/{rel}","templated":true}]}}