{"id":103345,"date":"2025-12-03T12:01:18","date_gmt":"2025-12-03T12:01:18","guid":{"rendered":"https:\/\/e.kosmolat.eu\/product\/med-b-%d0%bca%d1%81%d0%baa-%d1%82%d0%baa%d0%bdc%d0%bd%d0%bda-ae%d1%8f-%d0%beiec%d1%87%d1%87%d1%8f-1-day-%d0%b7-%d0%b5%d0%ba%d1%81%d1%82sa%d0%ba%d1%82%d0%be%d0%bc-%d1%87a%d0%b9%d0%bd%d0%ben%d0%be-a\/"},"modified":"2026-04-22T08:16:30","modified_gmt":"2026-04-22T08:16:30","slug":"med-b-1-day-aud-sejas-maska-ar-tej-koka-et-ellu-27-ml","status":"publish","type":"product","link":"https:\/\/e.kosmolat.eu\/lv\/product\/med-b-1-day-aud-sejas-maska-ar-tej-koka-et-ellu-27-ml\/","title":{"rendered":"MED B 1 Day Aud. sejas maska ar t\u0113j. koka \u0113t. e\u013c\u013cu, 27 ml"},"content":{"rendered":"<p>T\u0113jas koka e\u013c\u013cai maskas sast\u0101v\u0101 piem\u012bt antioksidatu iedarb\u012bba, t\u0101 aizsarg\u0101 \u0101du no apk\u0101rt\u0113j\u0101s vides ietekmes un padara to maigu un pat\u012bkamu piesk\u0101rienam. Hipoaler\u0123isk\u0101 celulozes maska maigi piegu\u013c \u0101dai un sniedz z\u012bdainu saj\u016btu. Piem\u0113rota pat jut\u012bgai \u0101dai.<\/p>\n<p>Lieto\u0161ana:<br \/>\n1. Not\u012briet \u0101du, nosusiniet to un, ja v\u0113laties, izmantojiet toniku.<br \/>\n2. Iz\u0146emiet masku no iepakojuma, atveriet to un vienm\u0113r\u012bgi uzkl\u0101jiet uz sejas, izvairoties no acu un l\u016bpu zonas.<br \/>\n3. Atst\u0101jiet uz 10\u201320 min\u016bt\u0113m, \u013caujot akt\u012bvaj\u0101m sast\u0101vda\u013c\u0101m ies\u016bkties.<br \/>\n4. No\u0146emiet masku un viegli iepli\u0137\u0113jiet atliku\u0161o esenci \u0101d\u0101 ar pirkstu gali\u0146iem<\/p>\n<p>Padomi:<br \/>\n1. Masku var atdzes\u0113t, ievietojot to ledusskap\u012b, lai ieg\u016btu atsvaidzino\u0161u efektu.<br \/>\n2. Masku var lietot ar\u012b siltu, pirms lieto\u0161anas ievietojot iepakojumu silt\u0101 \u016bden\u012b uz 2\u20133 min\u016bt\u0113m.<\/p>\n<p>Piesardz\u012bbas pas\u0101kumi: Tikai \u0101r\u012bgai lieto\u0161anai. Izvairieties no saskares ar ac\u012bm. Ja nok\u013c\u016bst ac\u012bs, r\u016bp\u012bgi izskalojiet t\u0101s ar \u016bdeni. Ja rodas kairin\u0101jums, p\u0101rtrauciet lieto\u0161anu un konsult\u0113jieties ar \u0101rstu. Uzglab\u0101jiet b\u0113rniem nepieejam\u0101 viet\u0101.<\/p>\n<p>Uzglab\u0101t temperat\u016br\u0101 no +5\u00b0C l\u012bdz +25\u00b0C.<\/p>\n","protected":false},"excerpt":{"rendered":"<p>T\u0113jas koka e\u013c\u013cai maskas sast\u0101v\u0101 piem\u012bt antioksidatu iedarb\u012bba, t\u0101 aizsarg\u0101 \u0101du no apk\u0101rt\u0113j\u0101s vides ietekmes un padara to maigu un pat\u012bkamu piesk\u0101rienam. Hipoaler\u0123isk\u0101 celulozes maska maigi piegu\u013c \u0101dai un sniedz z\u012bdainu saj\u016btu. Piem\u0113rota pat jut\u012bgai \u0101dai. Lieto\u0161ana: 1. Not\u012briet \u0101du, nosusiniet to un, ja v\u0113laties, izmantojiet toniku. 2. Iz\u0146emiet masku no iepakojuma, atveriet to un [&#8230;]\n","protected":false},"featured_media":104948,"template":"","meta":[],"product_cat":[1999],"product_tag":[],"class_list":{"0":"post-103345","1":"product","2":"type-product","3":"status-publish","4":"has-post-thumbnail","6":"product_brand-replay_kr","7":"product_cat-bez-kategorijas","9":"first","10":"instock","11":"taxable","12":"shipping-taxable","13":"product-type-simple"},"_links":{"self":[{"href":"https:\/\/e.kosmolat.eu\/lv\/wp-json\/wp\/v2\/product\/103345","targetHints":{"allow":["GET"]}}],"collection":[{"href":"https:\/\/e.kosmolat.eu\/lv\/wp-json\/wp\/v2\/product"}],"about":[{"href":"https:\/\/e.kosmolat.eu\/lv\/wp-json\/wp\/v2\/types\/product"}],"wp:featuredmedia":[{"embeddable":true,"href":"https:\/\/e.kosmolat.eu\/lv\/wp-json\/wp\/v2\/media\/104948"}],"wp:attachment":[{"href":"https:\/\/e.kosmolat.eu\/lv\/wp-json\/wp\/v2\/media?parent=103345"}],"wp:term":[{"taxonomy":"product_cat","embeddable":true,"href":"https:\/\/e.kosmolat.eu\/lv\/wp-json\/wp\/v2\/product_cat?post=103345"},{"taxonomy":"product_tag","embeddable":true,"href":"https:\/\/e.kosmolat.eu\/lv\/wp-json\/wp\/v2\/product_tag?post=103345"}],"curies":[{"name":"wp","href":"https:\/\/api.w.org\/{rel}","templated":true}]}}