{"id":103293,"date":"2025-12-01T16:10:50","date_gmt":"2025-12-01T16:10:50","guid":{"rendered":"https:\/\/e.kosmolat.eu\/product\/esfolio-pure-skin-%d0%bca%d1%81%d0%baa-%d1%82%d0%baa%d0%bdc%d0%bd%d0%bda-ae%d1%8f-%d0%beiec%d1%87%d1%87%d1%8f-%d0%b7-%d0%b7%d0%b5e%d0%b5%d0%bdc%d0%bc-%d1%87as%d0%bc-25%d0%bce\/"},"modified":"2026-04-23T07:07:53","modified_gmt":"2026-04-23T07:07:53","slug":"esfolio-aud-sejas-maska-ar-zal-tej-ekstr-25-ml","status":"publish","type":"product","link":"https:\/\/e.kosmolat.eu\/lv\/product\/esfolio-aud-sejas-maska-ar-zal-tej-ekstr-25-ml\/","title":{"rendered":"ESFOLIO Aud. sejas maska ar za\u013c. t\u0113j. ekstr., 25 ml"},"content":{"rendered":"<p>Sejas maska GREEN TEA ESSENCE MASK SHEET satur augsti koncentr\u0113tu esenci ar za\u013c\u0101s t\u0113jas ekstraktu, k\u0101 ar\u012b  ar \u0136\u012bnas cidonijas un portulaka ekstraktiem, kas atsvaidzina \u0101du un padara to elast\u012bgu.<\/p>\n<p>Lieto\u0161ana: 1. Not\u012briet seju un uzkl\u0101jiet toniku. 2. Iz\u0146emiet no iepakojuma masku un uzman\u012bgi uzkl\u0101jiet uz sejas. 3. P\u0113c 15-20 min. no\u0146emiet masku. Ja ir k\u0101di atlikumi, maigi iemas\u0113jiet tos \u0101d\u0101, l\u012bdz tie ir uzs\u016bku\u0161ies. <\/p>\n<p>Br\u012bdin\u0101jumi: 1. Ja, lietojot produktu, rodas izsitumi, piet\u016bkums, nieze vai citas nepat\u012bkamas saj\u016btas, nekav\u0113joties p\u0101rtrauciet lieto\u0161anu un konsult\u0113jieties ar dermatologu. 2. Nelietojiet uz boj\u0101tas vai kairin\u0101tas \u0101das. 3. Nelietojiet uz \u0101das ap ac\u012bm.<\/p>\n<p>Piesardz\u012bbas pas\u0101kumi: Uzglab\u0101t b\u0113rniem nepieejam\u0101 viet\u0101. Sarg\u0101t no tie\u0161iem saules stariem.<\/p>\n<p>Uzglab\u0101t temperat\u016br\u0101 no +5 \u00b0C l\u012bdz +25 \u00b0C.<\/p>\n","protected":false},"excerpt":{"rendered":"<p>Sejas maska GREEN TEA ESSENCE MASK SHEET satur augsti koncentr\u0113tu esenci ar za\u013c\u0101s t\u0113jas ekstraktu, k\u0101 ar\u012b ar \u0136\u012bnas cidonijas un portulaka ekstraktiem, kas atsvaidzina \u0101du un padara to elast\u012bgu. Lieto\u0161ana: 1. Not\u012briet seju un uzkl\u0101jiet toniku. 2. Iz\u0146emiet no iepakojuma masku un uzman\u012bgi uzkl\u0101jiet uz sejas. 3. P\u0113c 15-20 min. no\u0146emiet masku. Ja ir [&#8230;]\n","protected":false},"featured_media":105125,"template":"","meta":[],"product_cat":[1367],"product_tag":[],"class_list":{"0":"post-103293","1":"product","2":"type-product","3":"status-publish","4":"has-post-thumbnail","6":"product_brand-replay_kr","7":"product_cat-sejas-maskas","9":"first","10":"instock","11":"taxable","12":"shipping-taxable","13":"product-type-simple"},"_links":{"self":[{"href":"https:\/\/e.kosmolat.eu\/lv\/wp-json\/wp\/v2\/product\/103293","targetHints":{"allow":["GET"]}}],"collection":[{"href":"https:\/\/e.kosmolat.eu\/lv\/wp-json\/wp\/v2\/product"}],"about":[{"href":"https:\/\/e.kosmolat.eu\/lv\/wp-json\/wp\/v2\/types\/product"}],"wp:featuredmedia":[{"embeddable":true,"href":"https:\/\/e.kosmolat.eu\/lv\/wp-json\/wp\/v2\/media\/105125"}],"wp:attachment":[{"href":"https:\/\/e.kosmolat.eu\/lv\/wp-json\/wp\/v2\/media?parent=103293"}],"wp:term":[{"taxonomy":"product_cat","embeddable":true,"href":"https:\/\/e.kosmolat.eu\/lv\/wp-json\/wp\/v2\/product_cat?post=103293"},{"taxonomy":"product_tag","embeddable":true,"href":"https:\/\/e.kosmolat.eu\/lv\/wp-json\/wp\/v2\/product_tag?post=103293"}],"curies":[{"name":"wp","href":"https:\/\/api.w.org\/{rel}","templated":true}]}}