{"id":103281,"date":"2025-12-01T15:23:13","date_gmt":"2025-12-01T15:23:13","guid":{"rendered":"https:\/\/e.kosmolat.eu\/product\/esfolio-pure-skin-%d0%bca%d1%81%d0%baa-%d1%82%d0%baa%d0%bdc%d0%bd%d0%bda-ae%d1%8f-%d0%beiec%d1%87%d1%87%d1%8f-%d0%b7-%d0%bc%d0%bee%d0%be%d0%ba%d0%be%d0%bc-25%d0%bce\/"},"modified":"2026-04-23T07:08:08","modified_gmt":"2026-04-23T07:08:08","slug":"esfolio-aud-sejas-maska-ar-piena-protein-25-ml","status":"publish","type":"product","link":"https:\/\/e.kosmolat.eu\/lv\/product\/esfolio-aud-sejas-maska-ar-piena-protein-25-ml\/","title":{"rendered":"ESFOLIO Aud. sejas maska ar piena prote\u012bn., 25 ml"},"content":{"rendered":"<p>Sejas maska MILK ESSENCE MASK SHEET satur augsti koncentr\u0113tu esenci ar piena prote\u012bna ekstraktu, k\u0101 ar\u012b ar \u0136\u012bnas cidonijas un portulaka ekstraktiem, kas mitrina \u0101du un pie\u0161\u0137ir tai t\u012bru un svaigu izskatu.<\/p>\n<p>Lieto\u0161ana: 1. Not\u012briet seju un uzkl\u0101jiet toniku. 2. Iz\u0146emiet no iepakojuma masku un uzman\u012bgi uzkl\u0101jiet uz sejas. 3. P\u0113c 15-20 min. no\u0146emiet masku. Ja ir k\u0101di atlikumi, maigi iemas\u0113jiet tos \u0101d\u0101, l\u012bdz tie ir uzs\u016bku\u0161ies. <\/p>\n<p>Br\u012bdin\u0101jumi: 1. Ja, lietojot produktu, rodas izsitumi, piet\u016bkums, nieze vai citas nepat\u012bkamas saj\u016btas, nekav\u0113joties p\u0101rtrauciet lieto\u0161anu un konsult\u0113jieties ar dermatologu. 2. Nelietojiet uz boj\u0101tas vai kairin\u0101tas \u0101das. 3. Nelietojiet uz \u0101das ap ac\u012bm.<\/p>\n<p>Piesardz\u012bbas pas\u0101kumi: Uzglab\u0101t b\u0113rniem nepieejam\u0101 viet\u0101. Sarg\u0101t no tie\u0161iem saules stariem.<\/p>\n<p>Uzglab\u0101t temperat\u016br\u0101 no +5 \u00b0C l\u012bdz +25 \u00b0C.<\/p>\n","protected":false},"excerpt":{"rendered":"<p>Sejas maska MILK ESSENCE MASK SHEET satur augsti koncentr\u0113tu esenci ar piena prote\u012bna ekstraktu, k\u0101 ar\u012b ar \u0136\u012bnas cidonijas un portulaka ekstraktiem, kas mitrina \u0101du un pie\u0161\u0137ir tai t\u012bru un svaigu izskatu. Lieto\u0161ana: 1. Not\u012briet seju un uzkl\u0101jiet toniku. 2. Iz\u0146emiet no iepakojuma masku un uzman\u012bgi uzkl\u0101jiet uz sejas. 3. P\u0113c 15-20 min. no\u0146emiet masku. [&#8230;]\n","protected":false},"featured_media":105120,"template":"","meta":[],"product_cat":[1367],"product_tag":[],"class_list":{"0":"post-103281","1":"product","2":"type-product","3":"status-publish","4":"has-post-thumbnail","6":"product_brand-replay_kr","7":"product_cat-sejas-maskas","9":"first","10":"instock","11":"taxable","12":"shipping-taxable","13":"product-type-simple"},"_links":{"self":[{"href":"https:\/\/e.kosmolat.eu\/lv\/wp-json\/wp\/v2\/product\/103281","targetHints":{"allow":["GET"]}}],"collection":[{"href":"https:\/\/e.kosmolat.eu\/lv\/wp-json\/wp\/v2\/product"}],"about":[{"href":"https:\/\/e.kosmolat.eu\/lv\/wp-json\/wp\/v2\/types\/product"}],"wp:featuredmedia":[{"embeddable":true,"href":"https:\/\/e.kosmolat.eu\/lv\/wp-json\/wp\/v2\/media\/105120"}],"wp:attachment":[{"href":"https:\/\/e.kosmolat.eu\/lv\/wp-json\/wp\/v2\/media?parent=103281"}],"wp:term":[{"taxonomy":"product_cat","embeddable":true,"href":"https:\/\/e.kosmolat.eu\/lv\/wp-json\/wp\/v2\/product_cat?post=103281"},{"taxonomy":"product_tag","embeddable":true,"href":"https:\/\/e.kosmolat.eu\/lv\/wp-json\/wp\/v2\/product_tag?post=103281"}],"curies":[{"name":"wp","href":"https:\/\/api.w.org\/{rel}","templated":true}]}}