{"id":103265,"date":"2025-12-01T13:39:20","date_gmt":"2025-12-01T13:39:20","guid":{"rendered":"https:\/\/e.kosmolat.eu\/product\/doris-%d0%bca%d1%81%d0%baa-%d1%82%d0%baa%d0%bdc%d0%bd%d0%bda-ae%d1%8f-%d0%beiec%d1%87%d1%87%d1%8f-gr%d0%b5en-tea-real-essence-%d0%b7-%d0%b5%d0%ba%d1%81%d1%82sa%d0%ba%d1%82%d0%be%d0%bc-%d0%b7%d0%b5e\/"},"modified":"2026-03-02T08:22:30","modified_gmt":"2026-03-02T08:22:30","slug":"doris-aud-sejas-maska-ar-zal-tejas-ekstr-25-ml","status":"publish","type":"product","link":"https:\/\/e.kosmolat.eu\/lv\/product\/doris-aud-sejas-maska-ar-zal-tejas-ekstr-25-ml\/","title":{"rendered":"DORIS Aud. sejas maska ar za\u013c. t\u0113jas ekstr., 25 ml"},"content":{"rendered":"<p>Auduma sejas maska GREEN TEA REAL ESSENCE MASK satur za\u013c\u0101s t\u0113jas ekstraktu (25 mg), k\u0101 ar\u012b  haritaki un alvejas ekstraktus, kas mitrina, atsvaidzina un baro \u0101du, pie\u0161\u0137irot tai t\u012bru un vesel\u012bgu izskatu.<\/p>\n<p>Lieto\u0161ana: not\u012briet un nosusiniet sejas \u0101du. Iz\u0146emiet masku no iepakojuma un uzkl\u0101jiet uz sejas \u0101das. Paturiet masku 15-20 min\u016btes, p\u0113c tam uzman\u012bgi no\u0146emiet. Ar maig\u0101m kust\u012bb\u0101m iemas\u0113jiet produkta paliekas \u0101d\u0101. Maska paredz\u0113ta vienai lieto\u0161anas reizei.<\/p>\n<p>Piesardz\u012bbas pas\u0101kumi: ja rodas izsitumi, piet\u016bkums, nieze vai kairin\u0101jums, p\u0101rtrauciet maskas lieto\u0161anu un konsult\u0113jieties ar dermatologu. Ja iek\u013c\u016bst ac\u012bs, r\u016bp\u012bgi izskalojiet ar \u016bdeni.<\/p>\n<p>Uzglab\u0101t b\u0113rniem nepieejam\u0101 viet\u0101, temperat\u016br\u0101 no +5 \u00b0\u0421 l\u012bdz +25 \u00b0\u0421 sarg\u0101jot no tie\u0161iem saules stariem, siltuma avotiem.<\/p>\n","protected":false},"excerpt":{"rendered":"<p>Auduma sejas maska GREEN TEA REAL ESSENCE MASK satur za\u013c\u0101s t\u0113jas ekstraktu (25 mg), k\u0101 ar\u012b haritaki un alvejas ekstraktus, kas mitrina, atsvaidzina un baro \u0101du, pie\u0161\u0137irot tai t\u012bru un vesel\u012bgu izskatu. Lieto\u0161ana: not\u012briet un nosusiniet sejas \u0101du. Iz\u0146emiet masku no iepakojuma un uzkl\u0101jiet uz sejas \u0101das. Paturiet masku 15-20 min\u016btes, p\u0113c tam uzman\u012bgi no\u0146emiet. [&#8230;]\n","protected":false},"featured_media":0,"template":"","meta":[],"product_cat":[1999],"product_tag":[],"class_list":{"0":"post-103265","1":"product","2":"type-product","3":"status-publish","5":"product_brand-replay_kr","6":"product_cat-bez-kategorijas","8":"first","9":"outofstock","10":"taxable","11":"shipping-taxable","12":"product-type-simple"},"_links":{"self":[{"href":"https:\/\/e.kosmolat.eu\/lv\/wp-json\/wp\/v2\/product\/103265","targetHints":{"allow":["GET"]}}],"collection":[{"href":"https:\/\/e.kosmolat.eu\/lv\/wp-json\/wp\/v2\/product"}],"about":[{"href":"https:\/\/e.kosmolat.eu\/lv\/wp-json\/wp\/v2\/types\/product"}],"wp:attachment":[{"href":"https:\/\/e.kosmolat.eu\/lv\/wp-json\/wp\/v2\/media?parent=103265"}],"wp:term":[{"taxonomy":"product_cat","embeddable":true,"href":"https:\/\/e.kosmolat.eu\/lv\/wp-json\/wp\/v2\/product_cat?post=103265"},{"taxonomy":"product_tag","embeddable":true,"href":"https:\/\/e.kosmolat.eu\/lv\/wp-json\/wp\/v2\/product_tag?post=103265"}],"curies":[{"name":"wp","href":"https:\/\/api.w.org\/{rel}","templated":true}]}}