{"id":103256,"date":"2025-11-28T08:05:37","date_gmt":"2025-11-28T08:05:37","guid":{"rendered":"https:\/\/e.kosmolat.eu\/?post_type=product&#038;p=103256"},"modified":"2026-04-15T11:09:53","modified_gmt":"2026-04-15T11:09:53","slug":"spkrug-revmoterm-kerm-kr-balz-ar-haiz-aknu-tauk-sark-pipar-rozm-un-ingv-100-ml","status":"publish","type":"product","link":"https:\/\/e.kosmolat.eu\/lv\/product\/spkrug-revmoterm-kerm-kr-balz-ar-haiz-aknu-tauk-sark-pipar-rozm-un-ingv-100-ml\/","title":{"rendered":"SpKrug Revmoterm \u0136erm. Kr.-balz. ar haiz. aknu tauk., sark. pipar., rozm. un ingv., 100 ml"},"content":{"rendered":"<p>Kosm\u0113tiskais \u0137erme\u0146a kr\u0113ms-balzams. Nav \u0101rstniecisks l\u012bdzeklis. Uzkl\u0101t uz t\u012bras, sausas \u0101das. Lieto\u0161anas bie\u017eums tiek noteikts individu\u0101li. Uzglab\u0101t temperat\u016br\u0101 no +2\u00b0C l\u012bdz +25\u00b0C.<\/p>\n","protected":false},"excerpt":{"rendered":"<p>Kosm\u0113tiskais \u0137erme\u0146a kr\u0113ms-balzams. Nav \u0101rstniecisks l\u012bdzeklis. Uzkl\u0101t uz t\u012bras, sausas \u0101das. Lieto\u0161anas bie\u017eums tiek noteikts individu\u0101li. Uzglab\u0101t temperat\u016br\u0101 no +2\u00b0C l\u012bdz +25\u00b0C.<\/p>\n","protected":false},"featured_media":107116,"template":"","meta":[],"product_cat":[1302],"product_tag":[],"class_list":{"0":"post-103256","1":"product","2":"type-product","3":"status-publish","4":"has-post-thumbnail","6":"product_brand-elpis","7":"product_cat-roku-kopsanas-kosmetika","9":"first","10":"outofstock","11":"taxable","12":"shipping-taxable","13":"product-type-simple"},"_links":{"self":[{"href":"https:\/\/e.kosmolat.eu\/lv\/wp-json\/wp\/v2\/product\/103256","targetHints":{"allow":["GET"]}}],"collection":[{"href":"https:\/\/e.kosmolat.eu\/lv\/wp-json\/wp\/v2\/product"}],"about":[{"href":"https:\/\/e.kosmolat.eu\/lv\/wp-json\/wp\/v2\/types\/product"}],"wp:featuredmedia":[{"embeddable":true,"href":"https:\/\/e.kosmolat.eu\/lv\/wp-json\/wp\/v2\/media\/107116"}],"wp:attachment":[{"href":"https:\/\/e.kosmolat.eu\/lv\/wp-json\/wp\/v2\/media?parent=103256"}],"wp:term":[{"taxonomy":"product_cat","embeddable":true,"href":"https:\/\/e.kosmolat.eu\/lv\/wp-json\/wp\/v2\/product_cat?post=103256"},{"taxonomy":"product_tag","embeddable":true,"href":"https:\/\/e.kosmolat.eu\/lv\/wp-json\/wp\/v2\/product_tag?post=103256"}],"curies":[{"name":"wp","href":"https:\/\/api.w.org\/{rel}","templated":true}]}}