{"id":103252,"date":"2025-11-27T14:52:27","date_gmt":"2025-11-27T14:52:27","guid":{"rendered":"https:\/\/e.kosmolat.eu\/?post_type=product&#038;p=103252"},"modified":"2026-04-17T14:34:03","modified_gmt":"2026-04-17T14:34:03","slug":"spkrug-sustavital-kerm-kr-balz-ar-cagas-zelta-st-purva-varnk-un-tauks-ekstr-100-ml","status":"publish","type":"product","link":"https:\/\/e.kosmolat.eu\/lv\/product\/spkrug-sustavital-kerm-kr-balz-ar-cagas-zelta-st-purva-varnk-un-tauks-ekstr-100-ml\/","title":{"rendered":"SpKrug Sustavital \u0136erm. Kr.-balz. ar \u010dagas, zelta st., purva v\u0101rnk. un tauks. ekstr, 100 ml"},"content":{"rendered":"<p>Kosm\u0113tiskais \u0137erme\u0146a kr\u0113ms-balzams. Nav \u0101rstniecisks l\u012bdzeklis. Uzkl\u0101t uz t\u012bras, sausas \u0101das. Lieto\u0161anas bie\u017eums tiek noteikts individu\u0101li. Uzglab\u0101t temperat\u016br\u0101 no +2\u00b0C l\u012bdz +25\u00b0C.<\/p>\n","protected":false},"excerpt":{"rendered":"<p>Kosm\u0113tiskais \u0137erme\u0146a kr\u0113ms-balzams. Nav \u0101rstniecisks l\u012bdzeklis. Uzkl\u0101t uz t\u012bras, sausas \u0101das. Lieto\u0161anas bie\u017eums tiek noteikts individu\u0101li. Uzglab\u0101t temperat\u016br\u0101 no +2\u00b0C l\u012bdz +25\u00b0C.<\/p>\n","protected":false},"featured_media":104568,"template":"","meta":[],"product_cat":[1388],"product_tag":[],"class_list":{"0":"post-103252","1":"product","2":"type-product","3":"status-publish","4":"has-post-thumbnail","6":"product_brand-elpis","7":"product_cat-kermena-kremi-pienini-sviesti","9":"first","10":"instock","11":"taxable","12":"shipping-taxable","13":"product-type-simple"},"_links":{"self":[{"href":"https:\/\/e.kosmolat.eu\/lv\/wp-json\/wp\/v2\/product\/103252","targetHints":{"allow":["GET"]}}],"collection":[{"href":"https:\/\/e.kosmolat.eu\/lv\/wp-json\/wp\/v2\/product"}],"about":[{"href":"https:\/\/e.kosmolat.eu\/lv\/wp-json\/wp\/v2\/types\/product"}],"wp:featuredmedia":[{"embeddable":true,"href":"https:\/\/e.kosmolat.eu\/lv\/wp-json\/wp\/v2\/media\/104568"}],"wp:attachment":[{"href":"https:\/\/e.kosmolat.eu\/lv\/wp-json\/wp\/v2\/media?parent=103252"}],"wp:term":[{"taxonomy":"product_cat","embeddable":true,"href":"https:\/\/e.kosmolat.eu\/lv\/wp-json\/wp\/v2\/product_cat?post=103252"},{"taxonomy":"product_tag","embeddable":true,"href":"https:\/\/e.kosmolat.eu\/lv\/wp-json\/wp\/v2\/product_tag?post=103252"}],"curies":[{"name":"wp","href":"https:\/\/api.w.org\/{rel}","templated":true}]}}