{"id":103240,"date":"2025-11-27T13:57:58","date_gmt":"2025-11-27T13:57:58","guid":{"rendered":"https:\/\/e.kosmolat.eu\/product\/pl-stiprin-samp-visiem-matu-tip-natre-400-ml\/"},"modified":"2026-04-24T05:59:05","modified_gmt":"2026-04-24T05:59:05","slug":"pl-stiprin-samp-visiem-matu-tip-natre-400-ml","status":"publish","type":"product","link":"https:\/\/e.kosmolat.eu\/lv\/product\/pl-stiprin-samp-visiem-matu-tip-natre-400-ml\/","title":{"rendered":"PL Stiprin. \u0161amp. visiem matu tip. N\u0101tre, 400 ml"},"content":{"rendered":"<p>Jaun\u0101 formula ar Nature Plus esenci no 5 ekstraktiem un e\u013c\u013c\u0101m (verbenas ekstrakts, salvijas ekstrakts, me\u017eroz\u012b\u0161u ekstrakts, mande\u013cu un lins\u0113klu e\u013c\u013cas). Akt\u012bvas dab\u012bgas sast\u0101vda\u013cas kav\u0113 matu izkri\u0161anu, baro un aizsarg\u0101 matus pret boj\u0101jumiem. N\u0101tre stiprina matu saknes un stimul\u0113 to aug\u0161anu. <\/p>\n<p>Lieto\u0161ana: nelielu daudzumu uzkl\u0101t uz mitriem matiem, saputot, nomazg\u0101t ar \u016bdeni. Ja iek\u013c\u016bst ac\u012bs, r\u016bp\u012bgi izskalot ar \u016bdeni. P\u0113c atv\u0113r\u0161anas izlietot 12 m\u0113n. laik\u0101. <\/p>\n<p>Uzglab\u0101\u0161anas temperat\u016bra: no +5 \u00b0C l\u012bdz +25 \u00b0C.<\/p>\n","protected":false},"excerpt":{"rendered":"<p>Jaun\u0101 formula ar Nature Plus esenci no 5 ekstraktiem un e\u013c\u013c\u0101m (verbenas ekstrakts, salvijas ekstrakts, me\u017eroz\u012b\u0161u ekstrakts, mande\u013cu un lins\u0113klu e\u013c\u013cas). Akt\u012bvas dab\u012bgas sast\u0101vda\u013cas kav\u0113 matu izkri\u0161anu, baro un aizsarg\u0101 matus pret boj\u0101jumiem. N\u0101tre stiprina matu saknes un stimul\u0113 to aug\u0161anu. Lieto\u0161ana: nelielu daudzumu uzkl\u0101t uz mitriem matiem, saputot, nomazg\u0101t ar \u016bdeni. Ja iek\u013c\u016bst ac\u012bs, [&#8230;]\n","protected":false},"featured_media":103244,"template":"","meta":[],"product_cat":[1248],"product_tag":[],"class_list":{"0":"post-103240","1":"product","2":"type-product","3":"status-publish","4":"has-post-thumbnail","6":"product_brand-private-label","7":"product_cat-sampuni","9":"first","10":"instock","11":"taxable","12":"shipping-taxable","13":"product-type-simple"},"_links":{"self":[{"href":"https:\/\/e.kosmolat.eu\/lv\/wp-json\/wp\/v2\/product\/103240","targetHints":{"allow":["GET"]}}],"collection":[{"href":"https:\/\/e.kosmolat.eu\/lv\/wp-json\/wp\/v2\/product"}],"about":[{"href":"https:\/\/e.kosmolat.eu\/lv\/wp-json\/wp\/v2\/types\/product"}],"wp:featuredmedia":[{"embeddable":true,"href":"https:\/\/e.kosmolat.eu\/lv\/wp-json\/wp\/v2\/media\/103244"}],"wp:attachment":[{"href":"https:\/\/e.kosmolat.eu\/lv\/wp-json\/wp\/v2\/media?parent=103240"}],"wp:term":[{"taxonomy":"product_cat","embeddable":true,"href":"https:\/\/e.kosmolat.eu\/lv\/wp-json\/wp\/v2\/product_cat?post=103240"},{"taxonomy":"product_tag","embeddable":true,"href":"https:\/\/e.kosmolat.eu\/lv\/wp-json\/wp\/v2\/product_tag?post=103240"}],"curies":[{"name":"wp","href":"https:\/\/api.w.org\/{rel}","templated":true}]}}