{"id":103177,"date":"2025-11-26T08:39:00","date_gmt":"2025-11-26T08:39:00","guid":{"rendered":"https:\/\/e.kosmolat.eu\/product\/white-day-mitras-salvetes-ultra-sensitive-lavander-144-gab\/"},"modified":"2026-04-24T05:59:31","modified_gmt":"2026-04-24T05:59:31","slug":"white-day-sc-mitras-salvetes-bern-lavanda-144-gab","status":"publish","type":"product","link":"https:\/\/e.kosmolat.eu\/lv\/product\/white-day-sc-mitras-salvetes-bern-lavanda-144-gab\/","title":{"rendered":"White Day SC Mitr\u0101s salvetes b\u0113rn. Lavanda, 144 gab."},"content":{"rendered":"<p>Pateicoties maigajai tekst\u016brai un formulai, kas izstr\u0101d\u0101ta \u012bpa\u0161i j\u016bsu mazulim, mitr\u0101s salvetes nodro\u0161ina roku, sejas un \u0137erme\u0146a \u0101das kop\u0161anu. Maig\u0101s higi\u0113nisk\u0101s salvetes aizsarg\u0101 \u0101du un nesatur alkoholu un kr\u0101svielas.<\/p>\n<p>Lieto\u0161ana: atveriet v\u0101ci\u0146u, iz\u0146emiet salveti no iepakojuma un cie\u0161i aizveriet v\u0101ci\u0146u, lai saglab\u0101tu mitrumu p\u0113c lieto\u0161anas.<\/p>\n<p>Br\u012bdin\u0101jums: uzglab\u0101t v\u0113s\u0101, saus\u0101 viet\u0101. Sarg\u0101t no tie\u0161iem saules stariem. Izvair\u012bties no saskares ar ac\u012bm. Ja nok\u013c\u016bst ac\u012bs, nekav\u0113joties t\u0101s skalot ar lielu daudzumu \u016bdens.<\/p>\n<p>Uzman\u012bbu: nemest tualetes pod\u0101. Lai izvair\u012btos no nosmak\u0161anas, turiet visus plastmasas maisi\u0146us b\u0113rniem un m\u0101jdz\u012bvniekiem nepieejam\u0101 viet\u0101.<\/p>\n","protected":false},"excerpt":{"rendered":"<p>Pateicoties maigajai tekst\u016brai un formulai, kas izstr\u0101d\u0101ta \u012bpa\u0161i j\u016bsu mazulim, mitr\u0101s salvetes nodro\u0161ina roku, sejas un \u0137erme\u0146a \u0101das kop\u0161anu. Maig\u0101s higi\u0113nisk\u0101s salvetes aizsarg\u0101 \u0101du un nesatur alkoholu un kr\u0101svielas. Lieto\u0161ana: atveriet v\u0101ci\u0146u, iz\u0146emiet salveti no iepakojuma un cie\u0161i aizveriet v\u0101ci\u0146u, lai saglab\u0101tu mitrumu p\u0113c lieto\u0161anas. Br\u012bdin\u0101jums: uzglab\u0101t v\u0113s\u0101, saus\u0101 viet\u0101. Sarg\u0101t no tie\u0161iem saules stariem. [&#8230;]\n","protected":false},"featured_media":104916,"template":"","meta":[],"product_cat":[1794],"product_tag":[],"class_list":{"0":"post-103177","1":"product","2":"type-product","3":"status-publish","4":"has-post-thumbnail","6":"product_brand-salvor-wet-wiper-tr","7":"product_cat-mitras-salvetes-berniem","9":"first","10":"instock","11":"taxable","12":"shipping-taxable","13":"product-type-simple"},"_links":{"self":[{"href":"https:\/\/e.kosmolat.eu\/lv\/wp-json\/wp\/v2\/product\/103177","targetHints":{"allow":["GET"]}}],"collection":[{"href":"https:\/\/e.kosmolat.eu\/lv\/wp-json\/wp\/v2\/product"}],"about":[{"href":"https:\/\/e.kosmolat.eu\/lv\/wp-json\/wp\/v2\/types\/product"}],"wp:featuredmedia":[{"embeddable":true,"href":"https:\/\/e.kosmolat.eu\/lv\/wp-json\/wp\/v2\/media\/104916"}],"wp:attachment":[{"href":"https:\/\/e.kosmolat.eu\/lv\/wp-json\/wp\/v2\/media?parent=103177"}],"wp:term":[{"taxonomy":"product_cat","embeddable":true,"href":"https:\/\/e.kosmolat.eu\/lv\/wp-json\/wp\/v2\/product_cat?post=103177"},{"taxonomy":"product_tag","embeddable":true,"href":"https:\/\/e.kosmolat.eu\/lv\/wp-json\/wp\/v2\/product_tag?post=103177"}],"curies":[{"name":"wp","href":"https:\/\/api.w.org\/{rel}","templated":true}]}}