{"id":103161,"date":"2025-11-25T09:51:59","date_gmt":"2025-11-25T09:51:59","guid":{"rendered":"https:\/\/e.kosmolat.eu\/product\/ip-pe-izgaism-sejas-ser-ar-6-fukog-un-efejas-ekstr-30-ml\/"},"modified":"2026-04-18T13:08:02","modified_gmt":"2026-04-18T13:08:02","slug":"ip-pe-izgaism-sejas-ser-ar-6-fukog-un-efejas-ekstr-30-ml","status":"publish","type":"product","link":"https:\/\/e.kosmolat.eu\/lv\/product\/ip-pe-izgaism-sejas-ser-ar-6-fukog-un-efejas-ekstr-30-ml\/","title":{"rendered":"IP PE Izgaism. sejas ser. ar 6% fukog. un efejas ekstr., 30 ml"},"content":{"rendered":"<p>Akt\u012bvo sast\u0101vda\u013cu komplekss efekt\u012bvi pal\u012bdz izgaismot un izl\u012bdzin\u0101t \u0101das toni. Aizkav\u0113 s\u012bko grumbi\u0146u par\u0101d\u012b\u0161anos. Dzi\u013ci mitrina un nomierina \u0101du.<\/p>\n<p>Lieto\u0161ana: Ar viegl\u0101m mas\u0101\u017eas kust\u012bb\u0101m uzkl\u0101jiet serumu uz att\u012br\u012btas \u0101das no r\u012bta un vakar\u0101. Piem\u0113rots ar\u012b \u0101dai ap ac\u012bm.<\/p>\n","protected":false},"excerpt":{"rendered":"<p>Akt\u012bvo sast\u0101vda\u013cu komplekss efekt\u012bvi pal\u012bdz izgaismot un izl\u012bdzin\u0101t \u0101das toni. Aizkav\u0113 s\u012bko grumbi\u0146u par\u0101d\u012b\u0161anos. Dzi\u013ci mitrina un nomierina \u0101du. Lieto\u0161ana: Ar viegl\u0101m mas\u0101\u017eas kust\u012bb\u0101m uzkl\u0101jiet serumu uz att\u012br\u012btas \u0101das no r\u012bta un vakar\u0101. Piem\u0113rots ar\u012b \u0101dai ap ac\u012bm.<\/p>\n","protected":false},"featured_media":104572,"template":"","meta":[],"product_cat":[1325],"product_tag":[],"class_list":{"0":"post-103161","1":"product","2":"type-product","3":"status-publish","4":"has-post-thumbnail","6":"product_brand-sale","7":"product_cat-serumi","9":"first","10":"instock","11":"taxable","12":"shipping-taxable","13":"product-type-simple"},"_links":{"self":[{"href":"https:\/\/e.kosmolat.eu\/lv\/wp-json\/wp\/v2\/product\/103161","targetHints":{"allow":["GET"]}}],"collection":[{"href":"https:\/\/e.kosmolat.eu\/lv\/wp-json\/wp\/v2\/product"}],"about":[{"href":"https:\/\/e.kosmolat.eu\/lv\/wp-json\/wp\/v2\/types\/product"}],"wp:featuredmedia":[{"embeddable":true,"href":"https:\/\/e.kosmolat.eu\/lv\/wp-json\/wp\/v2\/media\/104572"}],"wp:attachment":[{"href":"https:\/\/e.kosmolat.eu\/lv\/wp-json\/wp\/v2\/media?parent=103161"}],"wp:term":[{"taxonomy":"product_cat","embeddable":true,"href":"https:\/\/e.kosmolat.eu\/lv\/wp-json\/wp\/v2\/product_cat?post=103161"},{"taxonomy":"product_tag","embeddable":true,"href":"https:\/\/e.kosmolat.eu\/lv\/wp-json\/wp\/v2\/product_tag?post=103161"}],"curies":[{"name":"wp","href":"https:\/\/api.w.org\/{rel}","templated":true}]}}