{"id":102801,"date":"2025-11-05T14:51:09","date_gmt":"2025-11-05T14:51:09","guid":{"rendered":"https:\/\/e.kosmolat.eu\/product\/dsc-kompl-rosemary-mineralu-samp-un-balzams-ar-naves-juras-mineral-un-biotinu-1-l\/"},"modified":"2026-03-31T05:39:08","modified_gmt":"2026-03-31T05:39:08","slug":"dsc-rosemary-mint-matu-kops-kompl-samp-1-l-kondic-907-ml","status":"publish","type":"product","link":"https:\/\/e.kosmolat.eu\/lv\/product\/dsc-rosemary-mint-matu-kops-kompl-samp-1-l-kondic-907-ml\/","title":{"rendered":"DSC Rosemary + Mint Matu kop\u0161. kompl. (\u0161amp., 1 l + kondic., 907 ml)"},"content":{"rendered":"<p>1. ROSEMARY &#038; MINT MINER\u0100LU \u0160AMP\u016aNS AR N\u0100VES J\u016aRAS MINER\u0100LIEM, ROZMAR\u012aNU UN PIPARM\u0112TRU<br \/>\nMitrin\u0101\u0161ana un atjauno\u0161ana. \u0160amp\u016bns ir bag\u0101tin\u0101ts ar N\u0101ves j\u016bras miner\u0101liem, kas paz\u012bstami ar sav\u0101m \u0101rstnieciskaj\u0101m \u012bpa\u0161\u012bb\u0101m, un pastiprin\u0101ts ar rozmar\u012bna stimul\u0113jo\u0161o un piparm\u0113tras nomierino\u0161o iedarb\u012bbu. Uzlabot\u0101 formula stiprina matus, padara tos biez\u0101kus un vesel\u012bg\u0101kus, atjauno sp\u012bdumu un mirdzumu, stimul\u0113 matu folikulus un pie\u0161\u0137ir apjomu.<\/p>\n<p>Lieto\u0161ana: uzkl\u0101jiet pietiekamu daudzumu \u0161amp\u016bna uz mitriem matiem, saputojiet, iemas\u0113jiet galvas \u0101d\u0101 un matos, p\u0113c tam r\u016bp\u012bgi izskalojiet. Lai sasniegtu lab\u0101kus rezult\u0101tus, izmantojiet kondicionieri, lai pie\u0161\u0137irtu matiem sp\u012bdumu, kuplumu un maigumu.<\/p>\n<p>2. ROSEMARY &#038; MINT KONDICIONIERIS AR N\u0100VES J\u016aRAS MINER\u0100LIEM, ROZMAR\u012aNU UN PIPARM\u0112TRU<br \/>\nMitrin\u0101\u0161ana un atjauno\u0161ana. Kondicionieris ir bag\u0101tin\u0101ts ar N\u0101ves j\u016bras miner\u0101liem, kas paz\u012bstami ar sav\u0101m \u0101rstnieciskaj\u0101m \u012bpa\u0161\u012bb\u0101m, un pastiprin\u0101ts ar rozmar\u012bna stimul\u0113jo\u0161o un piparm\u0113tras nomierino\u0161o iedarb\u012bbu. \u0160\u012b uzlabot\u0101 kondicioniera formula stiprina matus, padara tos biez\u0101kus un vesel\u012bg\u0101kus, pie\u0161\u0137ir apjomu, sp\u012bdumu un mirdzumu.<\/p>\n<p>Lieto\u0161ana: p\u0113c \u0161amp\u016bna lieto\u0161anas maigi no\u0146emiet lieko mitrumu no matiem. Uzkl\u0101jiet kondicionieri no matu vidusda\u013cas l\u012bdz galiem, atst\u0101jiet uz 2\u20134 min\u016bt\u0113m, p\u0113c tam r\u016bp\u012bgi izskalojiet.<\/p>\n","protected":false},"excerpt":{"rendered":"<p>1. ROSEMARY &#038; MINT MINER\u0100LU \u0160AMP\u016aNS AR N\u0100VES J\u016aRAS MINER\u0100LIEM, ROZMAR\u012aNU UN PIPARM\u0112TRU Mitrin\u0101\u0161ana un atjauno\u0161ana. \u0160amp\u016bns ir bag\u0101tin\u0101ts ar N\u0101ves j\u016bras miner\u0101liem, kas paz\u012bstami ar sav\u0101m \u0101rstnieciskaj\u0101m \u012bpa\u0161\u012bb\u0101m, un pastiprin\u0101ts ar rozmar\u012bna stimul\u0113jo\u0161o un piparm\u0113tras nomierino\u0161o iedarb\u012bbu. Uzlabot\u0101 formula stiprina matus, padara tos biez\u0101kus un vesel\u012bg\u0101kus, atjauno sp\u012bdumu un mirdzumu, stimul\u0113 matu folikulus un [&#8230;]\n","protected":false},"featured_media":102805,"template":"","meta":[],"product_cat":[1638],"product_tag":[],"class_list":{"0":"post-102801","1":"product","2":"type-product","3":"status-publish","4":"has-post-thumbnail","6":"product_brand-dead-sea_il","7":"product_cat-balzami","9":"first","10":"outofstock","11":"taxable","12":"shipping-taxable","13":"product-type-simple"},"_links":{"self":[{"href":"https:\/\/e.kosmolat.eu\/lv\/wp-json\/wp\/v2\/product\/102801","targetHints":{"allow":["GET"]}}],"collection":[{"href":"https:\/\/e.kosmolat.eu\/lv\/wp-json\/wp\/v2\/product"}],"about":[{"href":"https:\/\/e.kosmolat.eu\/lv\/wp-json\/wp\/v2\/types\/product"}],"wp:featuredmedia":[{"embeddable":true,"href":"https:\/\/e.kosmolat.eu\/lv\/wp-json\/wp\/v2\/media\/102805"}],"wp:attachment":[{"href":"https:\/\/e.kosmolat.eu\/lv\/wp-json\/wp\/v2\/media?parent=102801"}],"wp:term":[{"taxonomy":"product_cat","embeddable":true,"href":"https:\/\/e.kosmolat.eu\/lv\/wp-json\/wp\/v2\/product_cat?post=102801"},{"taxonomy":"product_tag","embeddable":true,"href":"https:\/\/e.kosmolat.eu\/lv\/wp-json\/wp\/v2\/product_tag?post=102801"}],"curies":[{"name":"wp","href":"https:\/\/api.w.org\/{rel}","templated":true}]}}