{"id":102793,"date":"2025-11-05T14:20:37","date_gmt":"2025-11-05T14:20:37","guid":{"rendered":"https:\/\/e.kosmolat.eu\/product\/dsc-kompl-keratin-mineralu-samp-un-balzams-ar-naves-juras-mineral-un-biotinu-1-l\/"},"modified":"2026-04-15T06:02:10","modified_gmt":"2026-04-15T06:02:10","slug":"dsc-keratin-matu-kops-kompl-samp-1-l-kondic-907-ml","status":"publish","type":"product","link":"https:\/\/e.kosmolat.eu\/lv\/product\/dsc-keratin-matu-kops-kompl-samp-1-l-kondic-907-ml\/","title":{"rendered":"DSC Keratin Matu kop\u0161. kompl. (\u0161amp., 1 l + kondic., 907 ml)"},"content":{"rendered":"<p>1. KERATIN MINER\u0100LU \u0160AMP\u016aNS AR N\u0100VES J\u016aRAS MINER\u0100LIEM UN KERAT\u012aNU<br \/>\nMitrin\u0101\u0161ana un baro\u0161ana. Kerat\u012bna \u0161amp\u016bns mitrina un baro matus. Tas ir bag\u0101tin\u0101ts ar N\u0101ves j\u016bras miner\u0101liem, kas paz\u012bstami ar sav\u0101m \u0101rstnieciskaj\u0101m \u012bpa\u0161\u012bb\u0101m, un pastiprin\u0101ts ar kerat\u012bna atjaunojo\u0161o iedarb\u012bbu. \u0160amp\u016bns maigi att\u012bra matus, saudz\u012bgi no\u0146emot net\u012brumus un matu veido\u0161anas l\u012bdzek\u013cu paliekas, stiprina matus un veicina to atjauno\u0161anos. Pie\u0161\u0137ir matiem sp\u012bdumu un mirdzumu, padarot tos dz\u012bv\u012bg\u0101kus un vesel\u012bg\u0101kus.<\/p>\n<p>Lieto\u0161ana: uzkl\u0101jiet pietiekamu daudzumu \u0161amp\u016bna uz mitriem matiem, saputojiet, iemas\u0113jiet galvas \u0101d\u0101 un matos, p\u0113c tam r\u016bp\u012bgi izskalojiet. Lai sasniegtu lab\u0101kus rezult\u0101tus, izmantojiet kondicionieri, lai pie\u0161\u0137irtu matiem sp\u012bdumu, kuplumu un maigumu.<\/p>\n<p>2. KERATIN KONDICIONIERIS AR N\u0100VES J\u016aRAS MINER\u0100LIEM UN KERAT\u012aNU<br \/>\nMitrin\u0101\u0161ana un baro\u0161ana. Kerat\u012bna kondicionieris pal\u012bdz mitrin\u0101t un barot matus. Bag\u0101tin\u0101ts ar N\u0101ves j\u016bras miner\u0101liem, kas paz\u012bstami ar sav\u0101m \u0101rstnieciskaj\u0101m \u012bpa\u0161\u012bb\u0101m, un pastiprin\u0101ts ar kerat\u012bna prote\u012bniem. Kondicionieris stiprina un aizsarg\u0101 matus, pie\u0161\u0137ir tiem sp\u012bdumu un mirdzumu. Atvieglo matu veido\u0161anu un samazina l\u016b\u0161anu.<\/p>\n<p>Lieto\u0161ana: p\u0113c \u0161amp\u016bna lieto\u0161anas maigi no\u0146emiet lieko mitrumu no matiem. Uzkl\u0101jiet kondicionieri no matu vidusda\u013cas l\u012bdz galiem, atst\u0101jiet uz 2\u20134 min\u016bt\u0113m, p\u0113c tam r\u016bp\u012bgi izskalojiet.<\/p>\n","protected":false},"excerpt":{"rendered":"<p>1. KERATIN MINER\u0100LU \u0160AMP\u016aNS AR N\u0100VES J\u016aRAS MINER\u0100LIEM UN KERAT\u012aNU Mitrin\u0101\u0161ana un baro\u0161ana. Kerat\u012bna \u0161amp\u016bns mitrina un baro matus. Tas ir bag\u0101tin\u0101ts ar N\u0101ves j\u016bras miner\u0101liem, kas paz\u012bstami ar sav\u0101m \u0101rstnieciskaj\u0101m \u012bpa\u0161\u012bb\u0101m, un pastiprin\u0101ts ar kerat\u012bna atjaunojo\u0161o iedarb\u012bbu. \u0160amp\u016bns maigi att\u012bra matus, saudz\u012bgi no\u0146emot net\u012brumus un matu veido\u0161anas l\u012bdzek\u013cu paliekas, stiprina matus un veicina to [&#8230;]\n","protected":false},"featured_media":102797,"template":"","meta":[],"product_cat":[1853],"product_tag":[],"class_list":{"0":"post-102793","1":"product","2":"type-product","3":"status-publish","4":"has-post-thumbnail","6":"product_brand-dead-sea_il","7":"product_cat-davanu-komplekti-sievietem","9":"first","10":"outofstock","11":"taxable","12":"shipping-taxable","13":"product-type-simple"},"_links":{"self":[{"href":"https:\/\/e.kosmolat.eu\/lv\/wp-json\/wp\/v2\/product\/102793","targetHints":{"allow":["GET"]}}],"collection":[{"href":"https:\/\/e.kosmolat.eu\/lv\/wp-json\/wp\/v2\/product"}],"about":[{"href":"https:\/\/e.kosmolat.eu\/lv\/wp-json\/wp\/v2\/types\/product"}],"wp:featuredmedia":[{"embeddable":true,"href":"https:\/\/e.kosmolat.eu\/lv\/wp-json\/wp\/v2\/media\/102797"}],"wp:attachment":[{"href":"https:\/\/e.kosmolat.eu\/lv\/wp-json\/wp\/v2\/media?parent=102793"}],"wp:term":[{"taxonomy":"product_cat","embeddable":true,"href":"https:\/\/e.kosmolat.eu\/lv\/wp-json\/wp\/v2\/product_cat?post=102793"},{"taxonomy":"product_tag","embeddable":true,"href":"https:\/\/e.kosmolat.eu\/lv\/wp-json\/wp\/v2\/product_tag?post=102793"}],"curies":[{"name":"wp","href":"https:\/\/api.w.org\/{rel}","templated":true}]}}