{"id":102785,"date":"2025-11-05T14:10:57","date_gmt":"2025-11-05T14:10:57","guid":{"rendered":"https:\/\/e.kosmolat.eu\/product\/dsc-kompl-biotin-mineralu-samp-un-balzams-ar-naves-juras-mineral-un-biotinu-1-l\/"},"modified":"2026-03-31T05:38:54","modified_gmt":"2026-03-31T05:38:54","slug":"dsc-biotin-matu-kops-kompl-samp-1-l-kondic-907-ml","status":"publish","type":"product","link":"https:\/\/e.kosmolat.eu\/lv\/product\/dsc-biotin-matu-kops-kompl-samp-1-l-kondic-907-ml\/","title":{"rendered":"DSC Biotin Matu kop\u0161. kompl. (\u0161amp., 1 l + kondic., 907 ml)"},"content":{"rendered":"<p>1. BIOTIN MINER\u0100LU \u0160AMP\u016aNS AR N\u0100VES J\u016aRAS MINER\u0100LIEM UN BIOT\u012aNU.<br \/>\nMitrin\u0101\u0161ana un atjauno\u0161ana. \u0160amp\u016bns ir bag\u0101tin\u0101ts ar N\u0101ves j\u016bras miner\u0101liem, kas paz\u012bstami ar sav\u0101m \u0101rstnieciskaj\u0101m \u012bpa\u0161\u012bb\u0101m, un pastiprin\u0101ts ar biot\u012bna e\u013c\u013cas stiprino\u0161o iedarb\u012bbu. Formula ap\u0146em katru matu, pal\u012bdzot to stiprin\u0101t un uzlabot st\u0101vokli no sakn\u0113m l\u012bdz galiem, vienlaikus maigi no\u0146emot matu veido\u0161anas l\u012bdzek\u013cu atliekas un net\u012brumus. Rezult\u0101t\u0101 mati k\u013c\u016bst stipr\u0101ki, biez\u0101ki un apjom\u012bg\u0101ki p\u0113c katras mazg\u0101\u0161anas reizes.<\/p>\n<p>Lieto\u0161ana: uzkl\u0101jiet pietiekamu daudzumu \u0161amp\u016bna uz mitriem matiem, saputojiet, iemas\u0113jiet galvas \u0101d\u0101 un matos, p\u0113c tam r\u016bp\u012bgi izskalojiet. Lai sasniegtu lab\u0101kus rezult\u0101tus, izmantojiet kondicionieri, lai pie\u0161\u0137irtu matiem sp\u012bdumu, kuplumu un maigumu.<\/p>\n<p>2. BIOTIN MINER\u0100LU KONDICIONIERIS AR N\u0100VES J\u016aRAS MINER\u0100LIEM UN BIOT\u012aNU.<br \/>\nMitrin\u0101\u0161ana un atjauno\u0161ana. Kondicionieris ir bag\u0101tin\u0101ts ar N\u0101ves j\u016bras miner\u0101liem, kas paz\u012bstami ar sav\u0101m \u0101rstnieciskaj\u0101m \u012bpa\u0161\u012bb\u0101m, un pastiprin\u0101ts ar biot\u012bna stiprino\u0161o iedarb\u012bbu. Tas veicina matu stiprin\u0101\u0161anu, pie\u0161\u0137ir sp\u012bdumu un palielina apjomu.<\/p>\n<p>Lieto\u0161ana: p\u0113c \u0161amp\u016bna lieto\u0161anas maigi no\u0146emiet lieko mitrumu no matiem. Uzkl\u0101jiet kondicionieri no matu vidusda\u013cas l\u012bdz galiem, atst\u0101jiet uz 2\u20134 min\u016bt\u0113m, p\u0113c tam r\u016bp\u012bgi izskalojiet.<\/p>\n","protected":false},"excerpt":{"rendered":"<p>1. BIOTIN MINER\u0100LU \u0160AMP\u016aNS AR N\u0100VES J\u016aRAS MINER\u0100LIEM UN BIOT\u012aNU. Mitrin\u0101\u0161ana un atjauno\u0161ana. \u0160amp\u016bns ir bag\u0101tin\u0101ts ar N\u0101ves j\u016bras miner\u0101liem, kas paz\u012bstami ar sav\u0101m \u0101rstnieciskaj\u0101m \u012bpa\u0161\u012bb\u0101m, un pastiprin\u0101ts ar biot\u012bna e\u013c\u013cas stiprino\u0161o iedarb\u012bbu. Formula ap\u0146em katru matu, pal\u012bdzot to stiprin\u0101t un uzlabot st\u0101vokli no sakn\u0113m l\u012bdz galiem, vienlaikus maigi no\u0146emot matu veido\u0161anas l\u012bdzek\u013cu atliekas un [&#8230;]\n","protected":false},"featured_media":102789,"template":"","meta":[],"product_cat":[1251],"product_tag":[],"class_list":{"0":"post-102785","1":"product","2":"type-product","3":"status-publish","4":"has-post-thumbnail","6":"product_brand-dead-sea_il","7":"product_cat-sampunai","9":"first","10":"outofstock","11":"taxable","12":"shipping-taxable","13":"product-type-simple"},"_links":{"self":[{"href":"https:\/\/e.kosmolat.eu\/lv\/wp-json\/wp\/v2\/product\/102785","targetHints":{"allow":["GET"]}}],"collection":[{"href":"https:\/\/e.kosmolat.eu\/lv\/wp-json\/wp\/v2\/product"}],"about":[{"href":"https:\/\/e.kosmolat.eu\/lv\/wp-json\/wp\/v2\/types\/product"}],"wp:featuredmedia":[{"embeddable":true,"href":"https:\/\/e.kosmolat.eu\/lv\/wp-json\/wp\/v2\/media\/102789"}],"wp:attachment":[{"href":"https:\/\/e.kosmolat.eu\/lv\/wp-json\/wp\/v2\/media?parent=102785"}],"wp:term":[{"taxonomy":"product_cat","embeddable":true,"href":"https:\/\/e.kosmolat.eu\/lv\/wp-json\/wp\/v2\/product_cat?post=102785"},{"taxonomy":"product_tag","embeddable":true,"href":"https:\/\/e.kosmolat.eu\/lv\/wp-json\/wp\/v2\/product_tag?post=102785"}],"curies":[{"name":"wp","href":"https:\/\/api.w.org\/{rel}","templated":true}]}}