{"id":102753,"date":"2025-11-04T14:47:29","date_gmt":"2025-11-04T14:47:29","guid":{"rendered":"https:\/\/e.kosmolat.eu\/?post_type=product&#038;p=102753"},"modified":"2026-04-21T07:43:17","modified_gmt":"2026-04-21T07:43:17","slug":"dr-sant%d0%b5-vit-c-attir-putas-sejas-mazg-150-ml","status":"publish","type":"product","link":"https:\/\/e.kosmolat.eu\/lv\/product\/dr-sant%d0%b5-vit-c-attir-putas-sejas-mazg-150-ml\/","title":{"rendered":"Dr.Sant\u0435 Vit. C Att\u012br. putas sejas mazg., 150 ml"},"content":{"rendered":"<p>Putas ar C vitam\u012bnu ir izstr\u0101d\u0101tas norm\u0101las un kombin\u0113tas sejas \u0101das att\u012br\u012b\u0161anai. T\u0101s nodro\u0161ina maigu, bet vienlaikus r\u016bp\u012bgu att\u012br\u012b\u0161anu. Efekts ir paman\u0101ms jau p\u0113c pirm\u0101s lieto\u0161anas reizes: \u0101da k\u013c\u016bst svaiga un mirdzo\u0161a, t\u0101s tonis izl\u012bdzin\u0101s. Putu lieto\u0161ana p\u0101rv\u0113r\u0161 sejas att\u012br\u012b\u0161anas proced\u016bru pat\u012bkam\u0101 ritu\u0101l\u0101.<\/p>\n<p>Lieto\u0161ana: uzkl\u0101t uz mitras \u0101das un noskalot ar \u016bdeni. Satur A vitam\u012bnu. L\u016bgums pirms lieto\u0161anas p\u0101rdom\u0101t savu dienas devu. <\/p>\n<p>Piesardz\u012bbas pas\u0101kumi: iesp\u0113jama individu\u0101la jut\u012bba pret atsevi\u0161\u0137\u0101m sast\u0101vda\u013c\u0101m.<\/p>\n<p>Uzglab\u0101\u0161ana: no +5 \u00b0C l\u012bdz +25 \u00b0C.<\/p>\n","protected":false},"excerpt":{"rendered":"<p>Putas ar C vitam\u012bnu ir izstr\u0101d\u0101tas norm\u0101las un kombin\u0113tas sejas \u0101das att\u012br\u012b\u0161anai. T\u0101s nodro\u0161ina maigu, bet vienlaikus r\u016bp\u012bgu att\u012br\u012b\u0161anu. Efekts ir paman\u0101ms jau p\u0113c pirm\u0101s lieto\u0161anas reizes: \u0101da k\u013c\u016bst svaiga un mirdzo\u0161a, t\u0101s tonis izl\u012bdzin\u0101s. Putu lieto\u0161ana p\u0101rv\u0113r\u0161 sejas att\u012br\u012b\u0161anas proced\u016bru pat\u012bkam\u0101 ritu\u0101l\u0101. Lieto\u0161ana: uzkl\u0101t uz mitras \u0101das un noskalot ar \u016bdeni. Satur A vitam\u012bnu. [&#8230;]\n","protected":false},"featured_media":102757,"template":"","meta":[],"product_cat":[1833],"product_tag":[],"class_list":{"0":"post-102753","1":"product","2":"type-product","3":"status-publish","4":"has-post-thumbnail","6":"product_brand-elfa_ua","7":"product_cat-putas-sejas-mazgasanai","9":"first","10":"instock","11":"taxable","12":"shipping-taxable","13":"product-type-simple"},"_links":{"self":[{"href":"https:\/\/e.kosmolat.eu\/lv\/wp-json\/wp\/v2\/product\/102753","targetHints":{"allow":["GET"]}}],"collection":[{"href":"https:\/\/e.kosmolat.eu\/lv\/wp-json\/wp\/v2\/product"}],"about":[{"href":"https:\/\/e.kosmolat.eu\/lv\/wp-json\/wp\/v2\/types\/product"}],"wp:featuredmedia":[{"embeddable":true,"href":"https:\/\/e.kosmolat.eu\/lv\/wp-json\/wp\/v2\/media\/102757"}],"wp:attachment":[{"href":"https:\/\/e.kosmolat.eu\/lv\/wp-json\/wp\/v2\/media?parent=102753"}],"wp:term":[{"taxonomy":"product_cat","embeddable":true,"href":"https:\/\/e.kosmolat.eu\/lv\/wp-json\/wp\/v2\/product_cat?post=102753"},{"taxonomy":"product_tag","embeddable":true,"href":"https:\/\/e.kosmolat.eu\/lv\/wp-json\/wp\/v2\/product_tag?post=102753"}],"curies":[{"name":"wp","href":"https:\/\/api.w.org\/{rel}","templated":true}]}}