{"id":102707,"date":"2025-11-04T11:53:05","date_gmt":"2025-11-04T11:53:05","guid":{"rendered":"https:\/\/e.kosmolat.eu\/product\/fresh-juice-%d1%81aoas%d0%bdu%d0%b9-%d1%81%d0%basai-ae%d1%8f-%d1%82%d0%b5ea-rhubard-cranberries-200-%d0%bce\/"},"modified":"2026-04-24T05:50:30","modified_gmt":"2026-04-24T05:50:30","slug":"fj-cukura-kerm-skrubis-rabarb-un-dzerv-200-ml","status":"publish","type":"product","link":"https:\/\/e.kosmolat.eu\/lv\/product\/fj-cukura-kerm-skrubis-rabarb-un-dzerv-200-ml\/","title":{"rendered":"FJ Cukura \u0137erm. skrubis Rabarb. un dz\u0113rv., 200 ml"},"content":{"rendered":"<p>Ar arg\u0101na e\u013c\u013cu. Dermatolo\u0123iski p\u0101rbaud\u012bts.<\/p>\n<p>Lieto\u0161ana: izl\u012bdzin\u0101t pa visu \u0137ermeni, pamas\u0113t un noskalot ar \u016bdeni.<\/p>\n<p>Piesardz\u012bbas pas\u0101kumi: iesp\u0113jama individu\u0101la jut\u012bba pret atsevi\u0161\u0137\u0101m sast\u0101vda\u013c\u0101m.<\/p>\n<p>Uzglab\u0101\u0161ana: no +5 \u00b0C l\u012bdz +25 \u00b0C.<\/p>\n<p>Der\u012bguma termi\u0146\u0161: 30 m\u0113ne\u0161i no izgatavo\u0161anas datuma.<\/p>\n","protected":false},"excerpt":{"rendered":"<p>Ar arg\u0101na e\u013c\u013cu. Dermatolo\u0123iski p\u0101rbaud\u012bts. Lieto\u0161ana: izl\u012bdzin\u0101t pa visu \u0137ermeni, pamas\u0113t un noskalot ar \u016bdeni. Piesardz\u012bbas pas\u0101kumi: iesp\u0113jama individu\u0101la jut\u012bba pret atsevi\u0161\u0137\u0101m sast\u0101vda\u013c\u0101m. Uzglab\u0101\u0161ana: no +5 \u00b0C l\u012bdz +25 \u00b0C. Der\u012bguma termi\u0146\u0161: 30 m\u0113ne\u0161i no izgatavo\u0161anas datuma.<\/p>\n","protected":false},"featured_media":102711,"template":"","meta":[],"product_cat":[1357],"product_tag":[],"class_list":{"0":"post-102707","1":"product","2":"type-product","3":"status-publish","4":"has-post-thumbnail","6":"product_brand-elfa_ua","7":"product_cat-skrubji-un-pilingi-kermenim","9":"first","10":"instock","11":"taxable","12":"shipping-taxable","13":"product-type-simple"},"_links":{"self":[{"href":"https:\/\/e.kosmolat.eu\/lv\/wp-json\/wp\/v2\/product\/102707","targetHints":{"allow":["GET"]}}],"collection":[{"href":"https:\/\/e.kosmolat.eu\/lv\/wp-json\/wp\/v2\/product"}],"about":[{"href":"https:\/\/e.kosmolat.eu\/lv\/wp-json\/wp\/v2\/types\/product"}],"wp:featuredmedia":[{"embeddable":true,"href":"https:\/\/e.kosmolat.eu\/lv\/wp-json\/wp\/v2\/media\/102711"}],"wp:attachment":[{"href":"https:\/\/e.kosmolat.eu\/lv\/wp-json\/wp\/v2\/media?parent=102707"}],"wp:term":[{"taxonomy":"product_cat","embeddable":true,"href":"https:\/\/e.kosmolat.eu\/lv\/wp-json\/wp\/v2\/product_cat?post=102707"},{"taxonomy":"product_tag","embeddable":true,"href":"https:\/\/e.kosmolat.eu\/lv\/wp-json\/wp\/v2\/product_tag?post=102707"}],"curies":[{"name":"wp","href":"https:\/\/api.w.org\/{rel}","templated":true}]}}