{"id":102683,"date":"2025-11-04T10:37:01","date_gmt":"2025-11-04T10:37:01","guid":{"rendered":"https:\/\/e.kosmolat.eu\/product\/fj-kermena-sviests-ziemas-kirsi-200-ml\/"},"modified":"2026-04-08T05:49:58","modified_gmt":"2026-04-08T05:49:58","slug":"fj-kermena-sviests-ziemas-kirsi-200-ml","status":"publish","type":"product","link":"https:\/\/e.kosmolat.eu\/lv\/product\/fj-kermena-sviests-ziemas-kirsi-200-ml\/","title":{"rendered":"FJ \u0136erme\u0146a sviests Ziemas \u0137ir\u0161i, 200 ml"},"content":{"rendered":"<p>Ar \u0161\u012b sviestu. Dermatolo\u0123iski p\u0101rbaud\u012bts.<\/p>\n<p>Lieto\u0161ana: ar viegl\u0101m mas\u0113jo\u0161\u0101m kust\u012bb\u0101m uzkl\u0101t uz t\u012bras sausas \u0101das.<\/p>\n<p>Piesardz\u012bbas pas\u0101kumi: iesp\u0113jama individu\u0101la jut\u012bba pret atsevi\u0161\u0137\u0101m sast\u0101vda\u013c\u0101m.<\/p>\n<p>Uzglab\u0101\u0161ana: no +5 \u00b0C l\u012bdz +25 \u00b0C.<\/p>\n<p>Der\u012bguma termi\u0146\u0161: 30 m\u0113ne\u0161i no izgatavo\u0161anas datuma.<\/p>\n","protected":false},"excerpt":{"rendered":"<p>Ar \u0161\u012b sviestu. Dermatolo\u0123iski p\u0101rbaud\u012bts. Lieto\u0161ana: ar viegl\u0101m mas\u0113jo\u0161\u0101m kust\u012bb\u0101m uzkl\u0101t uz t\u012bras sausas \u0101das. Piesardz\u012bbas pas\u0101kumi: iesp\u0113jama individu\u0101la jut\u012bba pret atsevi\u0161\u0137\u0101m sast\u0101vda\u013c\u0101m. Uzglab\u0101\u0161ana: no +5 \u00b0C l\u012bdz +25 \u00b0C. Der\u012bguma termi\u0146\u0161: 30 m\u0113ne\u0161i no izgatavo\u0161anas datuma.<\/p>\n","protected":false},"featured_media":102687,"template":"","meta":[],"product_cat":[1388],"product_tag":[],"class_list":{"0":"post-102683","1":"product","2":"type-product","3":"status-publish","4":"has-post-thumbnail","6":"product_brand-elfa_ua","7":"product_cat-kermena-kremi-pienini-sviesti","9":"first","10":"outofstock","11":"taxable","12":"shipping-taxable","13":"product-type-simple"},"_links":{"self":[{"href":"https:\/\/e.kosmolat.eu\/lv\/wp-json\/wp\/v2\/product\/102683","targetHints":{"allow":["GET"]}}],"collection":[{"href":"https:\/\/e.kosmolat.eu\/lv\/wp-json\/wp\/v2\/product"}],"about":[{"href":"https:\/\/e.kosmolat.eu\/lv\/wp-json\/wp\/v2\/types\/product"}],"wp:featuredmedia":[{"embeddable":true,"href":"https:\/\/e.kosmolat.eu\/lv\/wp-json\/wp\/v2\/media\/102687"}],"wp:attachment":[{"href":"https:\/\/e.kosmolat.eu\/lv\/wp-json\/wp\/v2\/media?parent=102683"}],"wp:term":[{"taxonomy":"product_cat","embeddable":true,"href":"https:\/\/e.kosmolat.eu\/lv\/wp-json\/wp\/v2\/product_cat?post=102683"},{"taxonomy":"product_tag","embeddable":true,"href":"https:\/\/e.kosmolat.eu\/lv\/wp-json\/wp\/v2\/product_tag?post=102683"}],"curies":[{"name":"wp","href":"https:\/\/api.w.org\/{rel}","templated":true}]}}