{"id":102595,"date":"2025-11-04T08:39:26","date_gmt":"2025-11-04T08:39:26","guid":{"rendered":"https:\/\/e.kosmolat.eu\/product\/fresh-juice-%d0%bcc%d1%81%d1%82-ae%d1%8f-%d1%82%d0%b5ea-papaya-royal-150-%d0%bce\/"},"modified":"2026-04-21T10:38:52","modified_gmt":"2026-04-21T10:38:52","slug":"fj-kermena-sprejs-karaliska-papaija-150-ml","status":"publish","type":"product","link":"https:\/\/e.kosmolat.eu\/lv\/product\/fj-kermena-sprejs-karaliska-papaija-150-ml\/","title":{"rendered":"FJ Kerme\u0146a sprejs Karalisk\u0101 papaija, 150 ml"},"content":{"rendered":"<p>Ar \u0161\u012b sviestu. Dermatolo\u0123iski p\u0101rbaud\u012bts.<\/p>\n<p>Lieto\u0161ana: izsmidzin\u0101t uz \u0101das no 15\u201320 cm att\u0101luma, turot flakonu vertik\u0101li.<\/p>\n<p>Piesardz\u012bbas pas\u0101kumi: iesp\u0113jama individu\u0101la jut\u012bba pret atsevi\u0161\u0137\u0101m sast\u0101vda\u013c\u0101m.<\/p>\n<p>Uzglab\u0101\u0161ana: no +5 \u00b0C l\u012bdz +25 \u00b0C.<\/p>\n<p>Der\u012bguma termi\u0146\u0161: 30 m\u0113ne\u0161i no izgatavo\u0161anas datuma.<\/p>\n","protected":false},"excerpt":{"rendered":"<p>Ar \u0161\u012b sviestu. Dermatolo\u0123iski p\u0101rbaud\u012bts. Lieto\u0161ana: izsmidzin\u0101t uz \u0101das no 15\u201320 cm att\u0101luma, turot flakonu vertik\u0101li. Piesardz\u012bbas pas\u0101kumi: iesp\u0113jama individu\u0101la jut\u012bba pret atsevi\u0161\u0137\u0101m sast\u0101vda\u013c\u0101m. Uzglab\u0101\u0161ana: no +5 \u00b0C l\u012bdz +25 \u00b0C. Der\u012bguma termi\u0146\u0161: 30 m\u0113ne\u0161i no izgatavo\u0161anas datuma.<\/p>\n","protected":false},"featured_media":102599,"template":"","meta":[],"product_cat":[1376],"product_tag":[],"class_list":{"0":"post-102595","1":"product","2":"type-product","3":"status-publish","4":"has-post-thumbnail","6":"product_brand-elfa_ua","7":"product_cat-kermena-spreji","9":"first","10":"instock","11":"taxable","12":"shipping-taxable","13":"product-type-simple"},"_links":{"self":[{"href":"https:\/\/e.kosmolat.eu\/lv\/wp-json\/wp\/v2\/product\/102595","targetHints":{"allow":["GET"]}}],"collection":[{"href":"https:\/\/e.kosmolat.eu\/lv\/wp-json\/wp\/v2\/product"}],"about":[{"href":"https:\/\/e.kosmolat.eu\/lv\/wp-json\/wp\/v2\/types\/product"}],"wp:featuredmedia":[{"embeddable":true,"href":"https:\/\/e.kosmolat.eu\/lv\/wp-json\/wp\/v2\/media\/102599"}],"wp:attachment":[{"href":"https:\/\/e.kosmolat.eu\/lv\/wp-json\/wp\/v2\/media?parent=102595"}],"wp:term":[{"taxonomy":"product_cat","embeddable":true,"href":"https:\/\/e.kosmolat.eu\/lv\/wp-json\/wp\/v2\/product_cat?post=102595"},{"taxonomy":"product_tag","embeddable":true,"href":"https:\/\/e.kosmolat.eu\/lv\/wp-json\/wp\/v2\/product_tag?post=102595"}],"curies":[{"name":"wp","href":"https:\/\/api.w.org\/{rel}","templated":true}]}}