{"id":102563,"date":"2025-11-03T13:56:26","date_gmt":"2025-11-03T13:56:26","guid":{"rendered":"https:\/\/e.kosmolat.eu\/product\/fresh-juice-eca%d0%ba%d0%be%d0%b5-%d0%bcue%d0%be-passion-fruit-tiare-460-%d0%bce\/"},"modified":"2026-04-20T11:55:09","modified_gmt":"2026-04-20T11:55:09","slug":"fj-skidr-ziepes-pasiflora-un-tiare-460-ml","status":"publish","type":"product","link":"https:\/\/e.kosmolat.eu\/lv\/product\/fj-skidr-ziepes-pasiflora-un-tiare-460-ml\/","title":{"rendered":"FJ \u0160\u0137idr. ziepes Pasiflora un tiare, 460 ml"},"content":{"rendered":"<p>Saudz\u012bgi att\u012bra \u0101du. Satur mitrino\u0161u makad\u0101mijas e\u013c\u013cu maigai kop\u0161anai. Dermatolo\u0123iski p\u0101rbaud\u012bts.<\/p>\n<p>Lieto\u0161ana: uzkl\u0101t uz mitras \u0101das, saputot un noskalot ar \u016bdeni.<\/p>\n<p>Piesardz\u012bbas pas\u0101kumi: iesp\u0113jama individu\u0101la jut\u012bba pret atsevi\u0161\u0137\u0101m sast\u0101vda\u013c\u0101m.<\/p>\n<p>Uzglab\u0101\u0161ana: no +5 \u00b0C l\u012bdz +25 \u00b0C.<\/p>\n<p>Der\u012bguma termi\u0146\u0161: 30 m\u0113ne\u0161i no izgatavo\u0161anas datuma.<\/p>\n","protected":false},"excerpt":{"rendered":"<p>Saudz\u012bgi att\u012bra \u0101du. Satur mitrino\u0161u makad\u0101mijas e\u013c\u013cu maigai kop\u0161anai. Dermatolo\u0123iski p\u0101rbaud\u012bts. Lieto\u0161ana: uzkl\u0101t uz mitras \u0101das, saputot un noskalot ar \u016bdeni. Piesardz\u012bbas pas\u0101kumi: iesp\u0113jama individu\u0101la jut\u012bba pret atsevi\u0161\u0137\u0101m sast\u0101vda\u013c\u0101m. Uzglab\u0101\u0161ana: no +5 \u00b0C l\u012bdz +25 \u00b0C. Der\u012bguma termi\u0146\u0161: 30 m\u0113ne\u0161i no izgatavo\u0161anas datuma.<\/p>\n","protected":false},"featured_media":102567,"template":"","meta":[],"product_cat":[1746],"product_tag":[],"class_list":{"0":"post-102563","1":"product","2":"type-product","3":"status-publish","4":"has-post-thumbnail","6":"product_brand-elfa_ua","7":"product_cat-skidras-ziepes","9":"first","10":"instock","11":"taxable","12":"shipping-taxable","13":"product-type-simple"},"_links":{"self":[{"href":"https:\/\/e.kosmolat.eu\/lv\/wp-json\/wp\/v2\/product\/102563","targetHints":{"allow":["GET"]}}],"collection":[{"href":"https:\/\/e.kosmolat.eu\/lv\/wp-json\/wp\/v2\/product"}],"about":[{"href":"https:\/\/e.kosmolat.eu\/lv\/wp-json\/wp\/v2\/types\/product"}],"wp:featuredmedia":[{"embeddable":true,"href":"https:\/\/e.kosmolat.eu\/lv\/wp-json\/wp\/v2\/media\/102567"}],"wp:attachment":[{"href":"https:\/\/e.kosmolat.eu\/lv\/wp-json\/wp\/v2\/media?parent=102563"}],"wp:term":[{"taxonomy":"product_cat","embeddable":true,"href":"https:\/\/e.kosmolat.eu\/lv\/wp-json\/wp\/v2\/product_cat?post=102563"},{"taxonomy":"product_tag","embeddable":true,"href":"https:\/\/e.kosmolat.eu\/lv\/wp-json\/wp\/v2\/product_tag?post=102563"}],"curies":[{"name":"wp","href":"https:\/\/api.w.org\/{rel}","templated":true}]}}